{"id":16025,"date":"2026-02-06T04:33:41","date_gmt":"2026-02-06T04:33:41","guid":{"rendered":"https:\/\/libreriaelprincipito.com\/?post_type=product&#038;p=16025"},"modified":"2026-02-12T20:05:49","modified_gmt":"2026-02-12T20:05:49","slug":"el-secreto-del-ratoncito-perez","status":"publish","type":"product","link":"https:\/\/libreriaelprincipito.com\/?product=el-secreto-del-ratoncito-perez","title":{"rendered":"El secreto del ratoncito P\u00e9rez"},"content":{"rendered":"<p>El ratoncito P\u00e9rez es un rat\u00f3n de campo, pero es un poco especial. Un d\u00eda, conoce a Juan, un ni\u00f1o que se siente muy triste porque se le ha ca\u00eddo un diente, y ese encuentro har\u00e1 que el ratoncito P\u00e9rez se convierta en el rat\u00f3n m\u00e1s conocido del mundo.<\/p>\n<p>&nbsp;<\/p>\n<p>DETALLES DEL PRODUCTO<\/p>\n<p>ISBN: 9788467798012<\/p>\n<p>P\u00e1ginas: 32<\/p>\n<p>Tama\u00f1o: 13,7 x 20,2<\/p>\n","protected":false},"excerpt":{"rendered":"<p>El ratoncito P\u00e9rez es un rat\u00f3n de campo, pero es un poco especial. Un d\u00eda, conoce a Juan, un ni\u00f1o que se siente muy triste porque se le ha ca\u00eddo un diente, y ese encuentro har\u00e1 que el ratoncito P\u00e9rez se convierta en el rat\u00f3n m\u00e1s conocido del mundo.<\/p>\n","protected":false},"featured_media":18411,"comment_status":"open","ping_status":"closed","template":"","meta":[],"product_brand":[],"product_cat":[74,75],"product_tag":[],"class_list":{"0":"post-16025","1":"product","2":"type-product","3":"status-publish","4":"has-post-thumbnail","6":"product_cat-infantil","7":"product_cat-literatura","9":"first","10":"instock","11":"shipping-taxable","12":"purchasable","13":"product-type-simple"},"jetpack_sharing_enabled":true,"_links":{"self":[{"href":"https:\/\/libreriaelprincipito.com\/index.php?rest_route=\/wp\/v2\/product\/16025","targetHints":{"allow":["GET"]}}],"collection":[{"href":"https:\/\/libreriaelprincipito.com\/index.php?rest_route=\/wp\/v2\/product"}],"about":[{"href":"https:\/\/libreriaelprincipito.com\/index.php?rest_route=\/wp\/v2\/types\/product"}],"replies":[{"embeddable":true,"href":"https:\/\/libreriaelprincipito.com\/index.php?rest_route=%2Fwp%2Fv2%2Fcomments&post=16025"}],"version-history":[{"count":1,"href":"https:\/\/libreriaelprincipito.com\/index.php?rest_route=\/wp\/v2\/product\/16025\/revisions"}],"predecessor-version":[{"id":16039,"href":"https:\/\/libreriaelprincipito.com\/index.php?rest_route=\/wp\/v2\/product\/16025\/revisions\/16039"}],"wp:featuredmedia":[{"embeddable":true,"href":"https:\/\/libreriaelprincipito.com\/index.php?rest_route=\/wp\/v2\/media\/18411"}],"wp:attachment":[{"href":"https:\/\/libreriaelprincipito.com\/index.php?rest_route=%2Fwp%2Fv2%2Fmedia&parent=16025"}],"wp:term":[{"taxonomy":"product_brand","embeddable":true,"href":"https:\/\/libreriaelprincipito.com\/index.php?rest_route=%2Fwp%2Fv2%2Fproduct_brand&post=16025"},{"taxonomy":"product_cat","embeddable":true,"href":"https:\/\/libreriaelprincipito.com\/index.php?rest_route=%2Fwp%2Fv2%2Fproduct_cat&post=16025"},{"taxonomy":"product_tag","embeddable":true,"href":"https:\/\/libreriaelprincipito.com\/index.php?rest_route=%2Fwp%2Fv2%2Fproduct_tag&post=16025"}],"curies":[{"name":"wp","href":"https:\/\/api.w.org\/{rel}","templated":true}]}}