{"id":16026,"date":"2026-02-06T04:33:41","date_gmt":"2026-02-06T04:33:41","guid":{"rendered":"https:\/\/libreriaelprincipito.com\/?post_type=product&#038;p=16026"},"modified":"2026-02-12T20:04:10","modified_gmt":"2026-02-12T20:04:10","slug":"el-dragon-bombero","status":"publish","type":"product","link":"https:\/\/libreriaelprincipito.com\/?product=el-dragon-bombero","title":{"rendered":"El drag\u00f3n bombero"},"content":{"rendered":"<p>Mam\u00e1 dragona ha tenido tres dragoncitos, dos verdes, como ella, y uno muy distinto a todos: un peque\u00f1o drag\u00f3n rojo que no consigue escupir fuego ni tampoco vuela demasiado bien&#8230; \u00bfPor qu\u00e9 es todo tan dif\u00edcil? Un d\u00eda, hay un gran incendio en el bosque, y entonces descubre qu\u00e9 es lo que se le da realmente bien. \u00bfQuieres averiguarlo?<\/p>\n<p>&nbsp;<\/p>\n<p>DETALLES DEL PRODUCTO<\/p>\n<p>ISBN: 9788467799163<\/p>\n<p>P\u00e1ginas: 32<\/p>\n<p>Tama\u00f1o: 13,7 x 20,2<\/p>\n","protected":false},"excerpt":{"rendered":"<p>Mam\u00e1 dragona ha tenido tres dragoncitos, dos verdes, como ella, y uno muy distinto a todos: un peque\u00f1o drag\u00f3n rojo que no consigue escupir fuego ni tampoco vuela demasiado bien&#8230; \u00bfPor qu\u00e9 es todo tan dif\u00edcil? Un d\u00eda, hay un gran incendio en el bosque, y entonces descubre qu\u00e9 es lo que se le da realmente bien. \u00bfQuieres averiguarlo?<\/p>\n","protected":false},"featured_media":18410,"comment_status":"open","ping_status":"closed","template":"","meta":[],"product_brand":[],"product_cat":[74,75],"product_tag":[],"class_list":{"0":"post-16026","1":"product","2":"type-product","3":"status-publish","4":"has-post-thumbnail","6":"product_cat-infantil","7":"product_cat-literatura","9":"first","10":"instock","11":"shipping-taxable","12":"purchasable","13":"product-type-simple"},"jetpack_sharing_enabled":true,"_links":{"self":[{"href":"https:\/\/libreriaelprincipito.com\/index.php?rest_route=\/wp\/v2\/product\/16026","targetHints":{"allow":["GET"]}}],"collection":[{"href":"https:\/\/libreriaelprincipito.com\/index.php?rest_route=\/wp\/v2\/product"}],"about":[{"href":"https:\/\/libreriaelprincipito.com\/index.php?rest_route=\/wp\/v2\/types\/product"}],"replies":[{"embeddable":true,"href":"https:\/\/libreriaelprincipito.com\/index.php?rest_route=%2Fwp%2Fv2%2Fcomments&post=16026"}],"version-history":[{"count":1,"href":"https:\/\/libreriaelprincipito.com\/index.php?rest_route=\/wp\/v2\/product\/16026\/revisions"}],"predecessor-version":[{"id":16041,"href":"https:\/\/libreriaelprincipito.com\/index.php?rest_route=\/wp\/v2\/product\/16026\/revisions\/16041"}],"wp:featuredmedia":[{"embeddable":true,"href":"https:\/\/libreriaelprincipito.com\/index.php?rest_route=\/wp\/v2\/media\/18410"}],"wp:attachment":[{"href":"https:\/\/libreriaelprincipito.com\/index.php?rest_route=%2Fwp%2Fv2%2Fmedia&parent=16026"}],"wp:term":[{"taxonomy":"product_brand","embeddable":true,"href":"https:\/\/libreriaelprincipito.com\/index.php?rest_route=%2Fwp%2Fv2%2Fproduct_brand&post=16026"},{"taxonomy":"product_cat","embeddable":true,"href":"https:\/\/libreriaelprincipito.com\/index.php?rest_route=%2Fwp%2Fv2%2Fproduct_cat&post=16026"},{"taxonomy":"product_tag","embeddable":true,"href":"https:\/\/libreriaelprincipito.com\/index.php?rest_route=%2Fwp%2Fv2%2Fproduct_tag&post=16026"}],"curies":[{"name":"wp","href":"https:\/\/api.w.org\/{rel}","templated":true}]}}