{"id":16027,"date":"2026-02-06T04:33:41","date_gmt":"2026-02-06T04:33:41","guid":{"rendered":"https:\/\/libreriaelprincipito.com\/?post_type=product&#038;p=16027"},"modified":"2026-02-12T20:01:32","modified_gmt":"2026-02-12T20:01:32","slug":"el-soldadito-de-plomo","status":"publish","type":"product","link":"https:\/\/libreriaelprincipito.com\/?product=el-soldadito-de-plomo","title":{"rendered":"El soldadito de plomo"},"content":{"rendered":"<p>A Pablo le regala su abuelo una caja de soldaditos de plomo, y a uno le falta una pierna. Al peque\u00f1o soldado le gusta hacer guardia frente a la bailarina de la caja de m\u00fasica. Un d\u00eda, otro juguete celoso lanza al soldado por la ventana. \u00a1Cu\u00e1ntas aventuras vive el valiente juguete hasta regresar de la forma m\u00e1s inesperada! Una bonita adaptaci\u00f3n para los m\u00e1s peque\u00f1os de este conocido cuento de Hans Christian Andersen.<\/p>\n<p>&nbsp;<\/p>\n<p>DETALLES DEL PRODUCTO<\/p>\n<p>ISBN: 9788467799354<\/p>\n<p>P\u00e1ginas: 32<\/p>\n<p>Tama\u00f1o: 13,7 x 20,2<\/p>\n","protected":false},"excerpt":{"rendered":"<p>A Pablo le regala su abuelo una caja de soldaditos de plomo, y a uno le falta una pierna. Al peque\u00f1o soldado le gusta hacer guardia frente a la bailarina de la caja de m\u00fasica. Un d\u00eda, otro juguete celoso lanza al soldado por la ventana. \u00a1Cu\u00e1ntas aventuras vive el valiente juguete hasta regresar de la forma m\u00e1s inesperada! Una bonita adaptaci\u00f3n para los m\u00e1s peque\u00f1os de este conocido cuento de Hans Christian Andersen.<\/p>\n","protected":false},"featured_media":18409,"comment_status":"open","ping_status":"closed","template":"","meta":[],"product_brand":[],"product_cat":[74,75],"product_tag":[],"class_list":{"0":"post-16027","1":"product","2":"type-product","3":"status-publish","4":"has-post-thumbnail","6":"product_cat-infantil","7":"product_cat-literatura","9":"first","10":"instock","11":"shipping-taxable","12":"purchasable","13":"product-type-simple"},"jetpack_sharing_enabled":true,"_links":{"self":[{"href":"https:\/\/libreriaelprincipito.com\/index.php?rest_route=\/wp\/v2\/product\/16027","targetHints":{"allow":["GET"]}}],"collection":[{"href":"https:\/\/libreriaelprincipito.com\/index.php?rest_route=\/wp\/v2\/product"}],"about":[{"href":"https:\/\/libreriaelprincipito.com\/index.php?rest_route=\/wp\/v2\/types\/product"}],"replies":[{"embeddable":true,"href":"https:\/\/libreriaelprincipito.com\/index.php?rest_route=%2Fwp%2Fv2%2Fcomments&post=16027"}],"version-history":[{"count":1,"href":"https:\/\/libreriaelprincipito.com\/index.php?rest_route=\/wp\/v2\/product\/16027\/revisions"}],"predecessor-version":[{"id":16043,"href":"https:\/\/libreriaelprincipito.com\/index.php?rest_route=\/wp\/v2\/product\/16027\/revisions\/16043"}],"wp:featuredmedia":[{"embeddable":true,"href":"https:\/\/libreriaelprincipito.com\/index.php?rest_route=\/wp\/v2\/media\/18409"}],"wp:attachment":[{"href":"https:\/\/libreriaelprincipito.com\/index.php?rest_route=%2Fwp%2Fv2%2Fmedia&parent=16027"}],"wp:term":[{"taxonomy":"product_brand","embeddable":true,"href":"https:\/\/libreriaelprincipito.com\/index.php?rest_route=%2Fwp%2Fv2%2Fproduct_brand&post=16027"},{"taxonomy":"product_cat","embeddable":true,"href":"https:\/\/libreriaelprincipito.com\/index.php?rest_route=%2Fwp%2Fv2%2Fproduct_cat&post=16027"},{"taxonomy":"product_tag","embeddable":true,"href":"https:\/\/libreriaelprincipito.com\/index.php?rest_route=%2Fwp%2Fv2%2Fproduct_tag&post=16027"}],"curies":[{"name":"wp","href":"https:\/\/api.w.org\/{rel}","templated":true}]}}