{"id":16028,"date":"2026-02-06T04:33:41","date_gmt":"2026-02-06T04:33:41","guid":{"rendered":"https:\/\/libreriaelprincipito.com\/?post_type=product&#038;p=16028"},"modified":"2026-02-12T19:56:56","modified_gmt":"2026-02-12T19:56:56","slug":"el-circo-de-los-unicornios","status":"publish","type":"product","link":"https:\/\/libreriaelprincipito.com\/?product=el-circo-de-los-unicornios","title":{"rendered":"El circo de los unicornios"},"content":{"rendered":"<p>El colegio ha terminado y comienzan las vacaciones de verano. Los animales est\u00e1n muy contentos, incluido Flo, el unicornio azul, hasta que se da cuenta de que muchos de sus amigos se van de viaje. \u00bfY qu\u00e9 pasa con los que se quedan? Desc\u00fabrelo en este libro lleno de ritmo y alegr\u00eda.<\/p>\n<p>&nbsp;<\/p>\n<p>DETALLES DEL PRODUCTO<\/p>\n<p>ISBN: 9788467799880<\/p>\n<p>P\u00e1ginas: 32<\/p>\n<p>Tama\u00f1o: 13,7 x 20,2<\/p>\n","protected":false},"excerpt":{"rendered":"<p>El colegio ha terminado y comienzan las vacaciones de verano. Los animales est\u00e1n muy contentos, incluido Flo, el unicornio azul, hasta que se da cuenta de que muchos de sus amigos se van de viaje. \u00bfY qu\u00e9 pasa con los que se quedan? Desc\u00fabrelo en este libro lleno de ritmo y alegr\u00eda.<\/p>\n","protected":false},"featured_media":18408,"comment_status":"open","ping_status":"closed","template":"","meta":[],"product_brand":[],"product_cat":[74,75],"product_tag":[],"class_list":{"0":"post-16028","1":"product","2":"type-product","3":"status-publish","4":"has-post-thumbnail","6":"product_cat-infantil","7":"product_cat-literatura","9":"first","10":"instock","11":"shipping-taxable","12":"purchasable","13":"product-type-simple"},"jetpack_sharing_enabled":true,"_links":{"self":[{"href":"https:\/\/libreriaelprincipito.com\/index.php?rest_route=\/wp\/v2\/product\/16028","targetHints":{"allow":["GET"]}}],"collection":[{"href":"https:\/\/libreriaelprincipito.com\/index.php?rest_route=\/wp\/v2\/product"}],"about":[{"href":"https:\/\/libreriaelprincipito.com\/index.php?rest_route=\/wp\/v2\/types\/product"}],"replies":[{"embeddable":true,"href":"https:\/\/libreriaelprincipito.com\/index.php?rest_route=%2Fwp%2Fv2%2Fcomments&post=16028"}],"version-history":[{"count":1,"href":"https:\/\/libreriaelprincipito.com\/index.php?rest_route=\/wp\/v2\/product\/16028\/revisions"}],"predecessor-version":[{"id":16045,"href":"https:\/\/libreriaelprincipito.com\/index.php?rest_route=\/wp\/v2\/product\/16028\/revisions\/16045"}],"wp:featuredmedia":[{"embeddable":true,"href":"https:\/\/libreriaelprincipito.com\/index.php?rest_route=\/wp\/v2\/media\/18408"}],"wp:attachment":[{"href":"https:\/\/libreriaelprincipito.com\/index.php?rest_route=%2Fwp%2Fv2%2Fmedia&parent=16028"}],"wp:term":[{"taxonomy":"product_brand","embeddable":true,"href":"https:\/\/libreriaelprincipito.com\/index.php?rest_route=%2Fwp%2Fv2%2Fproduct_brand&post=16028"},{"taxonomy":"product_cat","embeddable":true,"href":"https:\/\/libreriaelprincipito.com\/index.php?rest_route=%2Fwp%2Fv2%2Fproduct_cat&post=16028"},{"taxonomy":"product_tag","embeddable":true,"href":"https:\/\/libreriaelprincipito.com\/index.php?rest_route=%2Fwp%2Fv2%2Fproduct_tag&post=16028"}],"curies":[{"name":"wp","href":"https:\/\/api.w.org\/{rel}","templated":true}]}}