{"id":16029,"date":"2026-02-06T04:33:41","date_gmt":"2026-02-06T04:33:41","guid":{"rendered":"https:\/\/libreriaelprincipito.com\/?post_type=product&#038;p=16029"},"modified":"2026-02-12T19:52:49","modified_gmt":"2026-02-12T19:52:49","slug":"lola-y-su-poni-historia-de-una-amistad","status":"publish","type":"product","link":"https:\/\/libreriaelprincipito.com\/?product=lola-y-su-poni-historia-de-una-amistad","title":{"rendered":"Lola y su poni. Historia de una amistad"},"content":{"rendered":"<p>Roco, el peque\u00f1o poni, vive en una granja con caballos y su gran amiga Lola, la ni\u00f1a que lo ciuda y con quien sale a diario a dar grandes paseos. Un d\u00eda, Roco ve una manada de ponis salvajes y decide cambiar de vida. Abre las p\u00e1ginas de este libro y disfruta de un bonito cuento sobre la amistad.<\/p>\n<p>&nbsp;<\/p>\n<p>DETALLES DEL PRODUCTO<\/p>\n<p>ISBN: 9788467799897<\/p>\n<p>P\u00e1ginas: 32<\/p>\n<p>Tama\u00f1o: 13,7 x 20,2<\/p>\n","protected":false},"excerpt":{"rendered":"<p>Roco, el peque\u00f1o poni, vive en una granja con caballos y su gran amiga Lola, la ni\u00f1a que lo ciuda y con quien sale a diario a dar grandes paseos. Un d\u00eda, Roco ve una manada de ponis salvajes y decide cambiar de vida. Abre las p\u00e1ginas de este libro y disfruta de un bonito cuento sobre la amistad.<\/p>\n","protected":false},"featured_media":18407,"comment_status":"open","ping_status":"closed","template":"","meta":[],"product_brand":[],"product_cat":[74,75],"product_tag":[],"class_list":{"0":"post-16029","1":"product","2":"type-product","3":"status-publish","4":"has-post-thumbnail","6":"product_cat-infantil","7":"product_cat-literatura","9":"first","10":"instock","11":"shipping-taxable","12":"purchasable","13":"product-type-simple"},"jetpack_sharing_enabled":true,"_links":{"self":[{"href":"https:\/\/libreriaelprincipito.com\/index.php?rest_route=\/wp\/v2\/product\/16029","targetHints":{"allow":["GET"]}}],"collection":[{"href":"https:\/\/libreriaelprincipito.com\/index.php?rest_route=\/wp\/v2\/product"}],"about":[{"href":"https:\/\/libreriaelprincipito.com\/index.php?rest_route=\/wp\/v2\/types\/product"}],"replies":[{"embeddable":true,"href":"https:\/\/libreriaelprincipito.com\/index.php?rest_route=%2Fwp%2Fv2%2Fcomments&post=16029"}],"version-history":[{"count":1,"href":"https:\/\/libreriaelprincipito.com\/index.php?rest_route=\/wp\/v2\/product\/16029\/revisions"}],"predecessor-version":[{"id":16047,"href":"https:\/\/libreriaelprincipito.com\/index.php?rest_route=\/wp\/v2\/product\/16029\/revisions\/16047"}],"wp:featuredmedia":[{"embeddable":true,"href":"https:\/\/libreriaelprincipito.com\/index.php?rest_route=\/wp\/v2\/media\/18407"}],"wp:attachment":[{"href":"https:\/\/libreriaelprincipito.com\/index.php?rest_route=%2Fwp%2Fv2%2Fmedia&parent=16029"}],"wp:term":[{"taxonomy":"product_brand","embeddable":true,"href":"https:\/\/libreriaelprincipito.com\/index.php?rest_route=%2Fwp%2Fv2%2Fproduct_brand&post=16029"},{"taxonomy":"product_cat","embeddable":true,"href":"https:\/\/libreriaelprincipito.com\/index.php?rest_route=%2Fwp%2Fv2%2Fproduct_cat&post=16029"},{"taxonomy":"product_tag","embeddable":true,"href":"https:\/\/libreriaelprincipito.com\/index.php?rest_route=%2Fwp%2Fv2%2Fproduct_tag&post=16029"}],"curies":[{"name":"wp","href":"https:\/\/api.w.org\/{rel}","templated":true}]}}