{"id":16030,"date":"2026-02-06T04:33:41","date_gmt":"2026-02-06T04:33:41","guid":{"rendered":"https:\/\/libreriaelprincipito.com\/?post_type=product&#038;p=16030"},"modified":"2026-02-20T22:13:59","modified_gmt":"2026-02-20T22:13:59","slug":"ali-baba-y-los-40-ladrones","status":"publish","type":"product","link":"https:\/\/libreriaelprincipito.com\/?product=ali-baba-y-los-40-ladrones","title":{"rendered":"Al\u00ed Bab\u00e1 y Los 40 Ladrones"},"content":{"rendered":"<p>Al\u00ed Bab\u00e1, hijo del Califa de Bagdad, es criado y protegido por 40 ladrones tras la muerte de su padre a manos de los soldados de Hugalu Khan, un malvado que obtuvo la ayuda del traidor Cassim. Con el tiempo Al\u00ed se convierte en el l\u00edder de la banda de ladrones, decidido a luchar por la liberaci\u00f3n de su pa\u00eds.<\/p>\n<p>&nbsp;<\/p>\n<p>DETALLES DEL PRODUCTO<\/p>\n<p>ISBN:<\/p>\n<p>P\u00e1ginas: 72<\/p>\n<p>Tama\u00f1o: 15,5 x 23<\/p>\n","protected":false},"excerpt":{"rendered":"<p>Al\u00ed Bab\u00e1, hijo del Califa de Bagdad, es criado y protegido por 40 ladrones tras la muerte de su padre a manos de los soldados de Hugalu Khan, un malvado que obtuvo la ayuda del traidor Cassim. Con el tiempo Al\u00ed se convierte en el l\u00edder de la banda de ladrones, decidido a luchar por la liberaci\u00f3n de su pa\u00eds.<\/p>\n","protected":false},"featured_media":18985,"comment_status":"open","ping_status":"closed","template":"","meta":[],"product_brand":[],"product_cat":[77],"product_tag":[],"class_list":{"0":"post-16030","1":"product","2":"type-product","3":"status-publish","4":"has-post-thumbnail","6":"product_cat-novela-grafica","8":"first","9":"instock","10":"shipping-taxable","11":"purchasable","12":"product-type-simple"},"jetpack_sharing_enabled":true,"_links":{"self":[{"href":"https:\/\/libreriaelprincipito.com\/index.php?rest_route=\/wp\/v2\/product\/16030","targetHints":{"allow":["GET"]}}],"collection":[{"href":"https:\/\/libreriaelprincipito.com\/index.php?rest_route=\/wp\/v2\/product"}],"about":[{"href":"https:\/\/libreriaelprincipito.com\/index.php?rest_route=\/wp\/v2\/types\/product"}],"replies":[{"embeddable":true,"href":"https:\/\/libreriaelprincipito.com\/index.php?rest_route=%2Fwp%2Fv2%2Fcomments&post=16030"}],"version-history":[{"count":1,"href":"https:\/\/libreriaelprincipito.com\/index.php?rest_route=\/wp\/v2\/product\/16030\/revisions"}],"predecessor-version":[{"id":16049,"href":"https:\/\/libreriaelprincipito.com\/index.php?rest_route=\/wp\/v2\/product\/16030\/revisions\/16049"}],"wp:featuredmedia":[{"embeddable":true,"href":"https:\/\/libreriaelprincipito.com\/index.php?rest_route=\/wp\/v2\/media\/18985"}],"wp:attachment":[{"href":"https:\/\/libreriaelprincipito.com\/index.php?rest_route=%2Fwp%2Fv2%2Fmedia&parent=16030"}],"wp:term":[{"taxonomy":"product_brand","embeddable":true,"href":"https:\/\/libreriaelprincipito.com\/index.php?rest_route=%2Fwp%2Fv2%2Fproduct_brand&post=16030"},{"taxonomy":"product_cat","embeddable":true,"href":"https:\/\/libreriaelprincipito.com\/index.php?rest_route=%2Fwp%2Fv2%2Fproduct_cat&post=16030"},{"taxonomy":"product_tag","embeddable":true,"href":"https:\/\/libreriaelprincipito.com\/index.php?rest_route=%2Fwp%2Fv2%2Fproduct_tag&post=16030"}],"curies":[{"name":"wp","href":"https:\/\/api.w.org\/{rel}","templated":true}]}}