{"id":16032,"date":"2026-02-06T04:33:41","date_gmt":"2026-02-06T04:33:41","guid":{"rendered":"https:\/\/libreriaelprincipito.com\/?post_type=product&#038;p=16032"},"modified":"2026-03-06T15:23:21","modified_gmt":"2026-03-06T15:23:21","slug":"el-jorobado-de-notre-dame","status":"publish","type":"product","link":"https:\/\/libreriaelprincipito.com\/?product=el-jorobado-de-notre-dame","title":{"rendered":"El Jorobado de Notre Dame"},"content":{"rendered":"<p>En lo alto de la catedral de Notre Dame, oculto de las miradas de todos los ciudadanos de Par\u00eds, vive Quasimodo. Su tutor, el juez Frollo, no le permite que baje del campanario. Quasimodo pasa sus d\u00edas acompa\u00f1ado de sus tres amigas g\u00e1rgolas de piedra, Victor, Hugo y Laverne, observando el bullicio de las calles de Par\u00eds. Un d\u00eda decide salir de la catedral a escondidas y conoce a la bella gitana Esmeralda, con la que vivir\u00e1 su mayor aventura.<\/p>\n<p>&nbsp;<\/p>\n<p>DETALLES DEL PRODUCTO<\/p>\n<p>ISBN:<\/p>\n<p>P\u00e1ginas: 72<\/p>\n<p>Tama\u00f1o: 15,5 x 23<\/p>\n","protected":false},"excerpt":{"rendered":"<p>En lo alto de la catedral de Notre Dame, oculto de las miradas de todos los ciudadanos de Par\u00eds, vive Quasimodo. Su tutor, el juez Frollo, no le permite que baje del campanario. Quasimodo pasa sus d\u00edas acompa\u00f1ado de sus tres amigas g\u00e1rgolas de piedra, Victor, Hugo y Laverne, observando el bullicio de las calles de Par\u00eds. Un d\u00eda decide salir de la catedral a escondidas y conoce a la bella gitana Esmeralda, con la que vivir\u00e1 su mayor aventura.<\/p>\n","protected":false},"featured_media":19147,"comment_status":"open","ping_status":"closed","template":"","meta":[],"product_brand":[],"product_cat":[77],"product_tag":[],"class_list":{"0":"post-16032","1":"product","2":"type-product","3":"status-publish","4":"has-post-thumbnail","6":"product_cat-novela-grafica","8":"first","9":"instock","10":"shipping-taxable","11":"purchasable","12":"product-type-simple"},"jetpack_sharing_enabled":true,"_links":{"self":[{"href":"https:\/\/libreriaelprincipito.com\/index.php?rest_route=\/wp\/v2\/product\/16032","targetHints":{"allow":["GET"]}}],"collection":[{"href":"https:\/\/libreriaelprincipito.com\/index.php?rest_route=\/wp\/v2\/product"}],"about":[{"href":"https:\/\/libreriaelprincipito.com\/index.php?rest_route=\/wp\/v2\/types\/product"}],"replies":[{"embeddable":true,"href":"https:\/\/libreriaelprincipito.com\/index.php?rest_route=%2Fwp%2Fv2%2Fcomments&post=16032"}],"version-history":[{"count":2,"href":"https:\/\/libreriaelprincipito.com\/index.php?rest_route=\/wp\/v2\/product\/16032\/revisions"}],"predecessor-version":[{"id":18405,"href":"https:\/\/libreriaelprincipito.com\/index.php?rest_route=\/wp\/v2\/product\/16032\/revisions\/18405"}],"wp:featuredmedia":[{"embeddable":true,"href":"https:\/\/libreriaelprincipito.com\/index.php?rest_route=\/wp\/v2\/media\/19147"}],"wp:attachment":[{"href":"https:\/\/libreriaelprincipito.com\/index.php?rest_route=%2Fwp%2Fv2%2Fmedia&parent=16032"}],"wp:term":[{"taxonomy":"product_brand","embeddable":true,"href":"https:\/\/libreriaelprincipito.com\/index.php?rest_route=%2Fwp%2Fv2%2Fproduct_brand&post=16032"},{"taxonomy":"product_cat","embeddable":true,"href":"https:\/\/libreriaelprincipito.com\/index.php?rest_route=%2Fwp%2Fv2%2Fproduct_cat&post=16032"},{"taxonomy":"product_tag","embeddable":true,"href":"https:\/\/libreriaelprincipito.com\/index.php?rest_route=%2Fwp%2Fv2%2Fproduct_tag&post=16032"}],"curies":[{"name":"wp","href":"https:\/\/api.w.org\/{rel}","templated":true}]}}