{"id":16033,"date":"2026-02-06T04:33:41","date_gmt":"2026-02-06T04:33:41","guid":{"rendered":"https:\/\/libreriaelprincipito.com\/?post_type=product&#038;p=16033"},"modified":"2026-02-12T20:54:48","modified_gmt":"2026-02-12T20:54:48","slug":"peter-pan","status":"publish","type":"product","link":"https:\/\/libreriaelprincipito.com\/?product=peter-pan","title":{"rendered":"Peter Pan"},"content":{"rendered":"<p>Peter Pan es un ni\u00f1o especial. Puede volar, nunca crece y viene de una isla m\u00e1gica, conocida como el Pa\u00eds de Nunca Jam\u00e1s. Por eso, cuando Peter aparece en la casa de los Darling, Wendy y sus hermanos est\u00e1n ansiosos por seguirlo hacia la aventura de sus vidas. Pero los Darling se encuentran a s\u00ed mismos atrapados en medio de una batalla entre la banda de hu\u00e9rfanos de Peter, los Ni\u00f1os Perdidos, y un grupo de piratas liderados por el traicionero Capit\u00e1n Garfio. \u00bfPodr\u00e1 Peter proteger a los Darling mientras gu\u00eda a los Ni\u00f1os Perdidos a la victoria? \u00bfO el Capit\u00e1n Garfio har\u00e1 a Peter caminar por la plancha?<\/p>\n<p>&nbsp;<\/p>\n<p>DETALLES DEL PRODUCTO<\/p>\n<p>ISBN:<\/p>\n<p>P\u00e1ginas: 72<\/p>\n<p>Tama\u00f1o: 15,5 x 23<\/p>\n","protected":false},"excerpt":{"rendered":"<p>Peter Pan es un ni\u00f1o especial. Puede volar, nunca crece y viene de una isla m\u00e1gica, conocida como el Pa\u00eds de Nunca Jam\u00e1s. Por eso, cuando Peter aparece en la casa de los Darling, Wendy y sus hermanos est\u00e1n ansiosos por seguirlo hacia la aventura de sus vidas. Pero los Darling se encuentran a s\u00ed mismos atrapados en medio de una batalla entre la banda de hu\u00e9rfanos de Peter, los Ni\u00f1os Perdidos, y un grupo de piratas liderados por el traicionero Capit\u00e1n Garfio. \u00bfPodr\u00e1 Peter proteger a los Darling mientras gu\u00eda a los Ni\u00f1os Perdidos a la victoria? \u00bfO el Capit\u00e1n Garfio har\u00e1 a Peter caminar por la plancha?<\/p>\n","protected":false},"featured_media":18418,"comment_status":"open","ping_status":"closed","template":"","meta":[],"product_brand":[],"product_cat":[77],"product_tag":[],"class_list":{"0":"post-16033","1":"product","2":"type-product","3":"status-publish","4":"has-post-thumbnail","6":"product_cat-novela-grafica","8":"first","9":"instock","10":"shipping-taxable","11":"purchasable","12":"product-type-simple"},"jetpack_sharing_enabled":true,"_links":{"self":[{"href":"https:\/\/libreriaelprincipito.com\/index.php?rest_route=\/wp\/v2\/product\/16033","targetHints":{"allow":["GET"]}}],"collection":[{"href":"https:\/\/libreriaelprincipito.com\/index.php?rest_route=\/wp\/v2\/product"}],"about":[{"href":"https:\/\/libreriaelprincipito.com\/index.php?rest_route=\/wp\/v2\/types\/product"}],"replies":[{"embeddable":true,"href":"https:\/\/libreriaelprincipito.com\/index.php?rest_route=%2Fwp%2Fv2%2Fcomments&post=16033"}],"version-history":[{"count":1,"href":"https:\/\/libreriaelprincipito.com\/index.php?rest_route=\/wp\/v2\/product\/16033\/revisions"}],"predecessor-version":[{"id":16055,"href":"https:\/\/libreriaelprincipito.com\/index.php?rest_route=\/wp\/v2\/product\/16033\/revisions\/16055"}],"wp:featuredmedia":[{"embeddable":true,"href":"https:\/\/libreriaelprincipito.com\/index.php?rest_route=\/wp\/v2\/media\/18418"}],"wp:attachment":[{"href":"https:\/\/libreriaelprincipito.com\/index.php?rest_route=%2Fwp%2Fv2%2Fmedia&parent=16033"}],"wp:term":[{"taxonomy":"product_brand","embeddable":true,"href":"https:\/\/libreriaelprincipito.com\/index.php?rest_route=%2Fwp%2Fv2%2Fproduct_brand&post=16033"},{"taxonomy":"product_cat","embeddable":true,"href":"https:\/\/libreriaelprincipito.com\/index.php?rest_route=%2Fwp%2Fv2%2Fproduct_cat&post=16033"},{"taxonomy":"product_tag","embeddable":true,"href":"https:\/\/libreriaelprincipito.com\/index.php?rest_route=%2Fwp%2Fv2%2Fproduct_tag&post=16033"}],"curies":[{"name":"wp","href":"https:\/\/api.w.org\/{rel}","templated":true}]}}