{"id":16065,"date":"2026-02-06T04:33:50","date_gmt":"2026-02-06T04:33:50","guid":{"rendered":"https:\/\/libreriaelprincipito.com\/?post_type=product&#038;p=16065"},"modified":"2026-03-06T15:53:04","modified_gmt":"2026-03-06T15:53:04","slug":"i-love-english-activity-book-e","status":"publish","type":"product","link":"https:\/\/libreriaelprincipito.com\/?product=i-love-english-activity-book-e","title":{"rendered":"I Love English Activity Book E"},"content":{"rendered":"<p>Es un libro de apoyo para profesores, padres y tutores para ense\u00f1ar ingl\u00e9s.<\/p>\n<p>Grado: CUARTO<br \/>\nAudiencia estudiantil: Para estudiantes de PRE-KINDER a 6to grado y superiores.<br \/>\nEquivalencia MCER: Este libro tiene una equivalencia de PRE-B1, que indica un nivel intermedio entre A2 y B1 en el Marco Com\u00fan Europeo de Referencia. Los estudiantes est\u00e1n avanzando hacia un nivel m\u00e1s competente en ingl\u00e9s.<br \/>\nVocabulario activo: El libro se centra en la ense\u00f1anza de un vocabulario activo de 1000 a 1200 palabras.<\/p>\n<p>&nbsp;<\/p>\n<p>DETALLES DEL PRODUCTO<\/p>\n<p>ISBN: 9781959629016<\/p>\n<p>P\u00e1ginas: 100<\/p>\n<p>Tama\u00f1o: 21.5&#215;28 cm<\/p>\n","protected":false},"excerpt":{"rendered":"<p>Es un libro de apoyo para profesores, padres y tutores para ense\u00f1ar ingl\u00e9s.<\/p>\n<p>Grado: CUARTO<br \/>\nAudiencia estudiantil: Para estudiantes de PRE-KINDER a 6to grado y superiores.<br \/>\nEquivalencia MCER: Este libro tiene una equivalencia de PRE-B1, que indica un nivel intermedio entre A2 y B1 en el Marco Com\u00fan Europeo de Referencia. Los estudiantes est\u00e1n avanzando hacia un nivel m\u00e1s competente en ingl\u00e9s.<br \/>\nVocabulario activo: El libro se centra en la ense\u00f1anza de un vocabulario activo de 1000 a 1200 palabras.<\/p>\n","protected":false},"featured_media":19150,"comment_status":"open","ping_status":"closed","template":"","meta":[],"product_brand":[],"product_cat":[78,79,127,75],"product_tag":[],"class_list":{"0":"post-16065","1":"product","2":"type-product","3":"status-publish","4":"has-post-thumbnail","6":"product_cat-bilingues","7":"product_cat-i-love-english","8":"product_cat-textos-escolares","9":"product_cat-literatura","11":"first","12":"instock","13":"shipping-taxable","14":"purchasable","15":"product-type-simple"},"jetpack_sharing_enabled":true,"_links":{"self":[{"href":"https:\/\/libreriaelprincipito.com\/index.php?rest_route=\/wp\/v2\/product\/16065","targetHints":{"allow":["GET"]}}],"collection":[{"href":"https:\/\/libreriaelprincipito.com\/index.php?rest_route=\/wp\/v2\/product"}],"about":[{"href":"https:\/\/libreriaelprincipito.com\/index.php?rest_route=\/wp\/v2\/types\/product"}],"replies":[{"embeddable":true,"href":"https:\/\/libreriaelprincipito.com\/index.php?rest_route=%2Fwp%2Fv2%2Fcomments&post=16065"}],"version-history":[{"count":1,"href":"https:\/\/libreriaelprincipito.com\/index.php?rest_route=\/wp\/v2\/product\/16065\/revisions"}],"predecessor-version":[{"id":16097,"href":"https:\/\/libreriaelprincipito.com\/index.php?rest_route=\/wp\/v2\/product\/16065\/revisions\/16097"}],"wp:featuredmedia":[{"embeddable":true,"href":"https:\/\/libreriaelprincipito.com\/index.php?rest_route=\/wp\/v2\/media\/19150"}],"wp:attachment":[{"href":"https:\/\/libreriaelprincipito.com\/index.php?rest_route=%2Fwp%2Fv2%2Fmedia&parent=16065"}],"wp:term":[{"taxonomy":"product_brand","embeddable":true,"href":"https:\/\/libreriaelprincipito.com\/index.php?rest_route=%2Fwp%2Fv2%2Fproduct_brand&post=16065"},{"taxonomy":"product_cat","embeddable":true,"href":"https:\/\/libreriaelprincipito.com\/index.php?rest_route=%2Fwp%2Fv2%2Fproduct_cat&post=16065"},{"taxonomy":"product_tag","embeddable":true,"href":"https:\/\/libreriaelprincipito.com\/index.php?rest_route=%2Fwp%2Fv2%2Fproduct_tag&post=16065"}],"curies":[{"name":"wp","href":"https:\/\/api.w.org\/{rel}","templated":true}]}}