{"id":16066,"date":"2026-02-06T04:33:51","date_gmt":"2026-02-06T04:33:51","guid":{"rendered":"https:\/\/libreriaelprincipito.com\/?post_type=product&#038;p=16066"},"modified":"2026-02-20T15:18:45","modified_gmt":"2026-02-20T15:18:45","slug":"i-love-english-activity-book-f","status":"publish","type":"product","link":"https:\/\/libreriaelprincipito.com\/?product=i-love-english-activity-book-f","title":{"rendered":"I Love English Activity Book F"},"content":{"rendered":"<p>Es un libro de apoyo para profesores, padres y tutores para ense\u00f1ar ingl\u00e9s.<\/p>\n<p>Grado: QUINTO<br \/>\nAudiencia Estudiantil: Dirigido a estudiantes de PRE-KINDER a 6to grado y superiores.<br \/>\nEquivalencia del MCER: En este caso, la equivalencia es B1. Representa un nivel intermedio en el Marco Com\u00fan Europeo de Referencia. Los estudiantes est\u00e1n adquiriendo habilidades m\u00e1s avanzadas de ingl\u00e9s.<br \/>\nVocabulario activo: El libro se centra en la ense\u00f1anza de un vocabulario activo de 1200 a 1400 palabras.<\/p>\n<p>&nbsp;<\/p>\n<p>DETALLES DEL PRODUCTO<\/p>\n<p>ISBN: 9781959629054<\/p>\n<p>P\u00e1ginas: 100<\/p>\n<p>Tama\u00f1o: 21.5&#215;28 cm<\/p>\n","protected":false},"excerpt":{"rendered":"<p>Es un libro de apoyo para profesores, padres y tutores para ense\u00f1ar ingl\u00e9s.<\/p>\n<p>Grado: QUINTO<br \/>\nAudiencia Estudiantil: Dirigido a estudiantes de PRE-KINDER a 6to grado y superiores.<br \/>\nEquivalencia del MCER: En este caso, la equivalencia es B1. Representa un nivel intermedio en el Marco Com\u00fan Europeo de Referencia. Los estudiantes est\u00e1n adquiriendo habilidades m\u00e1s avanzadas de ingl\u00e9s.<br \/>\nVocabulario activo: El libro se centra en la ense\u00f1anza de un vocabulario activo de 1200 a 1400 palabras.<\/p>\n","protected":false},"featured_media":18943,"comment_status":"open","ping_status":"closed","template":"","meta":[],"product_brand":[],"product_cat":[78,79,127,75],"product_tag":[],"class_list":{"0":"post-16066","1":"product","2":"type-product","3":"status-publish","4":"has-post-thumbnail","6":"product_cat-bilingues","7":"product_cat-i-love-english","8":"product_cat-textos-escolares","9":"product_cat-literatura","11":"first","12":"instock","13":"shipping-taxable","14":"purchasable","15":"product-type-simple"},"jetpack_sharing_enabled":true,"_links":{"self":[{"href":"https:\/\/libreriaelprincipito.com\/index.php?rest_route=\/wp\/v2\/product\/16066","targetHints":{"allow":["GET"]}}],"collection":[{"href":"https:\/\/libreriaelprincipito.com\/index.php?rest_route=\/wp\/v2\/product"}],"about":[{"href":"https:\/\/libreriaelprincipito.com\/index.php?rest_route=\/wp\/v2\/types\/product"}],"replies":[{"embeddable":true,"href":"https:\/\/libreriaelprincipito.com\/index.php?rest_route=%2Fwp%2Fv2%2Fcomments&post=16066"}],"version-history":[{"count":1,"href":"https:\/\/libreriaelprincipito.com\/index.php?rest_route=\/wp\/v2\/product\/16066\/revisions"}],"predecessor-version":[{"id":16099,"href":"https:\/\/libreriaelprincipito.com\/index.php?rest_route=\/wp\/v2\/product\/16066\/revisions\/16099"}],"wp:featuredmedia":[{"embeddable":true,"href":"https:\/\/libreriaelprincipito.com\/index.php?rest_route=\/wp\/v2\/media\/18943"}],"wp:attachment":[{"href":"https:\/\/libreriaelprincipito.com\/index.php?rest_route=%2Fwp%2Fv2%2Fmedia&parent=16066"}],"wp:term":[{"taxonomy":"product_brand","embeddable":true,"href":"https:\/\/libreriaelprincipito.com\/index.php?rest_route=%2Fwp%2Fv2%2Fproduct_brand&post=16066"},{"taxonomy":"product_cat","embeddable":true,"href":"https:\/\/libreriaelprincipito.com\/index.php?rest_route=%2Fwp%2Fv2%2Fproduct_cat&post=16066"},{"taxonomy":"product_tag","embeddable":true,"href":"https:\/\/libreriaelprincipito.com\/index.php?rest_route=%2Fwp%2Fv2%2Fproduct_tag&post=16066"}],"curies":[{"name":"wp","href":"https:\/\/api.w.org\/{rel}","templated":true}]}}