{"id":16077,"date":"2026-02-06T04:33:51","date_gmt":"2026-02-06T04:33:51","guid":{"rendered":"https:\/\/libreriaelprincipito.com\/?post_type=product&#038;p=16077"},"modified":"2026-02-12T20:49:40","modified_gmt":"2026-02-12T20:49:40","slug":"aventuras-hotel-sabueso-la-revoltosa-rita","status":"publish","type":"product","link":"https:\/\/libreriaelprincipito.com\/?product=aventuras-hotel-sabueso-la-revoltosa-rita","title":{"rendered":"Aventuras hotel sabueso la revoltosa rita"},"content":{"rendered":"<p>Rita, una west highland terrier, debe ser la chica de las flores en la boda de su due\u00f1a. La revoltosa perra odia que la ba\u00f1en, por eso Alfi es el \u00abplan B\u00bb para ser el chico de las flores en la ceremonia. Pero Alfi no quiere participar de la boda, aunque su hermana Alfreda ruega por hacerlo. De todas formas, \u00a1nada de eso importa cuando Rita pierde los anillos de la boda en el patio de juego de los perros! \u00bfQu\u00e9 mellizo salvar\u00e1 el d\u00eda y encontrar\u00e1 los anillos<\/p>\n<p>DETALLES DEL PRODUCTO<\/p>\n<p>ISBS: 9789974904514<\/p>\n<p>ISBN: 106008315<\/p>\n<p>P\u00e1ginas: 80 p\u00e1ginas<\/p>\n<p>Tama\u00f1o: 14 x 20 cm. Tapa de cartulina con emboss y spot uv. R\u00fastica.<\/p>\n","protected":false},"excerpt":{"rendered":"<p>Rita, una west highland terrier, debe ser la chica de las flores en la boda de su due\u00f1a. La revoltosa perra odia que la ba\u00f1en, por eso Alfi es el \u00abplan B\u00bb para ser el chico de las flores en la ceremonia. Pero Alfi no quiere participar de la boda, aunque su hermana Alfreda ruega por hacerlo. De todas formas, \u00a1nada de eso importa cuando Rita pierde los anillos de la boda en el patio de juego de los perros! \u00bfQu\u00e9 mellizo salvar\u00e1 el d\u00eda y encontrar\u00e1 los anillos<\/p>\n<p>&nbsp;<\/p>\n<p>&nbsp;<\/p>\n","protected":false},"featured_media":18415,"comment_status":"open","ping_status":"closed","template":"","meta":[],"product_brand":[],"product_cat":[81],"product_tag":[],"class_list":{"0":"post-16077","1":"product","2":"type-product","3":"status-publish","4":"has-post-thumbnail","6":"product_cat-plan-lector","8":"first","9":"instock","10":"shipping-taxable","11":"purchasable","12":"product-type-simple"},"jetpack_sharing_enabled":true,"_links":{"self":[{"href":"https:\/\/libreriaelprincipito.com\/index.php?rest_route=\/wp\/v2\/product\/16077","targetHints":{"allow":["GET"]}}],"collection":[{"href":"https:\/\/libreriaelprincipito.com\/index.php?rest_route=\/wp\/v2\/product"}],"about":[{"href":"https:\/\/libreriaelprincipito.com\/index.php?rest_route=\/wp\/v2\/types\/product"}],"replies":[{"embeddable":true,"href":"https:\/\/libreriaelprincipito.com\/index.php?rest_route=%2Fwp%2Fv2%2Fcomments&post=16077"}],"version-history":[{"count":1,"href":"https:\/\/libreriaelprincipito.com\/index.php?rest_route=\/wp\/v2\/product\/16077\/revisions"}],"predecessor-version":[{"id":16121,"href":"https:\/\/libreriaelprincipito.com\/index.php?rest_route=\/wp\/v2\/product\/16077\/revisions\/16121"}],"wp:featuredmedia":[{"embeddable":true,"href":"https:\/\/libreriaelprincipito.com\/index.php?rest_route=\/wp\/v2\/media\/18415"}],"wp:attachment":[{"href":"https:\/\/libreriaelprincipito.com\/index.php?rest_route=%2Fwp%2Fv2%2Fmedia&parent=16077"}],"wp:term":[{"taxonomy":"product_brand","embeddable":true,"href":"https:\/\/libreriaelprincipito.com\/index.php?rest_route=%2Fwp%2Fv2%2Fproduct_brand&post=16077"},{"taxonomy":"product_cat","embeddable":true,"href":"https:\/\/libreriaelprincipito.com\/index.php?rest_route=%2Fwp%2Fv2%2Fproduct_cat&post=16077"},{"taxonomy":"product_tag","embeddable":true,"href":"https:\/\/libreriaelprincipito.com\/index.php?rest_route=%2Fwp%2Fv2%2Fproduct_tag&post=16077"}],"curies":[{"name":"wp","href":"https:\/\/api.w.org\/{rel}","templated":true}]}}