{"id":16078,"date":"2026-02-06T04:33:51","date_gmt":"2026-02-06T04:33:51","guid":{"rendered":"https:\/\/libreriaelprincipito.com\/?post_type=product&#038;p=16078"},"modified":"2026-03-09T17:14:00","modified_gmt":"2026-03-09T17:14:00","slug":"colorearte-packet-mandalas-espiritu-animal","status":"publish","type":"product","link":"https:\/\/libreriaelprincipito.com\/?product=colorearte-packet-mandalas-espiritu-animal","title":{"rendered":"Colorearte Packet Mandalas Espiritu Animal"},"content":{"rendered":"<p>Tomate un respiro de la rutina y el estr\u00e9s de cada d\u00eda, para descubrir la fuerza del esp\u00edritu animal. Estos bellos dise\u00f1os de mandalas animales para colorear te inspirar\u00e1n en el camino al autoconocimiento y la b\u00fasqueda del equilibrio a trav\u00e9s del enfoque y la concentraci\u00f3n.<\/p>\n<p>DETALLES DEL PRODUCTO:<\/p>\n<p>ISBS: 9789915670416<\/p>\n<p>ISBN: 106008605<\/p>\n<p>P\u00e1ginas: 32 p\u00e1ginas<\/p>\n<p>Tama\u00f1o: 12 x 16 cm. Tapa de cartulina<\/p>\n<p>Colecci\u00f3n de bolsillo<\/p>\n","protected":false},"excerpt":{"rendered":"<p>Tomate un respiro de la rutina y el estr\u00e9s de cada d\u00eda, para descubrir la fuerza del esp\u00edritu animal. Estos bellos dise\u00f1os de mandalas animales para colorear te inspirar\u00e1n en el camino al autoconocimiento y la b\u00fasqueda del equilibrio a trav\u00e9s del enfoque y la concentraci\u00f3n.<\/p>\n<p>Colecci\u00f3n de bolsillo<\/p>\n<p>&nbsp;<\/p>\n<p>&nbsp;<\/p>\n","protected":false},"featured_media":18425,"comment_status":"open","ping_status":"closed","template":"","meta":[],"product_brand":[],"product_cat":[82],"product_tag":[],"class_list":{"0":"post-16078","1":"product","2":"type-product","3":"status-publish","4":"has-post-thumbnail","6":"product_cat-interes-general","8":"first","9":"instock","10":"shipping-taxable","11":"purchasable","12":"product-type-simple"},"jetpack_sharing_enabled":true,"_links":{"self":[{"href":"https:\/\/libreriaelprincipito.com\/index.php?rest_route=\/wp\/v2\/product\/16078","targetHints":{"allow":["GET"]}}],"collection":[{"href":"https:\/\/libreriaelprincipito.com\/index.php?rest_route=\/wp\/v2\/product"}],"about":[{"href":"https:\/\/libreriaelprincipito.com\/index.php?rest_route=\/wp\/v2\/types\/product"}],"replies":[{"embeddable":true,"href":"https:\/\/libreriaelprincipito.com\/index.php?rest_route=%2Fwp%2Fv2%2Fcomments&post=16078"}],"version-history":[{"count":2,"href":"https:\/\/libreriaelprincipito.com\/index.php?rest_route=\/wp\/v2\/product\/16078\/revisions"}],"predecessor-version":[{"id":19219,"href":"https:\/\/libreriaelprincipito.com\/index.php?rest_route=\/wp\/v2\/product\/16078\/revisions\/19219"}],"wp:featuredmedia":[{"embeddable":true,"href":"https:\/\/libreriaelprincipito.com\/index.php?rest_route=\/wp\/v2\/media\/18425"}],"wp:attachment":[{"href":"https:\/\/libreriaelprincipito.com\/index.php?rest_route=%2Fwp%2Fv2%2Fmedia&parent=16078"}],"wp:term":[{"taxonomy":"product_brand","embeddable":true,"href":"https:\/\/libreriaelprincipito.com\/index.php?rest_route=%2Fwp%2Fv2%2Fproduct_brand&post=16078"},{"taxonomy":"product_cat","embeddable":true,"href":"https:\/\/libreriaelprincipito.com\/index.php?rest_route=%2Fwp%2Fv2%2Fproduct_cat&post=16078"},{"taxonomy":"product_tag","embeddable":true,"href":"https:\/\/libreriaelprincipito.com\/index.php?rest_route=%2Fwp%2Fv2%2Fproduct_tag&post=16078"}],"curies":[{"name":"wp","href":"https:\/\/api.w.org\/{rel}","templated":true}]}}