{"id":16090,"date":"2026-02-06T04:33:52","date_gmt":"2026-02-06T04:33:52","guid":{"rendered":"https:\/\/libreriaelprincipito.com\/?post_type=product&#038;p=16090"},"modified":"2026-02-12T21:28:29","modified_gmt":"2026-02-12T21:28:29","slug":"estrella-fugaz-puedes-ser-feliz","status":"publish","type":"product","link":"https:\/\/libreriaelprincipito.com\/?product=estrella-fugaz-puedes-ser-feliz","title":{"rendered":"Estrella fugaz  puedes ser feliz"},"content":{"rendered":"<p>Acompa\u00f1a al peque\u00f1o osito mientras descubre todo lo que puede ser cuando crezca, incluso lo m\u00e1s importante&#8230; \u00a1ser feliz!<\/p>\n<p>DETALLES DEL PRODUCTO:<\/p>\n<p>ISBS: 9789915662404<\/p>\n<p>ISBN: 106008490<\/p>\n<p>P\u00e1ginas: 24 p\u00e1ginas<\/p>\n<p>Tama\u00f1o: 25,4 x 25,4 cm. Tapa carton\u00e9 acolchado, con spot uv.<\/p>\n","protected":false},"excerpt":{"rendered":"<p>Acompa\u00f1a al peque\u00f1o osito mientras descubre todo lo que puede ser cuando crezca, incluso lo m\u00e1s importante&#8230; \u00a1ser feliz!<\/p>\n<p>&nbsp;<\/p>\n<p>&nbsp;<\/p>\n<p>&nbsp;<\/p>\n","protected":false},"featured_media":18436,"comment_status":"open","ping_status":"closed","template":"","meta":[],"product_brand":[],"product_cat":[74],"product_tag":[],"class_list":{"0":"post-16090","1":"product","2":"type-product","3":"status-publish","4":"has-post-thumbnail","6":"product_cat-infantil","8":"first","9":"instock","10":"shipping-taxable","11":"purchasable","12":"product-type-simple"},"jetpack_sharing_enabled":true,"_links":{"self":[{"href":"https:\/\/libreriaelprincipito.com\/index.php?rest_route=\/wp\/v2\/product\/16090","targetHints":{"allow":["GET"]}}],"collection":[{"href":"https:\/\/libreriaelprincipito.com\/index.php?rest_route=\/wp\/v2\/product"}],"about":[{"href":"https:\/\/libreriaelprincipito.com\/index.php?rest_route=\/wp\/v2\/types\/product"}],"replies":[{"embeddable":true,"href":"https:\/\/libreriaelprincipito.com\/index.php?rest_route=%2Fwp%2Fv2%2Fcomments&post=16090"}],"version-history":[{"count":1,"href":"https:\/\/libreriaelprincipito.com\/index.php?rest_route=\/wp\/v2\/product\/16090\/revisions"}],"predecessor-version":[{"id":16172,"href":"https:\/\/libreriaelprincipito.com\/index.php?rest_route=\/wp\/v2\/product\/16090\/revisions\/16172"}],"wp:featuredmedia":[{"embeddable":true,"href":"https:\/\/libreriaelprincipito.com\/index.php?rest_route=\/wp\/v2\/media\/18436"}],"wp:attachment":[{"href":"https:\/\/libreriaelprincipito.com\/index.php?rest_route=%2Fwp%2Fv2%2Fmedia&parent=16090"}],"wp:term":[{"taxonomy":"product_brand","embeddable":true,"href":"https:\/\/libreriaelprincipito.com\/index.php?rest_route=%2Fwp%2Fv2%2Fproduct_brand&post=16090"},{"taxonomy":"product_cat","embeddable":true,"href":"https:\/\/libreriaelprincipito.com\/index.php?rest_route=%2Fwp%2Fv2%2Fproduct_cat&post=16090"},{"taxonomy":"product_tag","embeddable":true,"href":"https:\/\/libreriaelprincipito.com\/index.php?rest_route=%2Fwp%2Fv2%2Fproduct_tag&post=16090"}],"curies":[{"name":"wp","href":"https:\/\/api.w.org\/{rel}","templated":true}]}}