{"id":16093,"date":"2026-02-06T04:33:52","date_gmt":"2026-02-06T04:33:52","guid":{"rendered":"https:\/\/libreriaelprincipito.com\/?post_type=product&#038;p=16093"},"modified":"2026-02-12T21:18:58","modified_gmt":"2026-02-12T21:18:58","slug":"historias-de-la-naturaleza-pequena-botella-de-plastico","status":"publish","type":"product","link":"https:\/\/libreriaelprincipito.com\/?product=historias-de-la-naturaleza-pequena-botella-de-plastico","title":{"rendered":"Historias de la naturaleza Peque\u00f1a Botella de Plastico"},"content":{"rendered":"<p>\u00bfAlguna vez te preguntaste c\u00f3mo es que una peque\u00f1a bellota se convierte en un gran roble o qu\u00e9 le pasa a una gota de lluvia cuando cae del cielo?<\/p>\n<p>DETALLES DEL PRODUCTO:<\/p>\n<p>ISBS: 9789915651897<\/p>\n<p>ISBN: 106008523<\/p>\n<p>P\u00e1ginas: 24 p\u00e1ginas<\/p>\n<p>Tama\u00f1o: 25 x 25 cm. Tapa de cartulina laminada. R\u00fastica.<\/p>\n","protected":false},"excerpt":{"rendered":"<p>\u00bfAlguna vez te preguntaste c\u00f3mo es que una peque\u00f1a bellota se convierte en un gran roble o qu\u00e9 le pasa a una gota de lluvia cuando cae del cielo?<\/p>\n<p>&nbsp;<\/p>\n<p>&nbsp;<\/p>\n<p>&nbsp;<\/p>\n","protected":false},"featured_media":18433,"comment_status":"open","ping_status":"closed","template":"","meta":[],"product_brand":[],"product_cat":[74],"product_tag":[],"class_list":{"0":"post-16093","1":"product","2":"type-product","3":"status-publish","4":"has-post-thumbnail","6":"product_cat-infantil","8":"first","9":"instock","10":"shipping-taxable","11":"purchasable","12":"product-type-simple"},"jetpack_sharing_enabled":true,"_links":{"self":[{"href":"https:\/\/libreriaelprincipito.com\/index.php?rest_route=\/wp\/v2\/product\/16093","targetHints":{"allow":["GET"]}}],"collection":[{"href":"https:\/\/libreriaelprincipito.com\/index.php?rest_route=\/wp\/v2\/product"}],"about":[{"href":"https:\/\/libreriaelprincipito.com\/index.php?rest_route=\/wp\/v2\/types\/product"}],"replies":[{"embeddable":true,"href":"https:\/\/libreriaelprincipito.com\/index.php?rest_route=%2Fwp%2Fv2%2Fcomments&post=16093"}],"version-history":[{"count":1,"href":"https:\/\/libreriaelprincipito.com\/index.php?rest_route=\/wp\/v2\/product\/16093\/revisions"}],"predecessor-version":[{"id":16178,"href":"https:\/\/libreriaelprincipito.com\/index.php?rest_route=\/wp\/v2\/product\/16093\/revisions\/16178"}],"wp:featuredmedia":[{"embeddable":true,"href":"https:\/\/libreriaelprincipito.com\/index.php?rest_route=\/wp\/v2\/media\/18433"}],"wp:attachment":[{"href":"https:\/\/libreriaelprincipito.com\/index.php?rest_route=%2Fwp%2Fv2%2Fmedia&parent=16093"}],"wp:term":[{"taxonomy":"product_brand","embeddable":true,"href":"https:\/\/libreriaelprincipito.com\/index.php?rest_route=%2Fwp%2Fv2%2Fproduct_brand&post=16093"},{"taxonomy":"product_cat","embeddable":true,"href":"https:\/\/libreriaelprincipito.com\/index.php?rest_route=%2Fwp%2Fv2%2Fproduct_cat&post=16093"},{"taxonomy":"product_tag","embeddable":true,"href":"https:\/\/libreriaelprincipito.com\/index.php?rest_route=%2Fwp%2Fv2%2Fproduct_tag&post=16093"}],"curies":[{"name":"wp","href":"https:\/\/api.w.org\/{rel}","templated":true}]}}