{"id":16147,"date":"2026-02-06T04:34:16","date_gmt":"2026-02-06T04:34:16","guid":{"rendered":"https:\/\/libreriaelprincipito.com\/?post_type=product&#038;p=16147"},"modified":"2026-02-12T21:57:26","modified_gmt":"2026-02-12T21:57:26","slug":"historias-de-la-naturaleza-pequeno-osito","status":"publish","type":"product","link":"https:\/\/libreriaelprincipito.com\/?product=historias-de-la-naturaleza-pequeno-osito","title":{"rendered":"Historias de la naturaleza Peque\u00f1o Osito"},"content":{"rendered":"<p>\u00bfAlguna vez te preguntaste c\u00f3mo es que una peque\u00f1a bellota se convierte en un gran roble o qu\u00e9 le pasa a una gota de lluvia cuando cae del cielo?<\/p>\n<p>DETALLES DEL PRODUCTO:<\/p>\n<p>ISBS: 9789915662237<\/p>\n<p>ISBN: 106008525<\/p>\n<p>P\u00e1ginas: 24 p\u00e1ginas<\/p>\n<p>Tama\u00f1o: 25 x 25 cm. Tapa de cartulina laminada. R\u00fastica.<\/p>\n","protected":false},"excerpt":{"rendered":"<p>\u00bfAlguna vez te preguntaste c\u00f3mo es que una peque\u00f1a bellota se convierte en un gran roble o qu\u00e9 le pasa a una gota de lluvia cuando cae del cielo?<\/p>\n<p>&nbsp;<\/p>\n<p>&nbsp;<\/p>\n<p>&nbsp;<\/p>\n","protected":false},"featured_media":18451,"comment_status":"open","ping_status":"closed","template":"","meta":[],"product_brand":[],"product_cat":[74],"product_tag":[],"class_list":{"0":"post-16147","1":"product","2":"type-product","3":"status-publish","4":"has-post-thumbnail","6":"product_cat-infantil","8":"first","9":"instock","10":"shipping-taxable","11":"purchasable","12":"product-type-simple"},"jetpack_sharing_enabled":true,"_links":{"self":[{"href":"https:\/\/libreriaelprincipito.com\/index.php?rest_route=\/wp\/v2\/product\/16147","targetHints":{"allow":["GET"]}}],"collection":[{"href":"https:\/\/libreriaelprincipito.com\/index.php?rest_route=\/wp\/v2\/product"}],"about":[{"href":"https:\/\/libreriaelprincipito.com\/index.php?rest_route=\/wp\/v2\/types\/product"}],"replies":[{"embeddable":true,"href":"https:\/\/libreriaelprincipito.com\/index.php?rest_route=%2Fwp%2Fv2%2Fcomments&post=16147"}],"version-history":[{"count":1,"href":"https:\/\/libreriaelprincipito.com\/index.php?rest_route=\/wp\/v2\/product\/16147\/revisions"}],"predecessor-version":[{"id":16186,"href":"https:\/\/libreriaelprincipito.com\/index.php?rest_route=\/wp\/v2\/product\/16147\/revisions\/16186"}],"wp:featuredmedia":[{"embeddable":true,"href":"https:\/\/libreriaelprincipito.com\/index.php?rest_route=\/wp\/v2\/media\/18451"}],"wp:attachment":[{"href":"https:\/\/libreriaelprincipito.com\/index.php?rest_route=%2Fwp%2Fv2%2Fmedia&parent=16147"}],"wp:term":[{"taxonomy":"product_brand","embeddable":true,"href":"https:\/\/libreriaelprincipito.com\/index.php?rest_route=%2Fwp%2Fv2%2Fproduct_brand&post=16147"},{"taxonomy":"product_cat","embeddable":true,"href":"https:\/\/libreriaelprincipito.com\/index.php?rest_route=%2Fwp%2Fv2%2Fproduct_cat&post=16147"},{"taxonomy":"product_tag","embeddable":true,"href":"https:\/\/libreriaelprincipito.com\/index.php?rest_route=%2Fwp%2Fv2%2Fproduct_tag&post=16147"}],"curies":[{"name":"wp","href":"https:\/\/api.w.org\/{rel}","templated":true}]}}