{"id":16149,"date":"2026-02-06T04:34:16","date_gmt":"2026-02-06T04:34:16","guid":{"rendered":"https:\/\/libreriaelprincipito.com\/?post_type=product&#038;p=16149"},"modified":"2026-02-12T21:59:32","modified_gmt":"2026-02-12T21:59:32","slug":"hocus-pocus-hotel-1-a-traves-de-la-ventana-indiscreta","status":"publish","type":"product","link":"https:\/\/libreriaelprincipito.com\/?product=hocus-pocus-hotel-1-a-traves-de-la-ventana-indiscreta","title":{"rendered":"Hocus pocus hotel 1 a traves de la ventana indiscreta"},"content":{"rendered":"<p>\u00a1Un mago ha desaparecido en el hotel Abracadabra!<br \/>\nAll\u00ed vive Tyler Yu, el bravuc\u00f3n de la escuela, quien buscar\u00e1 la ayuda de Charlie Hitchcock y su memoria fotogr\u00e1fica para resolver misterios m\u00e1gicos que est\u00e1n m\u00e1s all\u00e1 de lo que puedas imaginar.<\/p>\n<p>DETALLES DEL PRODUCTO:<\/p>\n<p>ISBS: 9789871208692<\/p>\n<p>ISBN: 106001920<\/p>\n<p>P\u00e1ginas: 112 p\u00e1ginas<\/p>\n<p>Tama\u00f1o: 14 x 20 cm. Tapa impresa a todo color sobre cartulina r\u00fastica con foil dorado.<\/p>\n","protected":false},"excerpt":{"rendered":"<p>\u00a1Un mago ha desaparecido en el hotel Abracadabra!<br \/>\nAll\u00ed vive Tyler Yu, el bravuc\u00f3n de la escuela, quien buscar\u00e1 la ayuda de Charlie Hitchcock y su memoria fotogr\u00e1fica para resolver misterios m\u00e1gicos que est\u00e1n m\u00e1s all\u00e1 de lo que puedas imaginar.<\/p>\n<p>&nbsp;<\/p>\n<p>&nbsp;<\/p>\n<p>&nbsp;<\/p>\n","protected":false},"featured_media":18453,"comment_status":"open","ping_status":"closed","template":"","meta":[],"product_brand":[],"product_cat":[81],"product_tag":[],"class_list":{"0":"post-16149","1":"product","2":"type-product","3":"status-publish","4":"has-post-thumbnail","6":"product_cat-plan-lector","8":"first","9":"instock","10":"shipping-taxable","11":"purchasable","12":"product-type-simple"},"jetpack_sharing_enabled":true,"_links":{"self":[{"href":"https:\/\/libreriaelprincipito.com\/index.php?rest_route=\/wp\/v2\/product\/16149","targetHints":{"allow":["GET"]}}],"collection":[{"href":"https:\/\/libreriaelprincipito.com\/index.php?rest_route=\/wp\/v2\/product"}],"about":[{"href":"https:\/\/libreriaelprincipito.com\/index.php?rest_route=\/wp\/v2\/types\/product"}],"replies":[{"embeddable":true,"href":"https:\/\/libreriaelprincipito.com\/index.php?rest_route=%2Fwp%2Fv2%2Fcomments&post=16149"}],"version-history":[{"count":1,"href":"https:\/\/libreriaelprincipito.com\/index.php?rest_route=\/wp\/v2\/product\/16149\/revisions"}],"predecessor-version":[{"id":16190,"href":"https:\/\/libreriaelprincipito.com\/index.php?rest_route=\/wp\/v2\/product\/16149\/revisions\/16190"}],"wp:featuredmedia":[{"embeddable":true,"href":"https:\/\/libreriaelprincipito.com\/index.php?rest_route=\/wp\/v2\/media\/18453"}],"wp:attachment":[{"href":"https:\/\/libreriaelprincipito.com\/index.php?rest_route=%2Fwp%2Fv2%2Fmedia&parent=16149"}],"wp:term":[{"taxonomy":"product_brand","embeddable":true,"href":"https:\/\/libreriaelprincipito.com\/index.php?rest_route=%2Fwp%2Fv2%2Fproduct_brand&post=16149"},{"taxonomy":"product_cat","embeddable":true,"href":"https:\/\/libreriaelprincipito.com\/index.php?rest_route=%2Fwp%2Fv2%2Fproduct_cat&post=16149"},{"taxonomy":"product_tag","embeddable":true,"href":"https:\/\/libreriaelprincipito.com\/index.php?rest_route=%2Fwp%2Fv2%2Fproduct_tag&post=16149"}],"curies":[{"name":"wp","href":"https:\/\/api.w.org\/{rel}","templated":true}]}}