{"id":16151,"date":"2026-02-06T04:34:16","date_gmt":"2026-02-06T04:34:16","guid":{"rendered":"https:\/\/libreriaelprincipito.com\/?post_type=product&#038;p=16151"},"modified":"2026-02-12T21:47:17","modified_gmt":"2026-02-12T21:47:17","slug":"hocus-pocus-hotel-3-el-asitente-desaparece","status":"publish","type":"product","link":"https:\/\/libreriaelprincipito.com\/?product=hocus-pocus-hotel-3-el-asitente-desaparece","title":{"rendered":"Hocus pocus hotel 3 el asitente desaparece"},"content":{"rendered":"<p>Es hora del primer espect\u00e1culo en el hotel Abracadabra en cincuenta a\u00f1os. Charlie y Ty piensan disfrutar del espect\u00e1culo, \u00a1pero no podr\u00e1n! Un voluntario desaparece durante un truco del gran Theopolis, y depender\u00e1 de los ni\u00f1os, y de las pistas de Brack, encontrar al muchacho perdido\u2026<\/p>\n<p>DETALLES DEL PRODUCTO:<\/p>\n<p>ISBS: 9789871208708<\/p>\n<p>ISBN: 106001922<\/p>\n<p>P\u00e1ginas: 112 p\u00e1ginas<\/p>\n<p>Tama\u00f1o: 14 x 20 cm. Tapa impresa a todo color sobre cartulina r\u00fastica con foil dorado.<\/p>\n","protected":false},"excerpt":{"rendered":"<p>Es hora del primer espect\u00e1culo en el hotel Abracadabra en cincuenta a\u00f1os. Charlie y Ty piensan disfrutar del espect\u00e1culo, \u00a1pero no podr\u00e1n! Un voluntario desaparece durante un truco del gran Theopolis, y depender\u00e1 de los ni\u00f1os, y de las pistas de Brack, encontrar al muchacho perdido\u2026<\/p>\n<p>&nbsp;<\/p>\n<p>&nbsp;<\/p>\n<p>&nbsp;<\/p>\n","protected":false},"featured_media":18446,"comment_status":"open","ping_status":"closed","template":"","meta":[],"product_brand":[],"product_cat":[81],"product_tag":[],"class_list":{"0":"post-16151","1":"product","2":"type-product","3":"status-publish","4":"has-post-thumbnail","6":"product_cat-plan-lector","8":"first","9":"instock","10":"shipping-taxable","11":"purchasable","12":"product-type-simple"},"jetpack_sharing_enabled":true,"_links":{"self":[{"href":"https:\/\/libreriaelprincipito.com\/index.php?rest_route=\/wp\/v2\/product\/16151","targetHints":{"allow":["GET"]}}],"collection":[{"href":"https:\/\/libreriaelprincipito.com\/index.php?rest_route=\/wp\/v2\/product"}],"about":[{"href":"https:\/\/libreriaelprincipito.com\/index.php?rest_route=\/wp\/v2\/types\/product"}],"replies":[{"embeddable":true,"href":"https:\/\/libreriaelprincipito.com\/index.php?rest_route=%2Fwp%2Fv2%2Fcomments&post=16151"}],"version-history":[{"count":1,"href":"https:\/\/libreriaelprincipito.com\/index.php?rest_route=\/wp\/v2\/product\/16151\/revisions"}],"predecessor-version":[{"id":16194,"href":"https:\/\/libreriaelprincipito.com\/index.php?rest_route=\/wp\/v2\/product\/16151\/revisions\/16194"}],"wp:featuredmedia":[{"embeddable":true,"href":"https:\/\/libreriaelprincipito.com\/index.php?rest_route=\/wp\/v2\/media\/18446"}],"wp:attachment":[{"href":"https:\/\/libreriaelprincipito.com\/index.php?rest_route=%2Fwp%2Fv2%2Fmedia&parent=16151"}],"wp:term":[{"taxonomy":"product_brand","embeddable":true,"href":"https:\/\/libreriaelprincipito.com\/index.php?rest_route=%2Fwp%2Fv2%2Fproduct_brand&post=16151"},{"taxonomy":"product_cat","embeddable":true,"href":"https:\/\/libreriaelprincipito.com\/index.php?rest_route=%2Fwp%2Fv2%2Fproduct_cat&post=16151"},{"taxonomy":"product_tag","embeddable":true,"href":"https:\/\/libreriaelprincipito.com\/index.php?rest_route=%2Fwp%2Fv2%2Fproduct_tag&post=16151"}],"curies":[{"name":"wp","href":"https:\/\/api.w.org\/{rel}","templated":true}]}}