{"id":16164,"date":"2026-02-06T04:34:17","date_gmt":"2026-02-06T04:34:17","guid":{"rendered":"https:\/\/libreriaelprincipito.com\/?post_type=product&#038;p=16164"},"modified":"2026-02-17T16:01:03","modified_gmt":"2026-02-17T16:01:03","slug":"luna-azul-ternura-un-abrazo-mas","status":"publish","type":"product","link":"https:\/\/libreriaelprincipito.com\/?product=luna-azul-ternura-un-abrazo-mas","title":{"rendered":"Luna azul ternura un abrazo mas"},"content":{"rendered":"<p>Descubre un mundo de ternura y amor con estas hermosas historias. La diversi\u00f3n, la amistad, el cari\u00f1o y los sue\u00f1os se unen en las p\u00e1ginas de estos libros para atesorar.<\/p>\n<p>&nbsp;<\/p>\n<p>DETALLES DEL PRODUCTO:<\/p>\n<p>ISBS: 9789974744172<\/p>\n<p>ISBN: 106008150<\/p>\n<p>P\u00e1ginas: 24 p\u00e1ginas<\/p>\n<p>Tama\u00f1o: 19,4 x 19,4 cm. Tapa carton\u00e9 acolchado, con spot uv.<\/p>\n","protected":false},"excerpt":{"rendered":"<p>Descubre un mundo de ternura y amor con estas hermosas historias. La diversi\u00f3n, la amistad, el cari\u00f1o y los sue\u00f1os se unen en las p\u00e1ginas de estos libros para atesorar.<\/p>\n","protected":false},"featured_media":18458,"comment_status":"open","ping_status":"closed","template":"","meta":[],"product_brand":[],"product_cat":[74],"product_tag":[],"class_list":{"0":"post-16164","1":"product","2":"type-product","3":"status-publish","4":"has-post-thumbnail","6":"product_cat-infantil","8":"first","9":"instock","10":"shipping-taxable","11":"purchasable","12":"product-type-simple"},"jetpack_sharing_enabled":true,"_links":{"self":[{"href":"https:\/\/libreriaelprincipito.com\/index.php?rest_route=\/wp\/v2\/product\/16164","targetHints":{"allow":["GET"]}}],"collection":[{"href":"https:\/\/libreriaelprincipito.com\/index.php?rest_route=\/wp\/v2\/product"}],"about":[{"href":"https:\/\/libreriaelprincipito.com\/index.php?rest_route=\/wp\/v2\/types\/product"}],"replies":[{"embeddable":true,"href":"https:\/\/libreriaelprincipito.com\/index.php?rest_route=%2Fwp%2Fv2%2Fcomments&post=16164"}],"version-history":[{"count":1,"href":"https:\/\/libreriaelprincipito.com\/index.php?rest_route=\/wp\/v2\/product\/16164\/revisions"}],"predecessor-version":[{"id":16220,"href":"https:\/\/libreriaelprincipito.com\/index.php?rest_route=\/wp\/v2\/product\/16164\/revisions\/16220"}],"wp:featuredmedia":[{"embeddable":true,"href":"https:\/\/libreriaelprincipito.com\/index.php?rest_route=\/wp\/v2\/media\/18458"}],"wp:attachment":[{"href":"https:\/\/libreriaelprincipito.com\/index.php?rest_route=%2Fwp%2Fv2%2Fmedia&parent=16164"}],"wp:term":[{"taxonomy":"product_brand","embeddable":true,"href":"https:\/\/libreriaelprincipito.com\/index.php?rest_route=%2Fwp%2Fv2%2Fproduct_brand&post=16164"},{"taxonomy":"product_cat","embeddable":true,"href":"https:\/\/libreriaelprincipito.com\/index.php?rest_route=%2Fwp%2Fv2%2Fproduct_cat&post=16164"},{"taxonomy":"product_tag","embeddable":true,"href":"https:\/\/libreriaelprincipito.com\/index.php?rest_route=%2Fwp%2Fv2%2Fproduct_tag&post=16164"}],"curies":[{"name":"wp","href":"https:\/\/api.w.org\/{rel}","templated":true}]}}