{"id":16166,"date":"2026-02-06T04:34:17","date_gmt":"2026-02-06T04:34:17","guid":{"rendered":"https:\/\/libreriaelprincipito.com\/?post_type=product&#038;p=16166"},"modified":"2026-02-17T15:54:55","modified_gmt":"2026-02-17T15:54:55","slug":"n-g-la-vuelta-al-mundo-en-80-dias","status":"publish","type":"product","link":"https:\/\/libreriaelprincipito.com\/?product=n-g-la-vuelta-al-mundo-en-80-dias","title":{"rendered":"N.g.+ La vuelta al mundo en 80 dias"},"content":{"rendered":"<p>Phileas Fogg, un refinado y super puntual caballero, realiza una apuesta arriesgada: Deber\u00e1 ser capaz de completar una vuelta al mundo en un plazo m\u00e1ximo de 80 d\u00edas junto a su mayordomo Jean Passepartout. Su periplo estar\u00e1 lleno de aventuras, retrasos inesperados y la aparici\u00f3n de un persistente detective.<\/p>\n<p>&nbsp;<\/p>\n<p>DETALLES DEL PRODUCTO:<\/p>\n<p>ISBS: 9789874108166<\/p>\n<p>ISBN: 106008552<\/p>\n<p>P\u00e1ginas: 80 p\u00e1ginas<\/p>\n<p>Tama\u00f1o: 17 x 26 cm. Tapa de cartulina. R\u00fastica.<\/p>\n","protected":false},"excerpt":{"rendered":"<p>Phileas Fogg, un refinado y super puntual caballero, realiza una apuesta arriesgada: Deber\u00e1 ser capaz de completar una vuelta al mundo en un plazo m\u00e1ximo de 80 d\u00edas junto a su mayordomo Jean Passepartout. Su periplo estar\u00e1 lleno de aventuras, retrasos inesperados y la aparici\u00f3n de un persistente detective.<\/p>\n","protected":false},"featured_media":18456,"comment_status":"open","ping_status":"closed","template":"","meta":[],"product_brand":[],"product_cat":[77],"product_tag":[],"class_list":{"0":"post-16166","1":"product","2":"type-product","3":"status-publish","4":"has-post-thumbnail","6":"product_cat-novela-grafica","8":"first","9":"instock","10":"shipping-taxable","11":"purchasable","12":"product-type-simple"},"jetpack_sharing_enabled":true,"_links":{"self":[{"href":"https:\/\/libreriaelprincipito.com\/index.php?rest_route=\/wp\/v2\/product\/16166","targetHints":{"allow":["GET"]}}],"collection":[{"href":"https:\/\/libreriaelprincipito.com\/index.php?rest_route=\/wp\/v2\/product"}],"about":[{"href":"https:\/\/libreriaelprincipito.com\/index.php?rest_route=\/wp\/v2\/types\/product"}],"replies":[{"embeddable":true,"href":"https:\/\/libreriaelprincipito.com\/index.php?rest_route=%2Fwp%2Fv2%2Fcomments&post=16166"}],"version-history":[{"count":1,"href":"https:\/\/libreriaelprincipito.com\/index.php?rest_route=\/wp\/v2\/product\/16166\/revisions"}],"predecessor-version":[{"id":16250,"href":"https:\/\/libreriaelprincipito.com\/index.php?rest_route=\/wp\/v2\/product\/16166\/revisions\/16250"}],"wp:featuredmedia":[{"embeddable":true,"href":"https:\/\/libreriaelprincipito.com\/index.php?rest_route=\/wp\/v2\/media\/18456"}],"wp:attachment":[{"href":"https:\/\/libreriaelprincipito.com\/index.php?rest_route=%2Fwp%2Fv2%2Fmedia&parent=16166"}],"wp:term":[{"taxonomy":"product_brand","embeddable":true,"href":"https:\/\/libreriaelprincipito.com\/index.php?rest_route=%2Fwp%2Fv2%2Fproduct_brand&post=16166"},{"taxonomy":"product_cat","embeddable":true,"href":"https:\/\/libreriaelprincipito.com\/index.php?rest_route=%2Fwp%2Fv2%2Fproduct_cat&post=16166"},{"taxonomy":"product_tag","embeddable":true,"href":"https:\/\/libreriaelprincipito.com\/index.php?rest_route=%2Fwp%2Fv2%2Fproduct_tag&post=16166"}],"curies":[{"name":"wp","href":"https:\/\/api.w.org\/{rel}","templated":true}]}}