{"id":16168,"date":"2026-02-06T04:34:17","date_gmt":"2026-02-06T04:34:17","guid":{"rendered":"https:\/\/libreriaelprincipito.com\/?post_type=product&#038;p=16168"},"modified":"2026-02-20T17:35:19","modified_gmt":"2026-02-20T17:35:19","slug":"pintorcitos-manos-a-la-obra-6-7-a%c2%b1os","status":"publish","type":"product","link":"https:\/\/libreriaelprincipito.com\/?product=pintorcitos-manos-a-la-obra-6-7-a%c2%b1os","title":{"rendered":"Pintorcitos Manos a la obra 6-7 a\u00f1os"},"content":{"rendered":"<p>32 p\u00e1ginas de 23 x 31 cm. Tapa de cartulina con 5to color, glitter y spot UV. R\u00fastica.<\/p>\n<p>&nbsp;<\/p>\n<p>DETALLES DEL PRODUCTO:<\/p>\n<p>ISBS: 9789915662855<\/p>\n<p>ISBN: 106008458<\/p>\n<p>P\u00e1ginas: 32 p\u00e1ginas<\/p>\n<p>Tama\u00f1o: 23 x 31 cm. Tapa de cartulina con 5to color, glitter y spot UV. R\u00fastica.<\/p>\n","protected":false},"excerpt":{"rendered":"<p>32 p\u00e1ginas de 23 x 31 cm. Tapa de cartulina con 5to color, glitter y spot UV. R\u00fastica.<\/p>\n","protected":false},"featured_media":18959,"comment_status":"open","ping_status":"closed","template":"","meta":[],"product_brand":[],"product_cat":[74],"product_tag":[],"class_list":{"0":"post-16168","1":"product","2":"type-product","3":"status-publish","4":"has-post-thumbnail","6":"product_cat-infantil","8":"first","9":"instock","10":"shipping-taxable","11":"purchasable","12":"product-type-simple"},"jetpack_sharing_enabled":true,"_links":{"self":[{"href":"https:\/\/libreriaelprincipito.com\/index.php?rest_route=\/wp\/v2\/product\/16168","targetHints":{"allow":["GET"]}}],"collection":[{"href":"https:\/\/libreriaelprincipito.com\/index.php?rest_route=\/wp\/v2\/product"}],"about":[{"href":"https:\/\/libreriaelprincipito.com\/index.php?rest_route=\/wp\/v2\/types\/product"}],"replies":[{"embeddable":true,"href":"https:\/\/libreriaelprincipito.com\/index.php?rest_route=%2Fwp%2Fv2%2Fcomments&post=16168"}],"version-history":[{"count":3,"href":"https:\/\/libreriaelprincipito.com\/index.php?rest_route=\/wp\/v2\/product\/16168\/revisions"}],"predecessor-version":[{"id":18960,"href":"https:\/\/libreriaelprincipito.com\/index.php?rest_route=\/wp\/v2\/product\/16168\/revisions\/18960"}],"wp:featuredmedia":[{"embeddable":true,"href":"https:\/\/libreriaelprincipito.com\/index.php?rest_route=\/wp\/v2\/media\/18959"}],"wp:attachment":[{"href":"https:\/\/libreriaelprincipito.com\/index.php?rest_route=%2Fwp%2Fv2%2Fmedia&parent=16168"}],"wp:term":[{"taxonomy":"product_brand","embeddable":true,"href":"https:\/\/libreriaelprincipito.com\/index.php?rest_route=%2Fwp%2Fv2%2Fproduct_brand&post=16168"},{"taxonomy":"product_cat","embeddable":true,"href":"https:\/\/libreriaelprincipito.com\/index.php?rest_route=%2Fwp%2Fv2%2Fproduct_cat&post=16168"},{"taxonomy":"product_tag","embeddable":true,"href":"https:\/\/libreriaelprincipito.com\/index.php?rest_route=%2Fwp%2Fv2%2Fproduct_tag&post=16168"}],"curies":[{"name":"wp","href":"https:\/\/api.w.org\/{rel}","templated":true}]}}