{"id":16225,"date":"2026-02-06T04:34:38","date_gmt":"2026-02-06T04:34:38","guid":{"rendered":"https:\/\/libreriaelprincipito.com\/?post_type=product&#038;p=16225"},"modified":"2026-02-17T16:21:06","modified_gmt":"2026-02-17T16:21:06","slug":"relax-arte-kids-kit-de-arte-el-principito","status":"publish","type":"product","link":"https:\/\/libreriaelprincipito.com\/?product=relax-arte-kids-kit-de-arte-el-principito","title":{"rendered":"Relax arte kids kit de arte el principito"},"content":{"rendered":"<p>AHORA LOS NI\u00d1OS PUEDEN ESTAR SIEMPRE LISTO PARA RELAJARTE PINTANDO.<\/p>\n<p>&nbsp;<\/p>\n<p>DETALLES DEL PRODUCTO:<\/p>\n<p>ISBS: 9789915651095<\/p>\n<p>ISBN: 106008367<\/p>\n<p>P\u00e1ginas: 60 p\u00e1ginas<\/p>\n<p>Tama\u00f1o: 10 x 18 cm. Caja desplegable con el\u00e1stico y foil dorado. Incluye 12 l\u00e1pices de colores.<\/p>\n","protected":false},"excerpt":{"rendered":"<p>AHORA LOS NI\u00d1OS PUEDEN ESTAR SIEMPRE LISTO PARA RELAJARTE PINTANDO.<\/p>\n","protected":false},"featured_media":18471,"comment_status":"open","ping_status":"closed","template":"","meta":[],"product_brand":[],"product_cat":[74],"product_tag":[],"class_list":{"0":"post-16225","1":"product","2":"type-product","3":"status-publish","4":"has-post-thumbnail","6":"product_cat-infantil","8":"first","9":"instock","10":"shipping-taxable","11":"purchasable","12":"product-type-simple"},"jetpack_sharing_enabled":true,"_links":{"self":[{"href":"https:\/\/libreriaelprincipito.com\/index.php?rest_route=\/wp\/v2\/product\/16225","targetHints":{"allow":["GET"]}}],"collection":[{"href":"https:\/\/libreriaelprincipito.com\/index.php?rest_route=\/wp\/v2\/product"}],"about":[{"href":"https:\/\/libreriaelprincipito.com\/index.php?rest_route=\/wp\/v2\/types\/product"}],"replies":[{"embeddable":true,"href":"https:\/\/libreriaelprincipito.com\/index.php?rest_route=%2Fwp%2Fv2%2Fcomments&post=16225"}],"version-history":[{"count":1,"href":"https:\/\/libreriaelprincipito.com\/index.php?rest_route=\/wp\/v2\/product\/16225\/revisions"}],"predecessor-version":[{"id":16263,"href":"https:\/\/libreriaelprincipito.com\/index.php?rest_route=\/wp\/v2\/product\/16225\/revisions\/16263"}],"wp:featuredmedia":[{"embeddable":true,"href":"https:\/\/libreriaelprincipito.com\/index.php?rest_route=\/wp\/v2\/media\/18471"}],"wp:attachment":[{"href":"https:\/\/libreriaelprincipito.com\/index.php?rest_route=%2Fwp%2Fv2%2Fmedia&parent=16225"}],"wp:term":[{"taxonomy":"product_brand","embeddable":true,"href":"https:\/\/libreriaelprincipito.com\/index.php?rest_route=%2Fwp%2Fv2%2Fproduct_brand&post=16225"},{"taxonomy":"product_cat","embeddable":true,"href":"https:\/\/libreriaelprincipito.com\/index.php?rest_route=%2Fwp%2Fv2%2Fproduct_cat&post=16225"},{"taxonomy":"product_tag","embeddable":true,"href":"https:\/\/libreriaelprincipito.com\/index.php?rest_route=%2Fwp%2Fv2%2Fproduct_tag&post=16225"}],"curies":[{"name":"wp","href":"https:\/\/api.w.org\/{rel}","templated":true}]}}