{"id":16239,"date":"2026-02-06T04:34:39","date_gmt":"2026-02-06T04:34:39","guid":{"rendered":"https:\/\/libreriaelprincipito.com\/?post_type=product&#038;p=16239"},"modified":"2026-02-17T16:23:55","modified_gmt":"2026-02-17T16:23:55","slug":"un-tintineo-ancestral","status":"publish","type":"product","link":"https:\/\/libreriaelprincipito.com\/?product=un-tintineo-ancestral","title":{"rendered":"Un tintineo ancestral"},"content":{"rendered":"<p>Akin y Salom\u00e9 llegan a Tumaco junto a su madre, a visitar a su hermana mayor, asistir el nacimiento de su primera sobrina y conocer el mar.<br \/>\nEn esta visita, se cruzan con un barco m\u00e1gico y ancestral. Su dirigente, el capit\u00e1n Agoy\u00e1, al saber que los ni\u00f1os no conoc\u00edan el mar, los invita a pasear con \u00e9l y su tripulaci\u00f3n, lo que da el inicio a las aventuras de estos dos hermanos, que Salom\u00e9 nos narrar\u00e1 en detalle, a bordo del nav\u00edo \u00c1y\u00e0nm\u00f3 Ip\u00edn ni\u2018Iwa\u2019<br \/>\nEste cuento abre la serie: La traves\u00eda del Ayanm\u00f3 I\u2019pin ni\u2019wa\u2019, en la que se relata como los hermanos se embarcan en una aventura con una tripulaci\u00f3n ancestral, con y de quienes conocen el mar, distintas comunidades y parte de su propia historia como afrocolombianos.<\/p>\n<p>&nbsp;<\/p>\n<p>DETALLES DEL PRODUCTO:<\/p>\n<p>ISBS: 9789585651319<\/p>\n<p>P\u00e1ginas: 72 p\u00e1ginas<\/p>\n<p>Tama\u00f1o: formato 20.2 x 20 cm,\u00a0tapa rustica laminada<\/p>\n","protected":false},"excerpt":{"rendered":"<p>Akin y Salom\u00e9 llegan a Tumaco junto a su madre, a visitar a su hermana mayor, asistir el nacimiento de su primera sobrina y conocer el mar.<br \/>\nEn esta visita, se cruzan con un barco m\u00e1gico y ancestral. Su dirigente, el capit\u00e1n Agoy\u00e1, al saber que los ni\u00f1os no conoc\u00edan el mar, los invita a pasear con \u00e9l y su tripulaci\u00f3n, lo que da el inicio a las aventuras de estos dos hermanos, que Salom\u00e9 nos narrar\u00e1 en detalle, a bordo del nav\u00edo \u00c1y\u00e0nm\u00f3 Ip\u00edn ni\u2018Iwa\u2019<br \/>\nEste cuento abre la serie: La traves\u00eda del Ayanm\u00f3 I\u2019pin ni\u2019wa\u2019, en la que se relata como los hermanos se embarcan en una aventura con una tripulaci\u00f3n ancestral, con y de quienes conocen el mar, distintas comunidades y parte de su propia historia como afrocolombianos.<\/p>\n","protected":false},"featured_media":18473,"comment_status":"open","ping_status":"closed","template":"","meta":[],"product_brand":[],"product_cat":[74,75],"product_tag":[],"class_list":{"0":"post-16239","1":"product","2":"type-product","3":"status-publish","4":"has-post-thumbnail","6":"product_cat-infantil","7":"product_cat-literatura","9":"first","10":"instock","11":"shipping-taxable","12":"purchasable","13":"product-type-simple"},"jetpack_sharing_enabled":true,"_links":{"self":[{"href":"https:\/\/libreriaelprincipito.com\/index.php?rest_route=\/wp\/v2\/product\/16239","targetHints":{"allow":["GET"]}}],"collection":[{"href":"https:\/\/libreriaelprincipito.com\/index.php?rest_route=\/wp\/v2\/product"}],"about":[{"href":"https:\/\/libreriaelprincipito.com\/index.php?rest_route=\/wp\/v2\/types\/product"}],"replies":[{"embeddable":true,"href":"https:\/\/libreriaelprincipito.com\/index.php?rest_route=%2Fwp%2Fv2%2Fcomments&post=16239"}],"version-history":[{"count":1,"href":"https:\/\/libreriaelprincipito.com\/index.php?rest_route=\/wp\/v2\/product\/16239\/revisions"}],"predecessor-version":[{"id":16291,"href":"https:\/\/libreriaelprincipito.com\/index.php?rest_route=\/wp\/v2\/product\/16239\/revisions\/16291"}],"wp:featuredmedia":[{"embeddable":true,"href":"https:\/\/libreriaelprincipito.com\/index.php?rest_route=\/wp\/v2\/media\/18473"}],"wp:attachment":[{"href":"https:\/\/libreriaelprincipito.com\/index.php?rest_route=%2Fwp%2Fv2%2Fmedia&parent=16239"}],"wp:term":[{"taxonomy":"product_brand","embeddable":true,"href":"https:\/\/libreriaelprincipito.com\/index.php?rest_route=%2Fwp%2Fv2%2Fproduct_brand&post=16239"},{"taxonomy":"product_cat","embeddable":true,"href":"https:\/\/libreriaelprincipito.com\/index.php?rest_route=%2Fwp%2Fv2%2Fproduct_cat&post=16239"},{"taxonomy":"product_tag","embeddable":true,"href":"https:\/\/libreriaelprincipito.com\/index.php?rest_route=%2Fwp%2Fv2%2Fproduct_tag&post=16239"}],"curies":[{"name":"wp","href":"https:\/\/api.w.org\/{rel}","templated":true}]}}