{"id":16310,"date":"2026-02-06T04:35:01","date_gmt":"2026-02-06T04:35:01","guid":{"rendered":"https:\/\/libreriaelprincipito.com\/?post_type=product&#038;p=16310"},"modified":"2026-02-17T17:06:55","modified_gmt":"2026-02-17T17:06:55","slug":"perteneceres-coleccion-colibri","status":"publish","type":"product","link":"https:\/\/libreriaelprincipito.com\/?product=perteneceres-coleccion-colibri","title":{"rendered":"Perteneceres &#8211; Colecci\u00f3n colibr\u00ed"},"content":{"rendered":"<p>Comunidades Zen\u00fa \u00b7 Wayuu\u0301 \u00b7 afrodiaspo\u0301ricas \u00b7 Pueblos pastos<\/p>\n<p>Perteneceres es una compilaci\u00f3n de relatos de comunidades y autores que nos comparten saberes y filosof\u00edas de culturas Afrodiaspo\u0301ricas, Zen\u00fa\u0301, Wayuu\u0301 y de los Pueblos Pastos en Colombia, todos con un trazo com\u00fan: personajes definidos y transformados por un territorio, quienes a su vez lo transforman y definen.<\/p>\n<p>A trav\u00e9s de estos testimonios de identidad, legado y comunidad, nos acercamos a entender la relaci\u00f3n reciproca del ser humano con la tierra que habita, as\u00ed como el alto valor que tiene poder ser y pertenecer en los espacios hist\u00f3rica, geogr\u00e1fica y culturalmente propios.<\/p>\n<p>Esperamos que esta colecci\u00f3n de mensajes enviados al Colibr\u00ed resuene en el lector, para que juntos podamos recordar e imaginar otros mundos posibles.<\/p>\n<p>&nbsp;<\/p>\n<p>DETALLES DEL PRODUCTO:<\/p>\n<p>ISBS: 9789585690271<\/p>\n<p>P\u00e1ginas: 68 p\u00e1ginas.<\/p>\n<p>Tama\u00f1o: Formato 16 x 23 cm<\/p>\n","protected":false},"excerpt":{"rendered":"<p>Comunidades Zen\u00fa \u00b7 Wayuu\u0301 \u00b7 afrodiaspo\u0301ricas \u00b7 Pueblos pastos<\/p>\n<p>Perteneceres es una compilaci\u00f3n de relatos de comunidades y autores que nos comparten saberes y filosof\u00edas de culturas Afrodiaspo\u0301ricas, Zen\u00fa\u0301, Wayuu\u0301 y de los Pueblos Pastos en Colombia, todos con un trazo com\u00fan: personajes definidos y transformados por un territorio, quienes a su vez lo transforman y definen.<\/p>\n<p>A trav\u00e9s de estos testimonios de identidad, legado y comunidad, nos acercamos a entender la relaci\u00f3n reciproca del ser humano con la tierra que habita, as\u00ed como el alto valor que tiene poder ser y pertenecer en los espacios hist\u00f3rica, geogr\u00e1fica y culturalmente propios.<\/p>\n<p>Esperamos que esta colecci\u00f3n de mensajes enviados al Colibr\u00ed resuene en el lector, para que juntos podamos recordar e imaginar otros mundos posibles.<\/p>\n","protected":false},"featured_media":18495,"comment_status":"open","ping_status":"closed","template":"","meta":[],"product_brand":[],"product_cat":[74,75],"product_tag":[],"class_list":{"0":"post-16310","1":"product","2":"type-product","3":"status-publish","4":"has-post-thumbnail","6":"product_cat-infantil","7":"product_cat-literatura","9":"first","10":"instock","11":"shipping-taxable","12":"purchasable","13":"product-type-simple"},"jetpack_sharing_enabled":true,"_links":{"self":[{"href":"https:\/\/libreriaelprincipito.com\/index.php?rest_route=\/wp\/v2\/product\/16310","targetHints":{"allow":["GET"]}}],"collection":[{"href":"https:\/\/libreriaelprincipito.com\/index.php?rest_route=\/wp\/v2\/product"}],"about":[{"href":"https:\/\/libreriaelprincipito.com\/index.php?rest_route=\/wp\/v2\/types\/product"}],"replies":[{"embeddable":true,"href":"https:\/\/libreriaelprincipito.com\/index.php?rest_route=%2Fwp%2Fv2%2Fcomments&post=16310"}],"version-history":[{"count":1,"href":"https:\/\/libreriaelprincipito.com\/index.php?rest_route=\/wp\/v2\/product\/16310\/revisions"}],"predecessor-version":[{"id":16354,"href":"https:\/\/libreriaelprincipito.com\/index.php?rest_route=\/wp\/v2\/product\/16310\/revisions\/16354"}],"wp:featuredmedia":[{"embeddable":true,"href":"https:\/\/libreriaelprincipito.com\/index.php?rest_route=\/wp\/v2\/media\/18495"}],"wp:attachment":[{"href":"https:\/\/libreriaelprincipito.com\/index.php?rest_route=%2Fwp%2Fv2%2Fmedia&parent=16310"}],"wp:term":[{"taxonomy":"product_brand","embeddable":true,"href":"https:\/\/libreriaelprincipito.com\/index.php?rest_route=%2Fwp%2Fv2%2Fproduct_brand&post=16310"},{"taxonomy":"product_cat","embeddable":true,"href":"https:\/\/libreriaelprincipito.com\/index.php?rest_route=%2Fwp%2Fv2%2Fproduct_cat&post=16310"},{"taxonomy":"product_tag","embeddable":true,"href":"https:\/\/libreriaelprincipito.com\/index.php?rest_route=%2Fwp%2Fv2%2Fproduct_tag&post=16310"}],"curies":[{"name":"wp","href":"https:\/\/api.w.org\/{rel}","templated":true}]}}