{"id":16312,"date":"2026-02-06T04:35:01","date_gmt":"2026-02-06T04:35:01","guid":{"rendered":"https:\/\/libreriaelprincipito.com\/?post_type=product&#038;p=16312"},"modified":"2026-02-17T17:05:07","modified_gmt":"2026-02-17T17:05:07","slug":"blancanieves-nivel-2","status":"publish","type":"product","link":"https:\/\/libreriaelprincipito.com\/?product=blancanieves-nivel-2","title":{"rendered":"BLANCANIEVES NIVEL 2"},"content":{"rendered":"<p>Blancanieves, la historia de una joven que, huyendo de su terrible madrastra, conoce a unos simp\u00e1ticos enanitos que le abrir\u00e1n su hogar y le brindar\u00e1n su amistad y su generosidad. El amor de un apuesto pr\u00edncipe pondr\u00e1 el broche final a una bella historia.<\/p>\n<p>&nbsp;<\/p>\n<p>DETALLES DEL PRODUCTO:<\/p>\n<p>ISBS: 9788467729740<\/p>\n<p>C\u00f3digo: 273038<\/p>\n<p>P\u00e1ginas: 48 p\u00e1ginas.<\/p>\n<p>Tama\u00f1o: Formato 13,7 x 20,3. Carton\u00e9 con cubierta plastificada mate y brillo<\/p>\n","protected":false},"excerpt":{"rendered":"<p>Blancanieves, la historia de una joven que, huyendo de su terrible madrastra, conoce a unos simp\u00e1ticos enanitos que le abrir\u00e1n su hogar y le brindar\u00e1n su amistad y su generosidad. El amor de un apuesto pr\u00edncipe pondr\u00e1 el broche final a una bella historia.<\/p>\n<p>Edad: Desde 8 &#8211; 9 a\u00f1os.<\/p>\n","protected":false},"featured_media":18493,"comment_status":"open","ping_status":"closed","template":"","meta":[],"product_brand":[],"product_cat":[81],"product_tag":[],"class_list":{"0":"post-16312","1":"product","2":"type-product","3":"status-publish","4":"has-post-thumbnail","6":"product_cat-plan-lector","8":"first","9":"instock","10":"shipping-taxable","11":"purchasable","12":"product-type-simple"},"jetpack_sharing_enabled":true,"_links":{"self":[{"href":"https:\/\/libreriaelprincipito.com\/index.php?rest_route=\/wp\/v2\/product\/16312","targetHints":{"allow":["GET"]}}],"collection":[{"href":"https:\/\/libreriaelprincipito.com\/index.php?rest_route=\/wp\/v2\/product"}],"about":[{"href":"https:\/\/libreriaelprincipito.com\/index.php?rest_route=\/wp\/v2\/types\/product"}],"replies":[{"embeddable":true,"href":"https:\/\/libreriaelprincipito.com\/index.php?rest_route=%2Fwp%2Fv2%2Fcomments&post=16312"}],"version-history":[{"count":1,"href":"https:\/\/libreriaelprincipito.com\/index.php?rest_route=\/wp\/v2\/product\/16312\/revisions"}],"predecessor-version":[{"id":16358,"href":"https:\/\/libreriaelprincipito.com\/index.php?rest_route=\/wp\/v2\/product\/16312\/revisions\/16358"}],"wp:featuredmedia":[{"embeddable":true,"href":"https:\/\/libreriaelprincipito.com\/index.php?rest_route=\/wp\/v2\/media\/18493"}],"wp:attachment":[{"href":"https:\/\/libreriaelprincipito.com\/index.php?rest_route=%2Fwp%2Fv2%2Fmedia&parent=16312"}],"wp:term":[{"taxonomy":"product_brand","embeddable":true,"href":"https:\/\/libreriaelprincipito.com\/index.php?rest_route=%2Fwp%2Fv2%2Fproduct_brand&post=16312"},{"taxonomy":"product_cat","embeddable":true,"href":"https:\/\/libreriaelprincipito.com\/index.php?rest_route=%2Fwp%2Fv2%2Fproduct_cat&post=16312"},{"taxonomy":"product_tag","embeddable":true,"href":"https:\/\/libreriaelprincipito.com\/index.php?rest_route=%2Fwp%2Fv2%2Fproduct_tag&post=16312"}],"curies":[{"name":"wp","href":"https:\/\/api.w.org\/{rel}","templated":true}]}}