{"id":16322,"date":"2026-02-06T04:35:03","date_gmt":"2026-02-06T04:35:03","guid":{"rendered":"https:\/\/libreriaelprincipito.com\/?post_type=product&#038;p=16322"},"modified":"2026-02-20T15:06:56","modified_gmt":"2026-02-20T15:06:56","slug":"robin-hood-nivel-3","status":"publish","type":"product","link":"https:\/\/libreriaelprincipito.com\/?product=robin-hood-nivel-3","title":{"rendered":"ROBIN HOOD NIVEL 3"},"content":{"rendered":"<p>El personaje de Robin Hood se convirti\u00f3 desde la \u00e9poca medieval en una leyenda: era el hombre fuera de la ley que viv\u00eda en el bosque de Sherwood con su banda de fugitivos, robando a los ricos para dar sus riquezas a los necesitados. \u00bfExisti\u00f3 de verdad o fue un mito? Poco importa, pues lo que ha quedado es la leyenda de una figura m\u00edtica que encarnaba la lucha por la libertad contra las leyes injustas de los nobles y poderosos de la Edad Media.<\/p>\n<p>&nbsp;<\/p>\n<p>DETALLES DEL PRODUCTO:<\/p>\n<p>ISBS: 9788467721898<\/p>\n<p>C\u00f3digo: 273071<\/p>\n<p>P\u00e1ginas: 72 p\u00e1ginas.<\/p>\n<p>Tama\u00f1o: Formato 13,7 x 20,3. Carton\u00e9 con cubierta plastificada mate y brillo<\/p>\n","protected":false},"excerpt":{"rendered":"<p>El personaje de Robin Hood se convirti\u00f3 desde la \u00e9poca medieval en una leyenda: era el hombre fuera de la ley que viv\u00eda en el bosque de Sherwood con su banda de fugitivos, robando a los ricos para dar sus riquezas a los necesitados. \u00bfExisti\u00f3 de verdad o fue un mito? Poco importa, pues lo que ha quedado es la leyenda de una figura m\u00edtica que encarnaba la lucha por la libertad contra las leyes injustas de los nobles y poderosos de la Edad Media.<\/p>\n","protected":false},"featured_media":18937,"comment_status":"open","ping_status":"closed","template":"","meta":[],"product_brand":[],"product_cat":[74,81],"product_tag":[],"class_list":{"0":"post-16322","1":"product","2":"type-product","3":"status-publish","4":"has-post-thumbnail","6":"product_cat-infantil","7":"product_cat-plan-lector","9":"first","10":"instock","11":"shipping-taxable","12":"purchasable","13":"product-type-simple"},"jetpack_sharing_enabled":true,"_links":{"self":[{"href":"https:\/\/libreriaelprincipito.com\/index.php?rest_route=\/wp\/v2\/product\/16322","targetHints":{"allow":["GET"]}}],"collection":[{"href":"https:\/\/libreriaelprincipito.com\/index.php?rest_route=\/wp\/v2\/product"}],"about":[{"href":"https:\/\/libreriaelprincipito.com\/index.php?rest_route=\/wp\/v2\/types\/product"}],"replies":[{"embeddable":true,"href":"https:\/\/libreriaelprincipito.com\/index.php?rest_route=%2Fwp%2Fv2%2Fcomments&post=16322"}],"version-history":[{"count":1,"href":"https:\/\/libreriaelprincipito.com\/index.php?rest_route=\/wp\/v2\/product\/16322\/revisions"}],"predecessor-version":[{"id":16378,"href":"https:\/\/libreriaelprincipito.com\/index.php?rest_route=\/wp\/v2\/product\/16322\/revisions\/16378"}],"wp:featuredmedia":[{"embeddable":true,"href":"https:\/\/libreriaelprincipito.com\/index.php?rest_route=\/wp\/v2\/media\/18937"}],"wp:attachment":[{"href":"https:\/\/libreriaelprincipito.com\/index.php?rest_route=%2Fwp%2Fv2%2Fmedia&parent=16322"}],"wp:term":[{"taxonomy":"product_brand","embeddable":true,"href":"https:\/\/libreriaelprincipito.com\/index.php?rest_route=%2Fwp%2Fv2%2Fproduct_brand&post=16322"},{"taxonomy":"product_cat","embeddable":true,"href":"https:\/\/libreriaelprincipito.com\/index.php?rest_route=%2Fwp%2Fv2%2Fproduct_cat&post=16322"},{"taxonomy":"product_tag","embeddable":true,"href":"https:\/\/libreriaelprincipito.com\/index.php?rest_route=%2Fwp%2Fv2%2Fproduct_tag&post=16322"}],"curies":[{"name":"wp","href":"https:\/\/api.w.org\/{rel}","templated":true}]}}