{"id":16323,"date":"2026-02-06T04:35:03","date_gmt":"2026-02-06T04:35:03","guid":{"rendered":"https:\/\/libreriaelprincipito.com\/?post_type=product&#038;p=16323"},"modified":"2026-02-17T18:11:28","modified_gmt":"2026-02-17T18:11:28","slug":"los-tres-mosqueteros-nivel-3","status":"publish","type":"product","link":"https:\/\/libreriaelprincipito.com\/?product=los-tres-mosqueteros-nivel-3","title":{"rendered":"LOS TRES MOSQUETEROS NIVEL 3"},"content":{"rendered":"<p>Los tres mosqueteros, una de las m\u00e1s famosas novelas hist\u00f3ricas de Alejandro Dumas, se public\u00f3 por primera vez por entregas en 1844. Se desarrolla en Francia a principios del siglo XVII mezclando realidad y ficci\u00f3n, hechos y personajes hist\u00f3ricos con h\u00e9roes y villanos nacidos de su gran imaginaci\u00f3n. Esta trepidante novela permite ver c\u00f3mo en ocasiones los acontecimientos hist\u00f3ricos tienen como trasfondo rivalidades personales, amores y envidias.<\/p>\n<p>&nbsp;<\/p>\n<p>DETALLES DEL PRODUCTO:<\/p>\n<p>ISBS: 9788467729511<\/p>\n<p>C\u00f3digo: 273073<\/p>\n<p>P\u00e1ginas: 72 p\u00e1ginas.<\/p>\n<p>Tama\u00f1o: Formato 13,7 x 20,3. Carton\u00e9 con cubierta plastificada mate y brillo<\/p>\n","protected":false},"excerpt":{"rendered":"<p>Los tres mosqueteros, una de las m\u00e1s famosas novelas hist\u00f3ricas de Alejandro Dumas, se public\u00f3 por primera vez por entregas en 1844. Se desarrolla en Francia a principios del siglo XVII mezclando realidad y ficci\u00f3n, hechos y personajes hist\u00f3ricos con h\u00e9roes y villanos nacidos de su gran imaginaci\u00f3n. Esta trepidante novela permite ver c\u00f3mo en ocasiones los acontecimientos hist\u00f3ricos tienen como trasfondo rivalidades personales, amores y envidias.<\/p>\n","protected":false},"featured_media":18509,"comment_status":"open","ping_status":"closed","template":"","meta":[],"product_brand":[],"product_cat":[74,81],"product_tag":[],"class_list":{"0":"post-16323","1":"product","2":"type-product","3":"status-publish","4":"has-post-thumbnail","6":"product_cat-infantil","7":"product_cat-plan-lector","9":"first","10":"instock","11":"shipping-taxable","12":"purchasable","13":"product-type-simple"},"jetpack_sharing_enabled":true,"_links":{"self":[{"href":"https:\/\/libreriaelprincipito.com\/index.php?rest_route=\/wp\/v2\/product\/16323","targetHints":{"allow":["GET"]}}],"collection":[{"href":"https:\/\/libreriaelprincipito.com\/index.php?rest_route=\/wp\/v2\/product"}],"about":[{"href":"https:\/\/libreriaelprincipito.com\/index.php?rest_route=\/wp\/v2\/types\/product"}],"replies":[{"embeddable":true,"href":"https:\/\/libreriaelprincipito.com\/index.php?rest_route=%2Fwp%2Fv2%2Fcomments&post=16323"}],"version-history":[{"count":1,"href":"https:\/\/libreriaelprincipito.com\/index.php?rest_route=\/wp\/v2\/product\/16323\/revisions"}],"predecessor-version":[{"id":16380,"href":"https:\/\/libreriaelprincipito.com\/index.php?rest_route=\/wp\/v2\/product\/16323\/revisions\/16380"}],"wp:featuredmedia":[{"embeddable":true,"href":"https:\/\/libreriaelprincipito.com\/index.php?rest_route=\/wp\/v2\/media\/18509"}],"wp:attachment":[{"href":"https:\/\/libreriaelprincipito.com\/index.php?rest_route=%2Fwp%2Fv2%2Fmedia&parent=16323"}],"wp:term":[{"taxonomy":"product_brand","embeddable":true,"href":"https:\/\/libreriaelprincipito.com\/index.php?rest_route=%2Fwp%2Fv2%2Fproduct_brand&post=16323"},{"taxonomy":"product_cat","embeddable":true,"href":"https:\/\/libreriaelprincipito.com\/index.php?rest_route=%2Fwp%2Fv2%2Fproduct_cat&post=16323"},{"taxonomy":"product_tag","embeddable":true,"href":"https:\/\/libreriaelprincipito.com\/index.php?rest_route=%2Fwp%2Fv2%2Fproduct_tag&post=16323"}],"curies":[{"name":"wp","href":"https:\/\/api.w.org\/{rel}","templated":true}]}}