{"id":16324,"date":"2026-02-06T04:35:03","date_gmt":"2026-02-06T04:35:03","guid":{"rendered":"https:\/\/libreriaelprincipito.com\/?post_type=product&#038;p=16324"},"modified":"2026-02-17T18:13:18","modified_gmt":"2026-02-17T18:13:18","slug":"alicia-en-el-pais-de-las-maravillas-nivel-3","status":"publish","type":"product","link":"https:\/\/libreriaelprincipito.com\/?product=alicia-en-el-pais-de-las-maravillas-nivel-3","title":{"rendered":"ALICIA EN EL PAIS DE LAS MARAVILLAS NIVEL 3"},"content":{"rendered":"<p>Alicia en el pa\u00eds de las maravillas narra aventuras sin moraleja, al contrario de lo que era costumbre en los escritos de la \u00e9poca. El autor, Lewis Carroll, era un hombre t\u00edmido y solitario; inventaba juegos y cuentos para los ni\u00f1os y as\u00ed precisamente naci\u00f3 esta historia, pues la ide\u00f3 para entretener a las hijas de unos amigos.<\/p>\n<p>&nbsp;<\/p>\n<p>DETALLES DEL PRODUCTO:<\/p>\n<p>ISBS: 9788467739831<\/p>\n<p>C\u00f3digo: 273074<\/p>\n<p>P\u00e1ginas: 72 p\u00e1ginas.<\/p>\n<p>Tama\u00f1o: Formato 13,7 x 20,3. Carton\u00e9 con cubierta plastificada mate y brillo<\/p>\n","protected":false},"excerpt":{"rendered":"<p>Alicia en el pa\u00eds de las maravillas narra aventuras sin moraleja, al contrario de lo que era costumbre en los escritos de la \u00e9poca. El autor, Lewis Carroll, era un hombre t\u00edmido y solitario; inventaba juegos y cuentos para los ni\u00f1os y as\u00ed precisamente naci\u00f3 esta historia, pues la ide\u00f3 para entretener a las hijas de unos amigos.<\/p>\n","protected":false},"featured_media":18510,"comment_status":"open","ping_status":"closed","template":"","meta":[],"product_brand":[],"product_cat":[74,81],"product_tag":[],"class_list":{"0":"post-16324","1":"product","2":"type-product","3":"status-publish","4":"has-post-thumbnail","6":"product_cat-infantil","7":"product_cat-plan-lector","9":"first","10":"instock","11":"shipping-taxable","12":"purchasable","13":"product-type-simple"},"jetpack_sharing_enabled":true,"_links":{"self":[{"href":"https:\/\/libreriaelprincipito.com\/index.php?rest_route=\/wp\/v2\/product\/16324","targetHints":{"allow":["GET"]}}],"collection":[{"href":"https:\/\/libreriaelprincipito.com\/index.php?rest_route=\/wp\/v2\/product"}],"about":[{"href":"https:\/\/libreriaelprincipito.com\/index.php?rest_route=\/wp\/v2\/types\/product"}],"replies":[{"embeddable":true,"href":"https:\/\/libreriaelprincipito.com\/index.php?rest_route=%2Fwp%2Fv2%2Fcomments&post=16324"}],"version-history":[{"count":1,"href":"https:\/\/libreriaelprincipito.com\/index.php?rest_route=\/wp\/v2\/product\/16324\/revisions"}],"predecessor-version":[{"id":16382,"href":"https:\/\/libreriaelprincipito.com\/index.php?rest_route=\/wp\/v2\/product\/16324\/revisions\/16382"}],"wp:featuredmedia":[{"embeddable":true,"href":"https:\/\/libreriaelprincipito.com\/index.php?rest_route=\/wp\/v2\/media\/18510"}],"wp:attachment":[{"href":"https:\/\/libreriaelprincipito.com\/index.php?rest_route=%2Fwp%2Fv2%2Fmedia&parent=16324"}],"wp:term":[{"taxonomy":"product_brand","embeddable":true,"href":"https:\/\/libreriaelprincipito.com\/index.php?rest_route=%2Fwp%2Fv2%2Fproduct_brand&post=16324"},{"taxonomy":"product_cat","embeddable":true,"href":"https:\/\/libreriaelprincipito.com\/index.php?rest_route=%2Fwp%2Fv2%2Fproduct_cat&post=16324"},{"taxonomy":"product_tag","embeddable":true,"href":"https:\/\/libreriaelprincipito.com\/index.php?rest_route=%2Fwp%2Fv2%2Fproduct_tag&post=16324"}],"curies":[{"name":"wp","href":"https:\/\/api.w.org\/{rel}","templated":true}]}}