{"id":16325,"date":"2026-02-06T04:35:03","date_gmt":"2026-02-06T04:35:03","guid":{"rendered":"https:\/\/libreriaelprincipito.com\/?post_type=product&#038;p=16325"},"modified":"2026-02-17T17:20:56","modified_gmt":"2026-02-17T17:20:56","slug":"heidi-nivel-3","status":"publish","type":"product","link":"https:\/\/libreriaelprincipito.com\/?product=heidi-nivel-3","title":{"rendered":"HEIDI NIVEL 3"},"content":{"rendered":"<p>Johanna Spyri escribi\u00f3 este relato para contarle a su hijo los d\u00edas felices que ella vivi\u00f3 durante su infancia. La autora, al igual que el personaje de Heidi, se sent\u00eda libre en las monta\u00f1as, mucho m\u00e1s que estando rodeada de lujo y dinero en una gran casa en la ciudad.<\/p>\n<p>&nbsp;<\/p>\n<p>DETALLES DEL PRODUCTO:<\/p>\n<p>ISBS: 9788467739848<\/p>\n<p>C\u00f3digo: 273075<\/p>\n<p>P\u00e1ginas: 72 p\u00e1ginas.<\/p>\n<p>Tama\u00f1o: Formato 13,7 x 20,3. Carton\u00e9 con cubierta plastificada mate y brillo<\/p>\n","protected":false},"excerpt":{"rendered":"<p>Johanna Spyri escribi\u00f3 este relato para contarle a su hijo los d\u00edas felices que ella vivi\u00f3 durante su infancia. La autora, al igual que el personaje de Heidi, se sent\u00eda libre en las monta\u00f1as, mucho m\u00e1s que estando rodeada de lujo y dinero en una gran casa en la ciudad.<\/p>\n","protected":false},"featured_media":18508,"comment_status":"open","ping_status":"closed","template":"","meta":[],"product_brand":[],"product_cat":[74,81],"product_tag":[],"class_list":{"0":"post-16325","1":"product","2":"type-product","3":"status-publish","4":"has-post-thumbnail","6":"product_cat-infantil","7":"product_cat-plan-lector","9":"first","10":"instock","11":"shipping-taxable","12":"purchasable","13":"product-type-simple"},"jetpack_sharing_enabled":true,"_links":{"self":[{"href":"https:\/\/libreriaelprincipito.com\/index.php?rest_route=\/wp\/v2\/product\/16325","targetHints":{"allow":["GET"]}}],"collection":[{"href":"https:\/\/libreriaelprincipito.com\/index.php?rest_route=\/wp\/v2\/product"}],"about":[{"href":"https:\/\/libreriaelprincipito.com\/index.php?rest_route=\/wp\/v2\/types\/product"}],"replies":[{"embeddable":true,"href":"https:\/\/libreriaelprincipito.com\/index.php?rest_route=%2Fwp%2Fv2%2Fcomments&post=16325"}],"version-history":[{"count":1,"href":"https:\/\/libreriaelprincipito.com\/index.php?rest_route=\/wp\/v2\/product\/16325\/revisions"}],"predecessor-version":[{"id":16384,"href":"https:\/\/libreriaelprincipito.com\/index.php?rest_route=\/wp\/v2\/product\/16325\/revisions\/16384"}],"wp:featuredmedia":[{"embeddable":true,"href":"https:\/\/libreriaelprincipito.com\/index.php?rest_route=\/wp\/v2\/media\/18508"}],"wp:attachment":[{"href":"https:\/\/libreriaelprincipito.com\/index.php?rest_route=%2Fwp%2Fv2%2Fmedia&parent=16325"}],"wp:term":[{"taxonomy":"product_brand","embeddable":true,"href":"https:\/\/libreriaelprincipito.com\/index.php?rest_route=%2Fwp%2Fv2%2Fproduct_brand&post=16325"},{"taxonomy":"product_cat","embeddable":true,"href":"https:\/\/libreriaelprincipito.com\/index.php?rest_route=%2Fwp%2Fv2%2Fproduct_cat&post=16325"},{"taxonomy":"product_tag","embeddable":true,"href":"https:\/\/libreriaelprincipito.com\/index.php?rest_route=%2Fwp%2Fv2%2Fproduct_tag&post=16325"}],"curies":[{"name":"wp","href":"https:\/\/api.w.org\/{rel}","templated":true}]}}