{"id":16326,"date":"2026-02-06T04:35:03","date_gmt":"2026-02-06T04:35:03","guid":{"rendered":"https:\/\/libreriaelprincipito.com\/?post_type=product&#038;p=16326"},"modified":"2026-02-17T17:19:56","modified_gmt":"2026-02-17T17:19:56","slug":"romeo-y-julieta-nivel-3","status":"publish","type":"product","link":"https:\/\/libreriaelprincipito.com\/?product=romeo-y-julieta-nivel-3","title":{"rendered":"ROMEO Y JULIETA NIVEL 3"},"content":{"rendered":"<p>En el siglo XVI, el teatro era muy apreciado en la sociedad inglesa, tanto por los plebeyos como por los arist\u00f3cratas. \u00abRomeo y Julieta\u00bb fue el primer \u00e9xito de William Shakespeare, que lo escribi\u00f3 con 30 a\u00f1os y, desde entonces, no dej\u00f3 de crear obras, con las que alcanz\u00f3 la fama y la fortuna. La obra cuenta la historia de dos j\u00f3venes enamorados, que deciden estar juntos a pesar de la oposici\u00f3n de sus familias, que son enemigas desde siempre.<\/p>\n<p>&nbsp;<\/p>\n<p>DETALLES DEL PRODUCTO:<\/p>\n<p>ISBS: 9788467739855<\/p>\n<p>C\u00f3digo: 273076<\/p>\n<p>P\u00e1ginas: 72 p\u00e1ginas.<\/p>\n<p>Tama\u00f1o: Formato 13,7 x 20,3. Carton\u00e9 con cubierta plastificada mate y brillo<\/p>\n","protected":false},"excerpt":{"rendered":"<p>En el siglo XVI, el teatro era muy apreciado en la sociedad inglesa, tanto por los plebeyos como por los arist\u00f3cratas. \u00abRomeo y Julieta\u00bb fue el primer \u00e9xito de William Shakespeare, que lo escribi\u00f3 con 30 a\u00f1os y, desde entonces, no dej\u00f3 de crear obras, con las que alcanz\u00f3 la fama y la fortuna. La obra cuenta la historia de dos j\u00f3venes enamorados, que deciden estar juntos a pesar de la oposici\u00f3n de sus familias, que son enemigas desde siempre.<\/p>\n","protected":false},"featured_media":18507,"comment_status":"open","ping_status":"closed","template":"","meta":[],"product_brand":[],"product_cat":[74,81],"product_tag":[],"class_list":{"0":"post-16326","1":"product","2":"type-product","3":"status-publish","4":"has-post-thumbnail","6":"product_cat-infantil","7":"product_cat-plan-lector","9":"first","10":"instock","11":"shipping-taxable","12":"purchasable","13":"product-type-simple"},"jetpack_sharing_enabled":true,"_links":{"self":[{"href":"https:\/\/libreriaelprincipito.com\/index.php?rest_route=\/wp\/v2\/product\/16326","targetHints":{"allow":["GET"]}}],"collection":[{"href":"https:\/\/libreriaelprincipito.com\/index.php?rest_route=\/wp\/v2\/product"}],"about":[{"href":"https:\/\/libreriaelprincipito.com\/index.php?rest_route=\/wp\/v2\/types\/product"}],"replies":[{"embeddable":true,"href":"https:\/\/libreriaelprincipito.com\/index.php?rest_route=%2Fwp%2Fv2%2Fcomments&post=16326"}],"version-history":[{"count":1,"href":"https:\/\/libreriaelprincipito.com\/index.php?rest_route=\/wp\/v2\/product\/16326\/revisions"}],"predecessor-version":[{"id":16386,"href":"https:\/\/libreriaelprincipito.com\/index.php?rest_route=\/wp\/v2\/product\/16326\/revisions\/16386"}],"wp:featuredmedia":[{"embeddable":true,"href":"https:\/\/libreriaelprincipito.com\/index.php?rest_route=\/wp\/v2\/media\/18507"}],"wp:attachment":[{"href":"https:\/\/libreriaelprincipito.com\/index.php?rest_route=%2Fwp%2Fv2%2Fmedia&parent=16326"}],"wp:term":[{"taxonomy":"product_brand","embeddable":true,"href":"https:\/\/libreriaelprincipito.com\/index.php?rest_route=%2Fwp%2Fv2%2Fproduct_brand&post=16326"},{"taxonomy":"product_cat","embeddable":true,"href":"https:\/\/libreriaelprincipito.com\/index.php?rest_route=%2Fwp%2Fv2%2Fproduct_cat&post=16326"},{"taxonomy":"product_tag","embeddable":true,"href":"https:\/\/libreriaelprincipito.com\/index.php?rest_route=%2Fwp%2Fv2%2Fproduct_tag&post=16326"}],"curies":[{"name":"wp","href":"https:\/\/api.w.org\/{rel}","templated":true}]}}