{"id":16387,"date":"2026-02-06T04:35:20","date_gmt":"2026-02-06T04:35:20","guid":{"rendered":"https:\/\/libreriaelprincipito.com\/?post_type=product&#038;p=16387"},"modified":"2026-02-17T18:14:14","modified_gmt":"2026-02-17T18:14:14","slug":"los-buscadores-de-tesoros-nivel-3","status":"publish","type":"product","link":"https:\/\/libreriaelprincipito.com\/?product=los-buscadores-de-tesoros-nivel-3","title":{"rendered":"LOS BUSCADORES DE TESOROS NIVEL 3"},"content":{"rendered":"<p>Edith Nesbit naci\u00f3 en Londres en 1858 y fue una mujer que desafi\u00f3 muchos prejuicios de su \u00e9poca. Fue a los cuarenta a\u00f1os cuando alcanz\u00f3 el \u00e9xito, que lleg\u00f3 son sus libros infantiles. En ellos se mezcla la realidad cotidiana con elementos m\u00e1gicos, y est\u00e1n llenos de humor y aventuras, lo que ha inspirado a muchos escritores actuales de literatura infantil.<\/p>\n<p>&nbsp;<\/p>\n<p>DETALLES DEL PRODUCTO:<\/p>\n<p>ISBS: 9788467739862<\/p>\n<p>C\u00f3digo: 273077<\/p>\n<p>P\u00e1ginas: 72 p\u00e1ginas.<\/p>\n<p>Tama\u00f1o: Formato 13,7 x 20,3. Carton\u00e9 con cubierta plastificada mate y brillo<\/p>\n","protected":false},"excerpt":{"rendered":"<p>Edith Nesbit naci\u00f3 en Londres en 1858 y fue una mujer que desafi\u00f3 muchos prejuicios de su \u00e9poca. Fue a los cuarenta a\u00f1os cuando alcanz\u00f3 el \u00e9xito, que lleg\u00f3 son sus libros infantiles. En ellos se mezcla la realidad cotidiana con elementos m\u00e1gicos, y est\u00e1n llenos de humor y aventuras, lo que ha inspirado a muchos escritores actuales de literatura infantil.<\/p>\n","protected":false},"featured_media":18511,"comment_status":"open","ping_status":"closed","template":"","meta":[],"product_brand":[],"product_cat":[74,81],"product_tag":[],"class_list":{"0":"post-16387","1":"product","2":"type-product","3":"status-publish","4":"has-post-thumbnail","6":"product_cat-infantil","7":"product_cat-plan-lector","9":"first","10":"instock","11":"shipping-taxable","12":"purchasable","13":"product-type-simple"},"jetpack_sharing_enabled":true,"_links":{"self":[{"href":"https:\/\/libreriaelprincipito.com\/index.php?rest_route=\/wp\/v2\/product\/16387","targetHints":{"allow":["GET"]}}],"collection":[{"href":"https:\/\/libreriaelprincipito.com\/index.php?rest_route=\/wp\/v2\/product"}],"about":[{"href":"https:\/\/libreriaelprincipito.com\/index.php?rest_route=\/wp\/v2\/types\/product"}],"replies":[{"embeddable":true,"href":"https:\/\/libreriaelprincipito.com\/index.php?rest_route=%2Fwp%2Fv2%2Fcomments&post=16387"}],"version-history":[{"count":1,"href":"https:\/\/libreriaelprincipito.com\/index.php?rest_route=\/wp\/v2\/product\/16387\/revisions"}],"predecessor-version":[{"id":16418,"href":"https:\/\/libreriaelprincipito.com\/index.php?rest_route=\/wp\/v2\/product\/16387\/revisions\/16418"}],"wp:featuredmedia":[{"embeddable":true,"href":"https:\/\/libreriaelprincipito.com\/index.php?rest_route=\/wp\/v2\/media\/18511"}],"wp:attachment":[{"href":"https:\/\/libreriaelprincipito.com\/index.php?rest_route=%2Fwp%2Fv2%2Fmedia&parent=16387"}],"wp:term":[{"taxonomy":"product_brand","embeddable":true,"href":"https:\/\/libreriaelprincipito.com\/index.php?rest_route=%2Fwp%2Fv2%2Fproduct_brand&post=16387"},{"taxonomy":"product_cat","embeddable":true,"href":"https:\/\/libreriaelprincipito.com\/index.php?rest_route=%2Fwp%2Fv2%2Fproduct_cat&post=16387"},{"taxonomy":"product_tag","embeddable":true,"href":"https:\/\/libreriaelprincipito.com\/index.php?rest_route=%2Fwp%2Fv2%2Fproduct_tag&post=16387"}],"curies":[{"name":"wp","href":"https:\/\/api.w.org\/{rel}","templated":true}]}}