{"id":16388,"date":"2026-02-06T04:35:21","date_gmt":"2026-02-06T04:35:21","guid":{"rendered":"https:\/\/libreriaelprincipito.com\/?post_type=product&#038;p=16388"},"modified":"2026-02-17T18:28:02","modified_gmt":"2026-02-17T18:28:02","slug":"la-hija-del-capitan-nivel-3","status":"publish","type":"product","link":"https:\/\/libreriaelprincipito.com\/?product=la-hija-del-capitan-nivel-3","title":{"rendered":"LA HIJA DEL CAPITAN NIVEL 3"},"content":{"rendered":"<p>Esta es una novela hist\u00f3rica que transcurre a finales del siglo XVIII, cuando en Rusia gobernaba la emperatriz Catalina II, conocida como Catalina la Grande. En 1773, un cosaco llamado Yemeli\u00e1n Pugachov declar\u00f3 ser el destronado zar Pedro III y rechaz\u00f3 la autoridad de la emperatriz. Se sumaron a su gran rebeli\u00f3n muchas comunidades cosacas y varias etnias turcomanas que se sent\u00edan oprimidas por el Imperio ruso, adem\u00e1s de los campesinos. Una trepidante aventura con personajes hist\u00f3ricos.<\/p>\n<p>&nbsp;<\/p>\n<p>DETALLES DEL PRODUCTO:<\/p>\n<p>ISBS: 9788467740097<\/p>\n<p>C\u00f3digo: 273079<\/p>\n<p>P\u00e1ginas: 72 p\u00e1ginas.<\/p>\n<p>Tama\u00f1o: Formato 13,7 x 20,3. Carton\u00e9 con cubierta plastificada mate y brillo<\/p>\n","protected":false},"excerpt":{"rendered":"<p>Esta es una novela hist\u00f3rica que transcurre a finales del siglo XVIII, cuando en Rusia gobernaba la emperatriz Catalina II, conocida como Catalina la Grande. En 1773, un cosaco llamado Yemeli\u00e1n Pugachov declar\u00f3 ser el destronado zar Pedro III y rechaz\u00f3 la autoridad de la emperatriz. Se sumaron a su gran rebeli\u00f3n muchas comunidades cosacas y varias etnias turcomanas que se sent\u00edan oprimidas por el Imperio ruso, adem\u00e1s de los campesinos. Una trepidante aventura con personajes hist\u00f3ricos.<\/p>\n","protected":false},"featured_media":18522,"comment_status":"open","ping_status":"closed","template":"","meta":[],"product_brand":[],"product_cat":[74,81],"product_tag":[],"class_list":{"0":"post-16388","1":"product","2":"type-product","3":"status-publish","4":"has-post-thumbnail","6":"product_cat-infantil","7":"product_cat-plan-lector","9":"first","10":"instock","11":"shipping-taxable","12":"purchasable","13":"product-type-simple"},"jetpack_sharing_enabled":true,"_links":{"self":[{"href":"https:\/\/libreriaelprincipito.com\/index.php?rest_route=\/wp\/v2\/product\/16388","targetHints":{"allow":["GET"]}}],"collection":[{"href":"https:\/\/libreriaelprincipito.com\/index.php?rest_route=\/wp\/v2\/product"}],"about":[{"href":"https:\/\/libreriaelprincipito.com\/index.php?rest_route=\/wp\/v2\/types\/product"}],"replies":[{"embeddable":true,"href":"https:\/\/libreriaelprincipito.com\/index.php?rest_route=%2Fwp%2Fv2%2Fcomments&post=16388"}],"version-history":[{"count":1,"href":"https:\/\/libreriaelprincipito.com\/index.php?rest_route=\/wp\/v2\/product\/16388\/revisions"}],"predecessor-version":[{"id":16420,"href":"https:\/\/libreriaelprincipito.com\/index.php?rest_route=\/wp\/v2\/product\/16388\/revisions\/16420"}],"wp:featuredmedia":[{"embeddable":true,"href":"https:\/\/libreriaelprincipito.com\/index.php?rest_route=\/wp\/v2\/media\/18522"}],"wp:attachment":[{"href":"https:\/\/libreriaelprincipito.com\/index.php?rest_route=%2Fwp%2Fv2%2Fmedia&parent=16388"}],"wp:term":[{"taxonomy":"product_brand","embeddable":true,"href":"https:\/\/libreriaelprincipito.com\/index.php?rest_route=%2Fwp%2Fv2%2Fproduct_brand&post=16388"},{"taxonomy":"product_cat","embeddable":true,"href":"https:\/\/libreriaelprincipito.com\/index.php?rest_route=%2Fwp%2Fv2%2Fproduct_cat&post=16388"},{"taxonomy":"product_tag","embeddable":true,"href":"https:\/\/libreriaelprincipito.com\/index.php?rest_route=%2Fwp%2Fv2%2Fproduct_tag&post=16388"}],"curies":[{"name":"wp","href":"https:\/\/api.w.org\/{rel}","templated":true}]}}