{"id":16393,"date":"2026-02-06T04:35:21","date_gmt":"2026-02-06T04:35:21","guid":{"rendered":"https:\/\/libreriaelprincipito.com\/?post_type=product&#038;p=16393"},"modified":"2026-02-17T18:21:29","modified_gmt":"2026-02-17T18:21:29","slug":"rafael-alberti-poemas-nivel-3","status":"publish","type":"product","link":"https:\/\/libreriaelprincipito.com\/?product=rafael-alberti-poemas-nivel-3","title":{"rendered":"RAFAEL ALBERTI, POEMAS NIVEL 3"},"content":{"rendered":"<p>Este famoso poeta gaditano, ganador del Premio Cervantes en 1983, naci\u00f3 y muri\u00f3 casi con el siglo XX (1902-1999). Ya su primer libro, Marinero en tierra, obtuvo el Premio Nacional de Literatura en 1925 y fue muy elogiado por renovar la poes\u00eda popular, estilo que cultiv\u00f3 en muchos otros libros. Aunque siempre le gust\u00f3 probar diferentes formas, toda su poes\u00eda est\u00e1 llena de su amor al mar y a la Espa\u00f1a perdida.<\/p>\n<p>&nbsp;<\/p>\n<p>DETALLES DEL PRODUCTO:<\/p>\n<p>ISBS: 9788467761894<\/p>\n<p>C\u00f3digo: 273094<\/p>\n<p>P\u00e1ginas: 72 p\u00e1ginas.<\/p>\n<p>Tama\u00f1o: Formato 13,7 x 20,3. Carton\u00e9 con cubierta plastificada mate y brillo<\/p>\n","protected":false},"excerpt":{"rendered":"<p>Este famoso poeta gaditano, ganador del Premio Cervantes en 1983, naci\u00f3 y muri\u00f3 casi con el siglo XX (1902-1999). Ya su primer libro, Marinero en tierra, obtuvo el Premio Nacional de Literatura en 1925 y fue muy elogiado por renovar la poes\u00eda popular, estilo que cultiv\u00f3 en muchos otros libros. Aunque siempre le gust\u00f3 probar diferentes formas, toda su poes\u00eda est\u00e1 llena de su amor al mar y a la Espa\u00f1a perdida.<\/p>\n","protected":false},"featured_media":18517,"comment_status":"open","ping_status":"closed","template":"","meta":[],"product_brand":[],"product_cat":[74,81],"product_tag":[],"class_list":{"0":"post-16393","1":"product","2":"type-product","3":"status-publish","4":"has-post-thumbnail","6":"product_cat-infantil","7":"product_cat-plan-lector","9":"first","10":"instock","11":"shipping-taxable","12":"purchasable","13":"product-type-simple"},"jetpack_sharing_enabled":true,"_links":{"self":[{"href":"https:\/\/libreriaelprincipito.com\/index.php?rest_route=\/wp\/v2\/product\/16393","targetHints":{"allow":["GET"]}}],"collection":[{"href":"https:\/\/libreriaelprincipito.com\/index.php?rest_route=\/wp\/v2\/product"}],"about":[{"href":"https:\/\/libreriaelprincipito.com\/index.php?rest_route=\/wp\/v2\/types\/product"}],"replies":[{"embeddable":true,"href":"https:\/\/libreriaelprincipito.com\/index.php?rest_route=%2Fwp%2Fv2%2Fcomments&post=16393"}],"version-history":[{"count":1,"href":"https:\/\/libreriaelprincipito.com\/index.php?rest_route=\/wp\/v2\/product\/16393\/revisions"}],"predecessor-version":[{"id":16430,"href":"https:\/\/libreriaelprincipito.com\/index.php?rest_route=\/wp\/v2\/product\/16393\/revisions\/16430"}],"wp:featuredmedia":[{"embeddable":true,"href":"https:\/\/libreriaelprincipito.com\/index.php?rest_route=\/wp\/v2\/media\/18517"}],"wp:attachment":[{"href":"https:\/\/libreriaelprincipito.com\/index.php?rest_route=%2Fwp%2Fv2%2Fmedia&parent=16393"}],"wp:term":[{"taxonomy":"product_brand","embeddable":true,"href":"https:\/\/libreriaelprincipito.com\/index.php?rest_route=%2Fwp%2Fv2%2Fproduct_brand&post=16393"},{"taxonomy":"product_cat","embeddable":true,"href":"https:\/\/libreriaelprincipito.com\/index.php?rest_route=%2Fwp%2Fv2%2Fproduct_cat&post=16393"},{"taxonomy":"product_tag","embeddable":true,"href":"https:\/\/libreriaelprincipito.com\/index.php?rest_route=%2Fwp%2Fv2%2Fproduct_tag&post=16393"}],"curies":[{"name":"wp","href":"https:\/\/api.w.org\/{rel}","templated":true}]}}