{"id":16394,"date":"2026-02-06T04:35:21","date_gmt":"2026-02-06T04:35:21","guid":{"rendered":"https:\/\/libreriaelprincipito.com\/?post_type=product&#038;p=16394"},"modified":"2026-02-17T18:16:53","modified_gmt":"2026-02-17T18:16:53","slug":"el-principe-feliz-y-otros-cuentos-nivel-3","status":"publish","type":"product","link":"https:\/\/libreriaelprincipito.com\/?product=el-principe-feliz-y-otros-cuentos-nivel-3","title":{"rendered":"EL PRINCIPE FELIZ Y OTROS CUENTOS NIVEL 3"},"content":{"rendered":"<p>Oscar Wilde public\u00f3 \u00abEl pr\u00edncipe feliz y otros cuentos\u00bb en 1888 y desde entonces se ha convertido en un cl\u00e1sico. El autor sabe describir con deliciosas pinceladas la belleza que hay en la naturaleza y en el interior de ciertos personajes, y al mismo tiempo muestra su agudo ingenio al criticar con iron\u00eda la sociedad inglesa de su \u00e9poca, m\u00e1s interesada en aparentar lujo y poder y en mantener las enormes diferencias entre ricos y pobres que en mostrar amor y generosidad.<\/p>\n<p>&nbsp;<\/p>\n<p>DETALLES DEL PRODUCTO:<\/p>\n<p>ISBS: 9788467772227<\/p>\n<p>C\u00f3digo: 273097<\/p>\n<p>P\u00e1ginas: 72 p\u00e1ginas.<\/p>\n<p>Tama\u00f1o: Formato 13,7 x 20,3. Carton\u00e9 con cubierta plastificada mate y brillo<\/p>\n","protected":false},"excerpt":{"rendered":"<p>Oscar Wilde public\u00f3 \u00abEl pr\u00edncipe feliz y otros cuentos\u00bb en 1888 y desde entonces se ha convertido en un cl\u00e1sico. El autor sabe describir con deliciosas pinceladas la belleza que hay en la naturaleza y en el interior de ciertos personajes, y al mismo tiempo muestra su agudo ingenio al criticar con iron\u00eda la sociedad inglesa de su \u00e9poca, m\u00e1s interesada en aparentar lujo y poder y en mantener las enormes diferencias entre ricos y pobres que en mostrar amor y generosidad.<\/p>\n","protected":false},"featured_media":18513,"comment_status":"open","ping_status":"closed","template":"","meta":[],"product_brand":[],"product_cat":[74,81],"product_tag":[],"class_list":{"0":"post-16394","1":"product","2":"type-product","3":"status-publish","4":"has-post-thumbnail","6":"product_cat-infantil","7":"product_cat-plan-lector","9":"first","10":"instock","11":"shipping-taxable","12":"purchasable","13":"product-type-simple"},"jetpack_sharing_enabled":true,"_links":{"self":[{"href":"https:\/\/libreriaelprincipito.com\/index.php?rest_route=\/wp\/v2\/product\/16394","targetHints":{"allow":["GET"]}}],"collection":[{"href":"https:\/\/libreriaelprincipito.com\/index.php?rest_route=\/wp\/v2\/product"}],"about":[{"href":"https:\/\/libreriaelprincipito.com\/index.php?rest_route=\/wp\/v2\/types\/product"}],"replies":[{"embeddable":true,"href":"https:\/\/libreriaelprincipito.com\/index.php?rest_route=%2Fwp%2Fv2%2Fcomments&post=16394"}],"version-history":[{"count":1,"href":"https:\/\/libreriaelprincipito.com\/index.php?rest_route=\/wp\/v2\/product\/16394\/revisions"}],"predecessor-version":[{"id":16432,"href":"https:\/\/libreriaelprincipito.com\/index.php?rest_route=\/wp\/v2\/product\/16394\/revisions\/16432"}],"wp:featuredmedia":[{"embeddable":true,"href":"https:\/\/libreriaelprincipito.com\/index.php?rest_route=\/wp\/v2\/media\/18513"}],"wp:attachment":[{"href":"https:\/\/libreriaelprincipito.com\/index.php?rest_route=%2Fwp%2Fv2%2Fmedia&parent=16394"}],"wp:term":[{"taxonomy":"product_brand","embeddable":true,"href":"https:\/\/libreriaelprincipito.com\/index.php?rest_route=%2Fwp%2Fv2%2Fproduct_brand&post=16394"},{"taxonomy":"product_cat","embeddable":true,"href":"https:\/\/libreriaelprincipito.com\/index.php?rest_route=%2Fwp%2Fv2%2Fproduct_cat&post=16394"},{"taxonomy":"product_tag","embeddable":true,"href":"https:\/\/libreriaelprincipito.com\/index.php?rest_route=%2Fwp%2Fv2%2Fproduct_tag&post=16394"}],"curies":[{"name":"wp","href":"https:\/\/api.w.org\/{rel}","templated":true}]}}