{"id":16395,"date":"2026-02-06T04:35:21","date_gmt":"2026-02-06T04:35:21","guid":{"rendered":"https:\/\/libreriaelprincipito.com\/?post_type=product&#038;p=16395"},"modified":"2026-02-17T18:20:36","modified_gmt":"2026-02-17T18:20:36","slug":"el-corsario-negro-nivel-3","status":"publish","type":"product","link":"https:\/\/libreriaelprincipito.com\/?product=el-corsario-negro-nivel-3","title":{"rendered":"EL CORSARIO NEGRO NIVEL 3"},"content":{"rendered":"<p>Emilio Salgari naci\u00f3 en Verona (Italia) en 1862 y de joven tuvo alguna experiencia como marino. A los 21 a\u00f1os empez\u00f3 a publicar relatos y en poco tiempo logr\u00f3 un gran \u00e9xito. Sus libros, llenos de aventuras en ambientes muy distintos, nos descubren, entre otras cosas, el mundo de los corsarios, marinos que, en tiempos de guerra, ten\u00edan un permiso de su gobierno para saquear barcos y hacer la guerra a pa\u00edses enemigos.<\/p>\n<p>&nbsp;<\/p>\n<p>DETALLES DEL PRODUCTO:<\/p>\n<p>ISBS: 9788467777123<\/p>\n<p>C\u00f3digo: 273099<\/p>\n<p>P\u00e1ginas: 72 p\u00e1ginas.<\/p>\n<p>Tama\u00f1o: Formato 13,7 x 20,3. Carton\u00e9 con cubierta plastificada mate y brillo<\/p>\n","protected":false},"excerpt":{"rendered":"<p>Emilio Salgari naci\u00f3 en Verona (Italia) en 1862 y de joven tuvo alguna experiencia como marino. A los 21 a\u00f1os empez\u00f3 a publicar relatos y en poco tiempo logr\u00f3 un gran \u00e9xito. Sus libros, llenos de aventuras en ambientes muy distintos, nos descubren, entre otras cosas, el mundo de los corsarios, marinos que, en tiempos de guerra, ten\u00edan un permiso de su gobierno para saquear barcos y hacer la guerra a pa\u00edses enemigos.<\/p>\n","protected":false},"featured_media":18516,"comment_status":"open","ping_status":"closed","template":"","meta":[],"product_brand":[],"product_cat":[74,81],"product_tag":[],"class_list":{"0":"post-16395","1":"product","2":"type-product","3":"status-publish","4":"has-post-thumbnail","6":"product_cat-infantil","7":"product_cat-plan-lector","9":"first","10":"instock","11":"shipping-taxable","12":"purchasable","13":"product-type-simple"},"jetpack_sharing_enabled":true,"_links":{"self":[{"href":"https:\/\/libreriaelprincipito.com\/index.php?rest_route=\/wp\/v2\/product\/16395","targetHints":{"allow":["GET"]}}],"collection":[{"href":"https:\/\/libreriaelprincipito.com\/index.php?rest_route=\/wp\/v2\/product"}],"about":[{"href":"https:\/\/libreriaelprincipito.com\/index.php?rest_route=\/wp\/v2\/types\/product"}],"replies":[{"embeddable":true,"href":"https:\/\/libreriaelprincipito.com\/index.php?rest_route=%2Fwp%2Fv2%2Fcomments&post=16395"}],"version-history":[{"count":1,"href":"https:\/\/libreriaelprincipito.com\/index.php?rest_route=\/wp\/v2\/product\/16395\/revisions"}],"predecessor-version":[{"id":16434,"href":"https:\/\/libreriaelprincipito.com\/index.php?rest_route=\/wp\/v2\/product\/16395\/revisions\/16434"}],"wp:featuredmedia":[{"embeddable":true,"href":"https:\/\/libreriaelprincipito.com\/index.php?rest_route=\/wp\/v2\/media\/18516"}],"wp:attachment":[{"href":"https:\/\/libreriaelprincipito.com\/index.php?rest_route=%2Fwp%2Fv2%2Fmedia&parent=16395"}],"wp:term":[{"taxonomy":"product_brand","embeddable":true,"href":"https:\/\/libreriaelprincipito.com\/index.php?rest_route=%2Fwp%2Fv2%2Fproduct_brand&post=16395"},{"taxonomy":"product_cat","embeddable":true,"href":"https:\/\/libreriaelprincipito.com\/index.php?rest_route=%2Fwp%2Fv2%2Fproduct_cat&post=16395"},{"taxonomy":"product_tag","embeddable":true,"href":"https:\/\/libreriaelprincipito.com\/index.php?rest_route=%2Fwp%2Fv2%2Fproduct_tag&post=16395"}],"curies":[{"name":"wp","href":"https:\/\/api.w.org\/{rel}","templated":true}]}}