{"id":16396,"date":"2026-02-06T04:35:21","date_gmt":"2026-02-06T04:35:21","guid":{"rendered":"https:\/\/libreriaelprincipito.com\/?post_type=product&#038;p=16396"},"modified":"2026-02-17T18:17:58","modified_gmt":"2026-02-17T18:17:58","slug":"el-principito-nivel-3","status":"publish","type":"product","link":"https:\/\/libreriaelprincipito.com\/?product=el-principito-nivel-3","title":{"rendered":"EL PRINCIPITO NIVEL 3"},"content":{"rendered":"<p>Al igual que el aviador de la novela \u00abEl Principito\u00bb, Antoine de Saint-Exup\u00e9ry sufri\u00f3 un accidente mientras pilotaba un avi\u00f3n y cay\u00f3 en pleno desierto del S\u00e1hara junto a su amigo y copiloto Andr\u00e9 Pr\u00e9vot. Solos y sin apenas comida, r\u00e1pidamente sufrieron los efectos de la deshidrataci\u00f3n y comenzaron a tener alucinaciones, hasta que, afortunadamente, un beduino los encontr\u00f3 y los salv\u00f3.<\/p>\n<p>&nbsp;<\/p>\n<p>DETALLES DEL PRODUCTO:<\/p>\n<p>ISBS: 9788467746655<\/p>\n<p>C\u00f3digo: 273100<\/p>\n<p>P\u00e1ginas: 72 p\u00e1ginas.<\/p>\n<p>Tama\u00f1o: Formato 13,7 x 20,3. Carton\u00e9 con cubierta plastificada mate y brillo<\/p>\n","protected":false},"excerpt":{"rendered":"<p>Al igual que el aviador de la novela \u00abEl Principito\u00bb, Antoine de Saint-Exup\u00e9ry sufri\u00f3 un accidente mientras pilotaba un avi\u00f3n y cay\u00f3 en pleno desierto del S\u00e1hara junto a su amigo y copiloto Andr\u00e9 Pr\u00e9vot. Solos y sin apenas comida, r\u00e1pidamente sufrieron los efectos de la deshidrataci\u00f3n y comenzaron a tener alucinaciones, hasta que, afortunadamente, un beduino los encontr\u00f3 y los salv\u00f3.<\/p>\n","protected":false},"featured_media":18514,"comment_status":"open","ping_status":"closed","template":"","meta":[],"product_brand":[],"product_cat":[74,81],"product_tag":[],"class_list":{"0":"post-16396","1":"product","2":"type-product","3":"status-publish","4":"has-post-thumbnail","6":"product_cat-infantil","7":"product_cat-plan-lector","9":"first","10":"instock","11":"shipping-taxable","12":"purchasable","13":"product-type-simple"},"jetpack_sharing_enabled":true,"_links":{"self":[{"href":"https:\/\/libreriaelprincipito.com\/index.php?rest_route=\/wp\/v2\/product\/16396","targetHints":{"allow":["GET"]}}],"collection":[{"href":"https:\/\/libreriaelprincipito.com\/index.php?rest_route=\/wp\/v2\/product"}],"about":[{"href":"https:\/\/libreriaelprincipito.com\/index.php?rest_route=\/wp\/v2\/types\/product"}],"replies":[{"embeddable":true,"href":"https:\/\/libreriaelprincipito.com\/index.php?rest_route=%2Fwp%2Fv2%2Fcomments&post=16396"}],"version-history":[{"count":1,"href":"https:\/\/libreriaelprincipito.com\/index.php?rest_route=\/wp\/v2\/product\/16396\/revisions"}],"predecessor-version":[{"id":16436,"href":"https:\/\/libreriaelprincipito.com\/index.php?rest_route=\/wp\/v2\/product\/16396\/revisions\/16436"}],"wp:featuredmedia":[{"embeddable":true,"href":"https:\/\/libreriaelprincipito.com\/index.php?rest_route=\/wp\/v2\/media\/18514"}],"wp:attachment":[{"href":"https:\/\/libreriaelprincipito.com\/index.php?rest_route=%2Fwp%2Fv2%2Fmedia&parent=16396"}],"wp:term":[{"taxonomy":"product_brand","embeddable":true,"href":"https:\/\/libreriaelprincipito.com\/index.php?rest_route=%2Fwp%2Fv2%2Fproduct_brand&post=16396"},{"taxonomy":"product_cat","embeddable":true,"href":"https:\/\/libreriaelprincipito.com\/index.php?rest_route=%2Fwp%2Fv2%2Fproduct_cat&post=16396"},{"taxonomy":"product_tag","embeddable":true,"href":"https:\/\/libreriaelprincipito.com\/index.php?rest_route=%2Fwp%2Fv2%2Fproduct_tag&post=16396"}],"curies":[{"name":"wp","href":"https:\/\/api.w.org\/{rel}","templated":true}]}}