{"id":16398,"date":"2026-02-06T04:35:22","date_gmt":"2026-02-06T04:35:22","guid":{"rendered":"https:\/\/libreriaelprincipito.com\/?post_type=product&#038;p=16398"},"modified":"2026-02-20T14:32:20","modified_gmt":"2026-02-20T14:32:20","slug":"dracula-nivel-4","status":"publish","type":"product","link":"https:\/\/libreriaelprincipito.com\/?product=dracula-nivel-4","title":{"rendered":"DRACULA NIVEL 4"},"content":{"rendered":"<p>Bram Stocker consigui\u00f3 una original recreaci\u00f3n del mito del vampiro en \u00abDr\u00e1cula\u00bb, pues aunque se inspir\u00f3 en el folklore y otras obras literarias, dot\u00f3 a su personaje de una atracci\u00f3n irresistible, combinando as\u00ed el miedo a la muerte con el af\u00e1n de inmortalidad y el deseo amoroso.<\/p>\n<p>&nbsp;<\/p>\n<p>DETALLES DEL PRODUCTO:<\/p>\n<p>ISBS: 9788467722123<\/p>\n<p>C\u00f3digo: 273102<\/p>\n<p>P\u00e1ginas: 72 p\u00e1ginas.<\/p>\n<p>Tama\u00f1o: Formato 13,7 x 20,3. Carton\u00e9 con cubierta plastificada mate y brillo<\/p>\n","protected":false},"excerpt":{"rendered":"<p>Bram Stocker consigui\u00f3 una original recreaci\u00f3n del mito del vampiro en \u00abDr\u00e1cula\u00bb, pues aunque se inspir\u00f3 en el folklore y otras obras literarias, dot\u00f3 a su personaje de una atracci\u00f3n irresistible, combinando as\u00ed el miedo a la muerte con el af\u00e1n de inmortalidad y el deseo amoroso.<\/p>\n","protected":false},"featured_media":18919,"comment_status":"open","ping_status":"closed","template":"","meta":[],"product_brand":[],"product_cat":[74,81],"product_tag":[],"class_list":{"0":"post-16398","1":"product","2":"type-product","3":"status-publish","4":"has-post-thumbnail","6":"product_cat-infantil","7":"product_cat-plan-lector","9":"first","10":"instock","11":"shipping-taxable","12":"purchasable","13":"product-type-simple"},"jetpack_sharing_enabled":true,"_links":{"self":[{"href":"https:\/\/libreriaelprincipito.com\/index.php?rest_route=\/wp\/v2\/product\/16398","targetHints":{"allow":["GET"]}}],"collection":[{"href":"https:\/\/libreriaelprincipito.com\/index.php?rest_route=\/wp\/v2\/product"}],"about":[{"href":"https:\/\/libreriaelprincipito.com\/index.php?rest_route=\/wp\/v2\/types\/product"}],"replies":[{"embeddable":true,"href":"https:\/\/libreriaelprincipito.com\/index.php?rest_route=%2Fwp%2Fv2%2Fcomments&post=16398"}],"version-history":[{"count":1,"href":"https:\/\/libreriaelprincipito.com\/index.php?rest_route=\/wp\/v2\/product\/16398\/revisions"}],"predecessor-version":[{"id":16440,"href":"https:\/\/libreriaelprincipito.com\/index.php?rest_route=\/wp\/v2\/product\/16398\/revisions\/16440"}],"wp:featuredmedia":[{"embeddable":true,"href":"https:\/\/libreriaelprincipito.com\/index.php?rest_route=\/wp\/v2\/media\/18919"}],"wp:attachment":[{"href":"https:\/\/libreriaelprincipito.com\/index.php?rest_route=%2Fwp%2Fv2%2Fmedia&parent=16398"}],"wp:term":[{"taxonomy":"product_brand","embeddable":true,"href":"https:\/\/libreriaelprincipito.com\/index.php?rest_route=%2Fwp%2Fv2%2Fproduct_brand&post=16398"},{"taxonomy":"product_cat","embeddable":true,"href":"https:\/\/libreriaelprincipito.com\/index.php?rest_route=%2Fwp%2Fv2%2Fproduct_cat&post=16398"},{"taxonomy":"product_tag","embeddable":true,"href":"https:\/\/libreriaelprincipito.com\/index.php?rest_route=%2Fwp%2Fv2%2Fproduct_tag&post=16398"}],"curies":[{"name":"wp","href":"https:\/\/api.w.org\/{rel}","templated":true}]}}