{"id":16400,"date":"2026-02-06T04:35:22","date_gmt":"2026-02-06T04:35:22","guid":{"rendered":"https:\/\/libreriaelprincipito.com\/?post_type=product&#038;p=16400"},"modified":"2026-02-20T14:26:37","modified_gmt":"2026-02-20T14:26:37","slug":"de-la-tierra-a-la-luna-nivel-4","status":"publish","type":"product","link":"https:\/\/libreriaelprincipito.com\/?product=de-la-tierra-a-la-luna-nivel-4","title":{"rendered":"DE LA TIERRA A LA LUNA NIVEL 4"},"content":{"rendered":"<p>A Julio Verne se le considera el creador de la novela de ciencia ficci\u00f3n, pues se anticip\u00f3 a avances cient\u00edficos venideros, como sucede en De la Tierra a la Luna con los cohetes y los viajes espaciales. Esta novela crea la ir\u00f3nica ficci\u00f3n de que los hombres de negocios yanquis, que hab\u00edan ganado la guerra de secesi\u00f3n en Estados Unidos, se hallaban aburridos sin guerra y decidieron enviar proyectiles al espacio.<\/p>\n<p>&nbsp;<\/p>\n<p>DETALLES DEL PRODUCTO:<\/p>\n<p>ISBS: 9788467722147<\/p>\n<p>C\u00f3digo: 273104<\/p>\n<p>P\u00e1ginas: 72 p\u00e1ginas.<\/p>\n<p>Tama\u00f1o: Formato 13,7 x 20,3. Carton\u00e9 con cubierta plastificada mate y brillo<\/p>\n","protected":false},"excerpt":{"rendered":"<p>A Julio Verne se le considera el creador de la novela de ciencia ficci\u00f3n, pues se anticip\u00f3 a avances cient\u00edficos venideros, como sucede en De la Tierra a la Luna con los cohetes y los viajes espaciales. Esta novela crea la ir\u00f3nica ficci\u00f3n de que los hombres de negocios yanquis, que hab\u00edan ganado la guerra de secesi\u00f3n en Estados Unidos, se hallaban aburridos sin guerra y decidieron enviar proyectiles al espacio.<\/p>\n","protected":false},"featured_media":18917,"comment_status":"open","ping_status":"closed","template":"","meta":[],"product_brand":[],"product_cat":[74],"product_tag":[],"class_list":{"0":"post-16400","1":"product","2":"type-product","3":"status-publish","4":"has-post-thumbnail","6":"product_cat-infantil","8":"first","9":"instock","10":"shipping-taxable","11":"purchasable","12":"product-type-simple"},"jetpack_sharing_enabled":true,"_links":{"self":[{"href":"https:\/\/libreriaelprincipito.com\/index.php?rest_route=\/wp\/v2\/product\/16400","targetHints":{"allow":["GET"]}}],"collection":[{"href":"https:\/\/libreriaelprincipito.com\/index.php?rest_route=\/wp\/v2\/product"}],"about":[{"href":"https:\/\/libreriaelprincipito.com\/index.php?rest_route=\/wp\/v2\/types\/product"}],"replies":[{"embeddable":true,"href":"https:\/\/libreriaelprincipito.com\/index.php?rest_route=%2Fwp%2Fv2%2Fcomments&post=16400"}],"version-history":[{"count":1,"href":"https:\/\/libreriaelprincipito.com\/index.php?rest_route=\/wp\/v2\/product\/16400\/revisions"}],"predecessor-version":[{"id":16444,"href":"https:\/\/libreriaelprincipito.com\/index.php?rest_route=\/wp\/v2\/product\/16400\/revisions\/16444"}],"wp:featuredmedia":[{"embeddable":true,"href":"https:\/\/libreriaelprincipito.com\/index.php?rest_route=\/wp\/v2\/media\/18917"}],"wp:attachment":[{"href":"https:\/\/libreriaelprincipito.com\/index.php?rest_route=%2Fwp%2Fv2%2Fmedia&parent=16400"}],"wp:term":[{"taxonomy":"product_brand","embeddable":true,"href":"https:\/\/libreriaelprincipito.com\/index.php?rest_route=%2Fwp%2Fv2%2Fproduct_brand&post=16400"},{"taxonomy":"product_cat","embeddable":true,"href":"https:\/\/libreriaelprincipito.com\/index.php?rest_route=%2Fwp%2Fv2%2Fproduct_cat&post=16400"},{"taxonomy":"product_tag","embeddable":true,"href":"https:\/\/libreriaelprincipito.com\/index.php?rest_route=%2Fwp%2Fv2%2Fproduct_tag&post=16400"}],"curies":[{"name":"wp","href":"https:\/\/api.w.org\/{rel}","templated":true}]}}