{"id":16401,"date":"2026-02-06T04:35:22","date_gmt":"2026-02-06T04:35:22","guid":{"rendered":"https:\/\/libreriaelprincipito.com\/?post_type=product&#038;p=16401"},"modified":"2026-02-20T15:08:30","modified_gmt":"2026-02-20T15:08:30","slug":"viaje-al-centro-de-la-tierra-nivel-4","status":"publish","type":"product","link":"https:\/\/libreriaelprincipito.com\/?product=viaje-al-centro-de-la-tierra-nivel-4","title":{"rendered":"VIAJE AL CENTRO DE LA TIERRA NIVEL 4"},"content":{"rendered":"<p>La primera novela de Verne, \u00abCinco semanas en globo\u00bb, le dio tal fama que continu\u00f3 haciendo libros de aventura fant\u00e1stica. El siguiente fue \u00abViaje al centro de la Tierra\u00bb, para el que se tuvo que documentar en geolog\u00eda, mineralog\u00eda y paleontolog\u00eda. Sus detalladas descripciones de animales prehist\u00f3ricos maravillaron a los expertos.<\/p>\n<p>&nbsp;<\/p>\n<p>DETALLES DEL PRODUCTO:<\/p>\n<p>ISBS: 9788467722161<\/p>\n<p>C\u00f3digo: 273105<\/p>\n<p>P\u00e1ginas: 72 p\u00e1ginas.<\/p>\n<p>Tama\u00f1o: Formato 13,7 x 20,3. Carton\u00e9 con cubierta plastificada mate y brillo<\/p>\n","protected":false},"excerpt":{"rendered":"<p>La primera novela de Verne, \u00abCinco semanas en globo\u00bb, le dio tal fama que continu\u00f3 haciendo libros de aventura fant\u00e1stica. El siguiente fue \u00abViaje al centro de la Tierra\u00bb, para el que se tuvo que documentar en geolog\u00eda, mineralog\u00eda y paleontolog\u00eda. Sus detalladas descripciones de animales prehist\u00f3ricos maravillaron a los expertos.<\/p>\n","protected":false},"featured_media":18939,"comment_status":"open","ping_status":"closed","template":"","meta":[],"product_brand":[],"product_cat":[74,81],"product_tag":[],"class_list":{"0":"post-16401","1":"product","2":"type-product","3":"status-publish","4":"has-post-thumbnail","6":"product_cat-infantil","7":"product_cat-plan-lector","9":"first","10":"instock","11":"shipping-taxable","12":"purchasable","13":"product-type-simple"},"jetpack_sharing_enabled":true,"_links":{"self":[{"href":"https:\/\/libreriaelprincipito.com\/index.php?rest_route=\/wp\/v2\/product\/16401","targetHints":{"allow":["GET"]}}],"collection":[{"href":"https:\/\/libreriaelprincipito.com\/index.php?rest_route=\/wp\/v2\/product"}],"about":[{"href":"https:\/\/libreriaelprincipito.com\/index.php?rest_route=\/wp\/v2\/types\/product"}],"replies":[{"embeddable":true,"href":"https:\/\/libreriaelprincipito.com\/index.php?rest_route=%2Fwp%2Fv2%2Fcomments&post=16401"}],"version-history":[{"count":1,"href":"https:\/\/libreriaelprincipito.com\/index.php?rest_route=\/wp\/v2\/product\/16401\/revisions"}],"predecessor-version":[{"id":16446,"href":"https:\/\/libreriaelprincipito.com\/index.php?rest_route=\/wp\/v2\/product\/16401\/revisions\/16446"}],"wp:featuredmedia":[{"embeddable":true,"href":"https:\/\/libreriaelprincipito.com\/index.php?rest_route=\/wp\/v2\/media\/18939"}],"wp:attachment":[{"href":"https:\/\/libreriaelprincipito.com\/index.php?rest_route=%2Fwp%2Fv2%2Fmedia&parent=16401"}],"wp:term":[{"taxonomy":"product_brand","embeddable":true,"href":"https:\/\/libreriaelprincipito.com\/index.php?rest_route=%2Fwp%2Fv2%2Fproduct_brand&post=16401"},{"taxonomy":"product_cat","embeddable":true,"href":"https:\/\/libreriaelprincipito.com\/index.php?rest_route=%2Fwp%2Fv2%2Fproduct_cat&post=16401"},{"taxonomy":"product_tag","embeddable":true,"href":"https:\/\/libreriaelprincipito.com\/index.php?rest_route=%2Fwp%2Fv2%2Fproduct_tag&post=16401"}],"curies":[{"name":"wp","href":"https:\/\/api.w.org\/{rel}","templated":true}]}}