{"id":16402,"date":"2026-02-06T04:35:22","date_gmt":"2026-02-06T04:35:22","guid":{"rendered":"https:\/\/libreriaelprincipito.com\/?post_type=product&#038;p=16402"},"modified":"2026-02-20T14:47:44","modified_gmt":"2026-02-20T14:47:44","slug":"frankenstein-nivel-4","status":"publish","type":"product","link":"https:\/\/libreriaelprincipito.com\/?product=frankenstein-nivel-4","title":{"rendered":"FRANKENSTEIN NIVEL 4"},"content":{"rendered":"<p>Una noche de tormenta, en el verano de 1816, en que Mary Shelley se encontraba junto a su pareja, el poeta Perce Shelley, Lord Byron y dos amigos m\u00e1s de este, decidieron escribir cada uno una historia de terror. La de Mary acab\u00f3 convirti\u00e9ndose en su novela m\u00e1s famosa: \u00abFrankenstein\u00bb, con la que obtuvo un gran \u00e9xito.<\/p>\n<p>&nbsp;<\/p>\n<p>DETALLES DEL PRODUCTO:<\/p>\n<p>ISBS: 9788467722178<\/p>\n<p>C\u00f3digo: 273106<\/p>\n<p>P\u00e1ginas: 72 p\u00e1ginas.<\/p>\n<p>Tama\u00f1o: Formato 13,7 x 20,3. Carton\u00e9 con cubierta plastificada mate y brillo<\/p>\n","protected":false},"excerpt":{"rendered":"<p>Una noche de tormenta, en el verano de 1816, en que Mary Shelley se encontraba junto a su pareja, el poeta Perce Shelley, Lord Byron y dos amigos m\u00e1s de este, decidieron escribir cada uno una historia de terror. La de Mary acab\u00f3 convirti\u00e9ndose en su novela m\u00e1s famosa: \u00abFrankenstein\u00bb, con la que obtuvo un gran \u00e9xito.<\/p>\n","protected":false},"featured_media":18924,"comment_status":"open","ping_status":"closed","template":"","meta":[],"product_brand":[],"product_cat":[74,81],"product_tag":[],"class_list":{"0":"post-16402","1":"product","2":"type-product","3":"status-publish","4":"has-post-thumbnail","6":"product_cat-infantil","7":"product_cat-plan-lector","9":"first","10":"instock","11":"shipping-taxable","12":"purchasable","13":"product-type-simple"},"jetpack_sharing_enabled":true,"_links":{"self":[{"href":"https:\/\/libreriaelprincipito.com\/index.php?rest_route=\/wp\/v2\/product\/16402","targetHints":{"allow":["GET"]}}],"collection":[{"href":"https:\/\/libreriaelprincipito.com\/index.php?rest_route=\/wp\/v2\/product"}],"about":[{"href":"https:\/\/libreriaelprincipito.com\/index.php?rest_route=\/wp\/v2\/types\/product"}],"replies":[{"embeddable":true,"href":"https:\/\/libreriaelprincipito.com\/index.php?rest_route=%2Fwp%2Fv2%2Fcomments&post=16402"}],"version-history":[{"count":1,"href":"https:\/\/libreriaelprincipito.com\/index.php?rest_route=\/wp\/v2\/product\/16402\/revisions"}],"predecessor-version":[{"id":16448,"href":"https:\/\/libreriaelprincipito.com\/index.php?rest_route=\/wp\/v2\/product\/16402\/revisions\/16448"}],"wp:featuredmedia":[{"embeddable":true,"href":"https:\/\/libreriaelprincipito.com\/index.php?rest_route=\/wp\/v2\/media\/18924"}],"wp:attachment":[{"href":"https:\/\/libreriaelprincipito.com\/index.php?rest_route=%2Fwp%2Fv2%2Fmedia&parent=16402"}],"wp:term":[{"taxonomy":"product_brand","embeddable":true,"href":"https:\/\/libreriaelprincipito.com\/index.php?rest_route=%2Fwp%2Fv2%2Fproduct_brand&post=16402"},{"taxonomy":"product_cat","embeddable":true,"href":"https:\/\/libreriaelprincipito.com\/index.php?rest_route=%2Fwp%2Fv2%2Fproduct_cat&post=16402"},{"taxonomy":"product_tag","embeddable":true,"href":"https:\/\/libreriaelprincipito.com\/index.php?rest_route=%2Fwp%2Fv2%2Fproduct_tag&post=16402"}],"curies":[{"name":"wp","href":"https:\/\/api.w.org\/{rel}","templated":true}]}}