{"id":16403,"date":"2026-02-06T04:35:22","date_gmt":"2026-02-06T04:35:22","guid":{"rendered":"https:\/\/libreriaelprincipito.com\/?post_type=product&#038;p=16403"},"modified":"2026-02-17T19:09:57","modified_gmt":"2026-02-17T19:09:57","slug":"veinte-mil-leguas-viaje-submarino-nivel-4","status":"publish","type":"product","link":"https:\/\/libreriaelprincipito.com\/?product=veinte-mil-leguas-viaje-submarino-nivel-4","title":{"rendered":"VEINTE MIL LEGUAS VIAJE SUBMARINO NIVEL 4"},"content":{"rendered":"<p>Tras el \u00e9xito de \u00abCinco semanas en globo\u00bb, Julio Verne continu\u00f3 haciendo libros de aventura fant\u00e1stica y ciencia ficci\u00f3n. \u00abVeinte mil leguas de viaje submarino\u00bb se public\u00f3 por entregas entre 1869 y 1870. Sorprenden las descripciones de tantos seres y paisajes marinos, y de inventos que a\u00fan no exist\u00edan o que \u00e9l mejor\u00f3 con su imaginaci\u00f3n: el submarino el\u00e9ctrico, la escafandra de buceo.<\/p>\n<p>&nbsp;<\/p>\n<p>DETALLES DEL PRODUCTO:<\/p>\n<p>ISBS:\u00a09788467722185<\/p>\n<p>C\u00f3digo: 273107<\/p>\n<p>P\u00e1ginas: 72 p\u00e1ginas.<\/p>\n<p>Tama\u00f1o: Formato 13,7 x 20,3. Carton\u00e9 con cubierta plastificada mate y brillo<\/p>\n","protected":false},"excerpt":{"rendered":"<p>Tras el \u00e9xito de \u00abCinco semanas en globo\u00bb, Julio Verne continu\u00f3 haciendo libros de aventura fant\u00e1stica y ciencia ficci\u00f3n. \u00abVeinte mil leguas de viaje submarino\u00bb se public\u00f3 por entregas entre 1869 y 1870. Sorprenden las descripciones de tantos seres y paisajes marinos, y de inventos que a\u00fan no exist\u00edan o que \u00e9l mejor\u00f3 con su imaginaci\u00f3n: el submarino el\u00e9ctrico, la escafandra de buceo<\/p>\n","protected":false},"featured_media":18534,"comment_status":"open","ping_status":"closed","template":"","meta":[],"product_brand":[],"product_cat":[74,81],"product_tag":[],"class_list":{"0":"post-16403","1":"product","2":"type-product","3":"status-publish","4":"has-post-thumbnail","6":"product_cat-infantil","7":"product_cat-plan-lector","9":"first","10":"instock","11":"shipping-taxable","12":"purchasable","13":"product-type-simple"},"jetpack_sharing_enabled":true,"_links":{"self":[{"href":"https:\/\/libreriaelprincipito.com\/index.php?rest_route=\/wp\/v2\/product\/16403","targetHints":{"allow":["GET"]}}],"collection":[{"href":"https:\/\/libreriaelprincipito.com\/index.php?rest_route=\/wp\/v2\/product"}],"about":[{"href":"https:\/\/libreriaelprincipito.com\/index.php?rest_route=\/wp\/v2\/types\/product"}],"replies":[{"embeddable":true,"href":"https:\/\/libreriaelprincipito.com\/index.php?rest_route=%2Fwp%2Fv2%2Fcomments&post=16403"}],"version-history":[{"count":1,"href":"https:\/\/libreriaelprincipito.com\/index.php?rest_route=\/wp\/v2\/product\/16403\/revisions"}],"predecessor-version":[{"id":16450,"href":"https:\/\/libreriaelprincipito.com\/index.php?rest_route=\/wp\/v2\/product\/16403\/revisions\/16450"}],"wp:featuredmedia":[{"embeddable":true,"href":"https:\/\/libreriaelprincipito.com\/index.php?rest_route=\/wp\/v2\/media\/18534"}],"wp:attachment":[{"href":"https:\/\/libreriaelprincipito.com\/index.php?rest_route=%2Fwp%2Fv2%2Fmedia&parent=16403"}],"wp:term":[{"taxonomy":"product_brand","embeddable":true,"href":"https:\/\/libreriaelprincipito.com\/index.php?rest_route=%2Fwp%2Fv2%2Fproduct_brand&post=16403"},{"taxonomy":"product_cat","embeddable":true,"href":"https:\/\/libreriaelprincipito.com\/index.php?rest_route=%2Fwp%2Fv2%2Fproduct_cat&post=16403"},{"taxonomy":"product_tag","embeddable":true,"href":"https:\/\/libreriaelprincipito.com\/index.php?rest_route=%2Fwp%2Fv2%2Fproduct_tag&post=16403"}],"curies":[{"name":"wp","href":"https:\/\/api.w.org\/{rel}","templated":true}]}}