{"id":16404,"date":"2026-02-06T04:35:22","date_gmt":"2026-02-06T04:35:22","guid":{"rendered":"https:\/\/libreriaelprincipito.com\/?post_type=product&#038;p=16404"},"modified":"2026-02-17T19:08:11","modified_gmt":"2026-02-17T19:08:11","slug":"cinco-semanas-en-globo-nivel-4","status":"publish","type":"product","link":"https:\/\/libreriaelprincipito.com\/?product=cinco-semanas-en-globo-nivel-4","title":{"rendered":"CINCO SEMANAS EN GLOBO NIVEL 4"},"content":{"rendered":"<p>Julio Verne comenz\u00f3 con esta primera novela una exitosa carrera de escritor, con un nuevo g\u00e9nero literario que hab\u00eda iniciado: la novela de aventuras al borde de lo imposible pero cre\u00edbles por los numerosos datos que ofrec\u00eda de los \u00faltimos hallazgos cient\u00edficos. Gracias a esta mezcla de aventura y conocimiento, este autor franc\u00e9s es uno de los m\u00e1s le\u00eddos de la historia de la literatura.<\/p>\n<p>&nbsp;<\/p>\n<p>DETALLES DEL PRODUCTO:<\/p>\n<p>ISBS: 9788467722192<\/p>\n<p>C\u00f3digo: 273108<\/p>\n<p>P\u00e1ginas: 72 p\u00e1ginas.<\/p>\n<p>Tama\u00f1o: Formato 13,7 x 20,3. Carton\u00e9 con cubierta plastificada mate y brillo<\/p>\n","protected":false},"excerpt":{"rendered":"<p>Julio Verne comenz\u00f3 con esta primera novela una exitosa carrera de escritor, con un nuevo g\u00e9nero literario que hab\u00eda iniciado: la novela de aventuras al borde de lo imposible pero cre\u00edbles por los numerosos datos que ofrec\u00eda de los \u00faltimos hallazgos cient\u00edficos. Gracias a esta mezcla de aventura y conocimiento, este autor franc\u00e9s es uno de los m\u00e1s le\u00eddos de la historia de la literatura.<\/p>\n","protected":false},"featured_media":18533,"comment_status":"open","ping_status":"closed","template":"","meta":[],"product_brand":[],"product_cat":[74,81],"product_tag":[],"class_list":{"0":"post-16404","1":"product","2":"type-product","3":"status-publish","4":"has-post-thumbnail","6":"product_cat-infantil","7":"product_cat-plan-lector","9":"first","10":"instock","11":"shipping-taxable","12":"purchasable","13":"product-type-simple"},"jetpack_sharing_enabled":true,"_links":{"self":[{"href":"https:\/\/libreriaelprincipito.com\/index.php?rest_route=\/wp\/v2\/product\/16404","targetHints":{"allow":["GET"]}}],"collection":[{"href":"https:\/\/libreriaelprincipito.com\/index.php?rest_route=\/wp\/v2\/product"}],"about":[{"href":"https:\/\/libreriaelprincipito.com\/index.php?rest_route=\/wp\/v2\/types\/product"}],"replies":[{"embeddable":true,"href":"https:\/\/libreriaelprincipito.com\/index.php?rest_route=%2Fwp%2Fv2%2Fcomments&post=16404"}],"version-history":[{"count":1,"href":"https:\/\/libreriaelprincipito.com\/index.php?rest_route=\/wp\/v2\/product\/16404\/revisions"}],"predecessor-version":[{"id":16452,"href":"https:\/\/libreriaelprincipito.com\/index.php?rest_route=\/wp\/v2\/product\/16404\/revisions\/16452"}],"wp:featuredmedia":[{"embeddable":true,"href":"https:\/\/libreriaelprincipito.com\/index.php?rest_route=\/wp\/v2\/media\/18533"}],"wp:attachment":[{"href":"https:\/\/libreriaelprincipito.com\/index.php?rest_route=%2Fwp%2Fv2%2Fmedia&parent=16404"}],"wp:term":[{"taxonomy":"product_brand","embeddable":true,"href":"https:\/\/libreriaelprincipito.com\/index.php?rest_route=%2Fwp%2Fv2%2Fproduct_brand&post=16404"},{"taxonomy":"product_cat","embeddable":true,"href":"https:\/\/libreriaelprincipito.com\/index.php?rest_route=%2Fwp%2Fv2%2Fproduct_cat&post=16404"},{"taxonomy":"product_tag","embeddable":true,"href":"https:\/\/libreriaelprincipito.com\/index.php?rest_route=%2Fwp%2Fv2%2Fproduct_tag&post=16404"}],"curies":[{"name":"wp","href":"https:\/\/api.w.org\/{rel}","templated":true}]}}