{"id":16413,"date":"2026-02-06T04:35:22","date_gmt":"2026-02-06T04:35:22","guid":{"rendered":"https:\/\/libreriaelprincipito.com\/?post_type=product&#038;p=16413"},"modified":"2026-02-17T18:40:30","modified_gmt":"2026-02-17T18:40:30","slug":"cuentos-de-la-alhambra-nivel-4","status":"publish","type":"product","link":"https:\/\/libreriaelprincipito.com\/?product=cuentos-de-la-alhambra-nivel-4","title":{"rendered":"CUENTOS DE LA ALHAMBRA NIVEL 4"},"content":{"rendered":"<p>Washington Irving viaj\u00f3 mucho a lo largo de su vida y residi\u00f3 en diferentes ciudades europeas, entre ellas varias espa\u00f1olas. Aqu\u00ed desarroll\u00f3 labores diplom\u00e1ticas y estudi\u00f3 la historia, la literatura y el folklore, sobre lo cual escribi\u00f3 varios libros, entre los que destaca \u00abCuentos de la Alhambra\u00bb. Esta labor hizo que fuera considerado el primer hispanista extranjero. Una deliciosa historia para disfrutar de la buena literatura.<\/p>\n<p>&nbsp;<\/p>\n<p>DETALLES DEL PRODUCTO:<\/p>\n<p>ISBS: 9788467745429<\/p>\n<p>C\u00f3digo: 273115<\/p>\n<p>P\u00e1ginas: 72 p\u00e1ginas.<\/p>\n<p>Tama\u00f1o: Formato 13,7 x 20,3. Carton\u00e9 con cubierta plastificada mate y brillo<\/p>\n","protected":false},"excerpt":{"rendered":"<p>Washington Irving viaj\u00f3 mucho a lo largo de su vida y residi\u00f3 en diferentes ciudades europeas, entre ellas varias espa\u00f1olas. Aqu\u00ed desarroll\u00f3 labores diplom\u00e1ticas y estudi\u00f3 la historia, la literatura y el folklore, sobre lo cual escribi\u00f3 varios libros, entre los que destaca \u00abCuentos de la Alhambra\u00bb. Esta labor hizo que fuera considerado el primer hispanista extranjero. Una deliciosa historia para disfrutar de la buena literatura.<\/p>\n","protected":false},"featured_media":18529,"comment_status":"open","ping_status":"closed","template":"","meta":[],"product_brand":[],"product_cat":[74,81],"product_tag":[],"class_list":{"0":"post-16413","1":"product","2":"type-product","3":"status-publish","4":"has-post-thumbnail","6":"product_cat-infantil","7":"product_cat-plan-lector","9":"first","10":"instock","11":"shipping-taxable","12":"purchasable","13":"product-type-simple"},"jetpack_sharing_enabled":true,"_links":{"self":[{"href":"https:\/\/libreriaelprincipito.com\/index.php?rest_route=\/wp\/v2\/product\/16413","targetHints":{"allow":["GET"]}}],"collection":[{"href":"https:\/\/libreriaelprincipito.com\/index.php?rest_route=\/wp\/v2\/product"}],"about":[{"href":"https:\/\/libreriaelprincipito.com\/index.php?rest_route=\/wp\/v2\/types\/product"}],"replies":[{"embeddable":true,"href":"https:\/\/libreriaelprincipito.com\/index.php?rest_route=%2Fwp%2Fv2%2Fcomments&post=16413"}],"version-history":[{"count":1,"href":"https:\/\/libreriaelprincipito.com\/index.php?rest_route=\/wp\/v2\/product\/16413\/revisions"}],"predecessor-version":[{"id":16470,"href":"https:\/\/libreriaelprincipito.com\/index.php?rest_route=\/wp\/v2\/product\/16413\/revisions\/16470"}],"wp:featuredmedia":[{"embeddable":true,"href":"https:\/\/libreriaelprincipito.com\/index.php?rest_route=\/wp\/v2\/media\/18529"}],"wp:attachment":[{"href":"https:\/\/libreriaelprincipito.com\/index.php?rest_route=%2Fwp%2Fv2%2Fmedia&parent=16413"}],"wp:term":[{"taxonomy":"product_brand","embeddable":true,"href":"https:\/\/libreriaelprincipito.com\/index.php?rest_route=%2Fwp%2Fv2%2Fproduct_brand&post=16413"},{"taxonomy":"product_cat","embeddable":true,"href":"https:\/\/libreriaelprincipito.com\/index.php?rest_route=%2Fwp%2Fv2%2Fproduct_cat&post=16413"},{"taxonomy":"product_tag","embeddable":true,"href":"https:\/\/libreriaelprincipito.com\/index.php?rest_route=%2Fwp%2Fv2%2Fproduct_tag&post=16413"}],"curies":[{"name":"wp","href":"https:\/\/api.w.org\/{rel}","templated":true}]}}