{"id":16490,"date":"2026-02-06T04:35:38","date_gmt":"2026-02-06T04:35:38","guid":{"rendered":"https:\/\/libreriaelprincipito.com\/?post_type=product&#038;p=16490"},"modified":"2026-02-17T19:15:20","modified_gmt":"2026-02-17T19:15:20","slug":"veinte-mil-leguas-de-viaje-submarino-ed-bilingue","status":"publish","type":"product","link":"https:\/\/libreriaelprincipito.com\/?product=veinte-mil-leguas-de-viaje-submarino-ed-bilingue","title":{"rendered":"VEINTE MIL LEGUAS DE VIAJE SUBMARINO (ED.BILINGUE)"},"content":{"rendered":"<p>Julio Verne es un cl\u00e1sico de la literatura juvenil por sus novelas de aventuras de tipo cient\u00edfico, en las que crea historias de ciencia ficci\u00f3n. Tras el \u00e9xito de Cinco semanas en globo (1862), sigui\u00f3 haciendo libros de aventura fant\u00e1stica. Veinte mil leguas de viaje submarino se public\u00f3 por entregas entre 1869 y 1870. Sorprenden las descripciones de tantos seres y paisajes marinos, y de inventos que a\u00fan no exist\u00edan o que \u00e9l mejor\u00f3 con su imaginaci\u00f3n: el submarino el\u00e9ctrico, las escafandras de buceo&#8230;<\/p>\n<p>&nbsp;<\/p>\n<p>DETALLES DEL PRODUCTO:<\/p>\n<p>ISBS: 9788467731965<\/p>\n<p>C\u00f3digo: 273153<\/p>\n<p>P\u00e1ginas: 72 p\u00e1ginas.<\/p>\n<p>Tama\u00f1o: Formato 13,7 x 20,3. Carton\u00e9 con cubierta plastificada mate y brillo<\/p>\n","protected":false},"excerpt":{"rendered":"<p>Julio Verne es un cl\u00e1sico de la literatura juvenil por sus novelas de aventuras de tipo cient\u00edfico, en las que crea historias de ciencia ficci\u00f3n. Tras el \u00e9xito de Cinco semanas en globo (1862), sigui\u00f3 haciendo libros de aventura fant\u00e1stica. Veinte mil leguas de viaje submarino se public\u00f3 por entregas entre 1869 y 1870. Sorprenden las descripciones de tantos seres y paisajes marinos, y de inventos que a\u00fan no exist\u00edan o que \u00e9l mejor\u00f3 con su imaginaci\u00f3n: el submarino el\u00e9ctrico, las escafandras de buceo&#8230;<\/p>\n","protected":false},"featured_media":18539,"comment_status":"open","ping_status":"closed","template":"","meta":[],"product_brand":[],"product_cat":[74,81],"product_tag":[],"class_list":{"0":"post-16490","1":"product","2":"type-product","3":"status-publish","4":"has-post-thumbnail","6":"product_cat-infantil","7":"product_cat-plan-lector","9":"first","10":"instock","11":"shipping-taxable","12":"purchasable","13":"product-type-simple"},"jetpack_sharing_enabled":true,"_links":{"self":[{"href":"https:\/\/libreriaelprincipito.com\/index.php?rest_route=\/wp\/v2\/product\/16490","targetHints":{"allow":["GET"]}}],"collection":[{"href":"https:\/\/libreriaelprincipito.com\/index.php?rest_route=\/wp\/v2\/product"}],"about":[{"href":"https:\/\/libreriaelprincipito.com\/index.php?rest_route=\/wp\/v2\/types\/product"}],"replies":[{"embeddable":true,"href":"https:\/\/libreriaelprincipito.com\/index.php?rest_route=%2Fwp%2Fv2%2Fcomments&post=16490"}],"version-history":[{"count":1,"href":"https:\/\/libreriaelprincipito.com\/index.php?rest_route=\/wp\/v2\/product\/16490\/revisions"}],"predecessor-version":[{"id":16534,"href":"https:\/\/libreriaelprincipito.com\/index.php?rest_route=\/wp\/v2\/product\/16490\/revisions\/16534"}],"wp:featuredmedia":[{"embeddable":true,"href":"https:\/\/libreriaelprincipito.com\/index.php?rest_route=\/wp\/v2\/media\/18539"}],"wp:attachment":[{"href":"https:\/\/libreriaelprincipito.com\/index.php?rest_route=%2Fwp%2Fv2%2Fmedia&parent=16490"}],"wp:term":[{"taxonomy":"product_brand","embeddable":true,"href":"https:\/\/libreriaelprincipito.com\/index.php?rest_route=%2Fwp%2Fv2%2Fproduct_brand&post=16490"},{"taxonomy":"product_cat","embeddable":true,"href":"https:\/\/libreriaelprincipito.com\/index.php?rest_route=%2Fwp%2Fv2%2Fproduct_cat&post=16490"},{"taxonomy":"product_tag","embeddable":true,"href":"https:\/\/libreriaelprincipito.com\/index.php?rest_route=%2Fwp%2Fv2%2Fproduct_tag&post=16490"}],"curies":[{"name":"wp","href":"https:\/\/api.w.org\/{rel}","templated":true}]}}