{"id":16491,"date":"2026-02-06T04:35:38","date_gmt":"2026-02-06T04:35:38","guid":{"rendered":"https:\/\/libreriaelprincipito.com\/?post_type=product&#038;p=16491"},"modified":"2026-02-17T19:14:05","modified_gmt":"2026-02-17T19:14:05","slug":"la-isla-misteriosa-ed-bilingue","status":"publish","type":"product","link":"https:\/\/libreriaelprincipito.com\/?product=la-isla-misteriosa-ed-bilingue","title":{"rendered":"LA ISLA MISTERIOSA (ED.BILINGUE)"},"content":{"rendered":"<p>Verne, adem\u00e1s de incluir en sus novelas los avances tecnol\u00f3gicos de su tiempo, se adelant\u00f3 a muchos otros, como los viajes espaciales o bajo el mar. Estudi\u00f3 Derecho, pero pronto se dedic\u00f3 a escribir. Su primera novela, Cinco semanas en globo (1862), le dio tal fama que sigui\u00f3 haciendo libros de aventura fant\u00e1stica. La isla misteriosa fue escrita y publicada por entregas durante dos a\u00f1os (1874-1875) y es una de las m\u00e1s famosas. En ella muestra la importancia de la ciencia en nuestras vidas, a trav\u00e9s del personaje Ciro. Este libro ofrece al joven lector una adaptaci\u00f3n del texto de Verne en espa\u00f1ol y en ingl\u00e9s, para que disfrute del gran cl\u00e1sico al tiempo que practica la lectura en dos idiomas.<\/p>\n<p>&nbsp;<\/p>\n<p>DETALLES DEL PRODUCTO:<\/p>\n<p>ISBS: 9788467731972<\/p>\n<p>C\u00f3digo: 273154<\/p>\n<p>P\u00e1ginas: 72 p\u00e1ginas.<\/p>\n<p>Tama\u00f1o: Formato 13,7 x 20,3. Carton\u00e9 con cubierta plastificada mate y brillo<\/p>\n","protected":false},"excerpt":{"rendered":"<p>Verne, adem\u00e1s de incluir en sus novelas los avances tecnol\u00f3gicos de su tiempo, se adelant\u00f3 a muchos otros, como los viajes espaciales o bajo el mar. Estudi\u00f3 Derecho, pero pronto se dedic\u00f3 a escribir. Su primera novela, Cinco semanas en globo (1862), le dio tal fama que sigui\u00f3 haciendo libros de aventura fant\u00e1stica. La isla misteriosa fue escrita y publicada por entregas durante dos a\u00f1os (1874-1875) y es una de las m\u00e1s famosas. En ella muestra la importancia de la ciencia en nuestras vidas, a trav\u00e9s del personaje Ciro. Este libro ofrece al joven lector una adaptaci\u00f3n del texto de Verne en espa\u00f1ol y en ingl\u00e9s, para que disfrute del gran cl\u00e1sico al tiempo que practica la lectura en dos idiomas.<\/p>\n","protected":false},"featured_media":18538,"comment_status":"open","ping_status":"closed","template":"","meta":[],"product_brand":[],"product_cat":[78,74,81],"product_tag":[],"class_list":{"0":"post-16491","1":"product","2":"type-product","3":"status-publish","4":"has-post-thumbnail","6":"product_cat-bilingues","7":"product_cat-infantil","8":"product_cat-plan-lector","10":"first","11":"instock","12":"shipping-taxable","13":"purchasable","14":"product-type-simple"},"jetpack_sharing_enabled":true,"_links":{"self":[{"href":"https:\/\/libreriaelprincipito.com\/index.php?rest_route=\/wp\/v2\/product\/16491","targetHints":{"allow":["GET"]}}],"collection":[{"href":"https:\/\/libreriaelprincipito.com\/index.php?rest_route=\/wp\/v2\/product"}],"about":[{"href":"https:\/\/libreriaelprincipito.com\/index.php?rest_route=\/wp\/v2\/types\/product"}],"replies":[{"embeddable":true,"href":"https:\/\/libreriaelprincipito.com\/index.php?rest_route=%2Fwp%2Fv2%2Fcomments&post=16491"}],"version-history":[{"count":1,"href":"https:\/\/libreriaelprincipito.com\/index.php?rest_route=\/wp\/v2\/product\/16491\/revisions"}],"predecessor-version":[{"id":16536,"href":"https:\/\/libreriaelprincipito.com\/index.php?rest_route=\/wp\/v2\/product\/16491\/revisions\/16536"}],"wp:featuredmedia":[{"embeddable":true,"href":"https:\/\/libreriaelprincipito.com\/index.php?rest_route=\/wp\/v2\/media\/18538"}],"wp:attachment":[{"href":"https:\/\/libreriaelprincipito.com\/index.php?rest_route=%2Fwp%2Fv2%2Fmedia&parent=16491"}],"wp:term":[{"taxonomy":"product_brand","embeddable":true,"href":"https:\/\/libreriaelprincipito.com\/index.php?rest_route=%2Fwp%2Fv2%2Fproduct_brand&post=16491"},{"taxonomy":"product_cat","embeddable":true,"href":"https:\/\/libreriaelprincipito.com\/index.php?rest_route=%2Fwp%2Fv2%2Fproduct_cat&post=16491"},{"taxonomy":"product_tag","embeddable":true,"href":"https:\/\/libreriaelprincipito.com\/index.php?rest_route=%2Fwp%2Fv2%2Fproduct_tag&post=16491"}],"curies":[{"name":"wp","href":"https:\/\/api.w.org\/{rel}","templated":true}]}}