{"id":16493,"date":"2026-02-06T04:35:39","date_gmt":"2026-02-06T04:35:39","guid":{"rendered":"https:\/\/libreriaelprincipito.com\/?post_type=product&#038;p=16493"},"modified":"2026-02-17T19:35:42","modified_gmt":"2026-02-17T19:35:42","slug":"la-isla-del-tesoro-ed-bilingue","status":"publish","type":"product","link":"https:\/\/libreriaelprincipito.com\/?product=la-isla-del-tesoro-ed-bilingue","title":{"rendered":"LA ISLA DEL TESORO (ED.BILINGUE)"},"content":{"rendered":"<p>Stevenson escribi\u00f3 La isla del tesoro cuando vio a su sobrino dibujar con acuarelas el mapa de una isla. Comenz\u00f3 a ponerle nombres: la isla del Esqueleto, la colina del Catalejo, hasta escribir en la esquina superior derecha las palabras \u00abLa isla del tesoro\u00bb. Tras una larga enfermedad, muri\u00f3 en 1894 en la isla de Upolu, en el Pac\u00edfico Sur, donde viv\u00eda entonces. \u00bfEncontrar\u00eda su tesoro en esa isla?<\/p>\n<p>&nbsp;<\/p>\n<p>DETALLES DEL PRODUCTO:<\/p>\n<p>ISBS: 9788467731996<\/p>\n<p>C\u00f3digo: 273156<\/p>\n<p>P\u00e1ginas: 72 p\u00e1ginas.<\/p>\n<p>Tama\u00f1o: Formato 13,7 x 20,3. Carton\u00e9 con cubierta plastificada mate y brillo<\/p>\n","protected":false},"excerpt":{"rendered":"<p>Stevenson escribi\u00f3 La isla del tesoro cuando vio a su sobrino dibujar con acuarelas el mapa de una isla. Comenz\u00f3 a ponerle nombres: la isla del Esqueleto, la colina del Catalejo, hasta escribir en la esquina superior derecha las palabras \u00abLa isla del tesoro\u00bb. Tras una larga enfermedad, muri\u00f3 en 1894 en la isla de Upolu, en el Pac\u00edfico Sur, donde viv\u00eda entonces. \u00bfEncontrar\u00eda su tesoro en esa isla?<\/p>\n","protected":false},"featured_media":18553,"comment_status":"open","ping_status":"closed","template":"","meta":[],"product_brand":[],"product_cat":[78,74,81],"product_tag":[],"class_list":{"0":"post-16493","1":"product","2":"type-product","3":"status-publish","4":"has-post-thumbnail","6":"product_cat-bilingues","7":"product_cat-infantil","8":"product_cat-plan-lector","10":"first","11":"instock","12":"shipping-taxable","13":"purchasable","14":"product-type-simple"},"jetpack_sharing_enabled":true,"_links":{"self":[{"href":"https:\/\/libreriaelprincipito.com\/index.php?rest_route=\/wp\/v2\/product\/16493","targetHints":{"allow":["GET"]}}],"collection":[{"href":"https:\/\/libreriaelprincipito.com\/index.php?rest_route=\/wp\/v2\/product"}],"about":[{"href":"https:\/\/libreriaelprincipito.com\/index.php?rest_route=\/wp\/v2\/types\/product"}],"replies":[{"embeddable":true,"href":"https:\/\/libreriaelprincipito.com\/index.php?rest_route=%2Fwp%2Fv2%2Fcomments&post=16493"}],"version-history":[{"count":1,"href":"https:\/\/libreriaelprincipito.com\/index.php?rest_route=\/wp\/v2\/product\/16493\/revisions"}],"predecessor-version":[{"id":16540,"href":"https:\/\/libreriaelprincipito.com\/index.php?rest_route=\/wp\/v2\/product\/16493\/revisions\/16540"}],"wp:featuredmedia":[{"embeddable":true,"href":"https:\/\/libreriaelprincipito.com\/index.php?rest_route=\/wp\/v2\/media\/18553"}],"wp:attachment":[{"href":"https:\/\/libreriaelprincipito.com\/index.php?rest_route=%2Fwp%2Fv2%2Fmedia&parent=16493"}],"wp:term":[{"taxonomy":"product_brand","embeddable":true,"href":"https:\/\/libreriaelprincipito.com\/index.php?rest_route=%2Fwp%2Fv2%2Fproduct_brand&post=16493"},{"taxonomy":"product_cat","embeddable":true,"href":"https:\/\/libreriaelprincipito.com\/index.php?rest_route=%2Fwp%2Fv2%2Fproduct_cat&post=16493"},{"taxonomy":"product_tag","embeddable":true,"href":"https:\/\/libreriaelprincipito.com\/index.php?rest_route=%2Fwp%2Fv2%2Fproduct_tag&post=16493"}],"curies":[{"name":"wp","href":"https:\/\/api.w.org\/{rel}","templated":true}]}}