{"id":16506,"date":"2026-02-06T04:35:41","date_gmt":"2026-02-06T04:35:41","guid":{"rendered":"https:\/\/libreriaelprincipito.com\/?post_type=product&#038;p=16506"},"modified":"2026-02-17T19:55:52","modified_gmt":"2026-02-17T19:55:52","slug":"un-dinosaurio-en-el-super-nivel-0","status":"publish","type":"product","link":"https:\/\/libreriaelprincipito.com\/?product=un-dinosaurio-en-el-super-nivel-0","title":{"rendered":"UN DINOSAURIO EN EL SUPER NIVEL 0"},"content":{"rendered":"<p>Tot\u00f3 es un diplodocus un poco travieso y hoy ha decidido meterse en el s\u00faper de los humanos. Para no asustarlos, se disfraza con un jersey, un sombrero y unas gafas. Sin embargo, surge un problema y termina espantando a todo el mundo. Divi\u00e9rtete con Tot\u00f3 en el s\u00faper y descubre c\u00f3mo acaba su aventura.<\/p>\n<p>&nbsp;<\/p>\n<p>DETALLES DEL PRODUCTO:<\/p>\n<p>ISBS: 9788467777222<\/p>\n<p>C\u00f3digo: 273179<\/p>\n<p>P\u00e1ginas: 32 p\u00e1ginas.<\/p>\n<p>Tama\u00f1o: Formato 13,7 x 20,3. Carton\u00e9 con cubierta plastificada mate y brillo<\/p>\n","protected":false},"excerpt":{"rendered":"<p>Tot\u00f3 es un diplodocus un poco travieso y hoy ha decidido meterse en el s\u00faper de los humanos. Para no asustarlos, se disfraza con un jersey, un sombrero y unas gafas. Sin embargo, surge un problema y termina espantando a todo el mundo. Divi\u00e9rtete con Tot\u00f3 en el s\u00faper y descubre c\u00f3mo acaba su aventura.<\/p>\n","protected":false},"featured_media":18558,"comment_status":"open","ping_status":"closed","template":"","meta":[],"product_brand":[],"product_cat":[74,81],"product_tag":[],"class_list":{"0":"post-16506","1":"product","2":"type-product","3":"status-publish","4":"has-post-thumbnail","6":"product_cat-infantil","7":"product_cat-plan-lector","9":"first","10":"instock","11":"shipping-taxable","12":"purchasable","13":"product-type-simple"},"jetpack_sharing_enabled":true,"_links":{"self":[{"href":"https:\/\/libreriaelprincipito.com\/index.php?rest_route=\/wp\/v2\/product\/16506","targetHints":{"allow":["GET"]}}],"collection":[{"href":"https:\/\/libreriaelprincipito.com\/index.php?rest_route=\/wp\/v2\/product"}],"about":[{"href":"https:\/\/libreriaelprincipito.com\/index.php?rest_route=\/wp\/v2\/types\/product"}],"replies":[{"embeddable":true,"href":"https:\/\/libreriaelprincipito.com\/index.php?rest_route=%2Fwp%2Fv2%2Fcomments&post=16506"}],"version-history":[{"count":1,"href":"https:\/\/libreriaelprincipito.com\/index.php?rest_route=\/wp\/v2\/product\/16506\/revisions"}],"predecessor-version":[{"id":16565,"href":"https:\/\/libreriaelprincipito.com\/index.php?rest_route=\/wp\/v2\/product\/16506\/revisions\/16565"}],"wp:featuredmedia":[{"embeddable":true,"href":"https:\/\/libreriaelprincipito.com\/index.php?rest_route=\/wp\/v2\/media\/18558"}],"wp:attachment":[{"href":"https:\/\/libreriaelprincipito.com\/index.php?rest_route=%2Fwp%2Fv2%2Fmedia&parent=16506"}],"wp:term":[{"taxonomy":"product_brand","embeddable":true,"href":"https:\/\/libreriaelprincipito.com\/index.php?rest_route=%2Fwp%2Fv2%2Fproduct_brand&post=16506"},{"taxonomy":"product_cat","embeddable":true,"href":"https:\/\/libreriaelprincipito.com\/index.php?rest_route=%2Fwp%2Fv2%2Fproduct_cat&post=16506"},{"taxonomy":"product_tag","embeddable":true,"href":"https:\/\/libreriaelprincipito.com\/index.php?rest_route=%2Fwp%2Fv2%2Fproduct_tag&post=16506"}],"curies":[{"name":"wp","href":"https:\/\/api.w.org\/{rel}","templated":true}]}}