{"id":16566,"date":"2026-02-06T04:35:59","date_gmt":"2026-02-06T04:35:59","guid":{"rendered":"https:\/\/libreriaelprincipito.com\/?post_type=product&#038;p=16566"},"modified":"2026-02-17T20:03:38","modified_gmt":"2026-02-17T20:03:38","slug":"un-dinosaurio-en-el-cole-nivel-0","status":"publish","type":"product","link":"https:\/\/libreriaelprincipito.com\/?product=un-dinosaurio-en-el-cole-nivel-0","title":{"rendered":"UN DINOSAURIO EN EL COLE NIVEL 0"},"content":{"rendered":"<p>A Tot\u00f3, el dinosaurio, le encanta aprender cosas nuevas. Un d\u00eda conoce al peque\u00f1o Juan, que le cuenta muchas historias de su colegio, as\u00ed que Tot\u00f3 decide ir a visitarle y darle una sorpresa. Sin embargo, al principio las cosas no salen del todo bien. Ver a un dinosaurio en clase puede dar un poco de miedo. \u00bfLe descubrir\u00e1n los profesores? \u00bfLe reconocer\u00e1 su amigo Juan?<\/p>\n<p>&nbsp;<\/p>\n<p>DETALLES DEL PRODUCTO:<\/p>\n<p>ISBS: 9788467777895<\/p>\n<p>C\u00f3digo: 273180<\/p>\n<p>P\u00e1ginas: 32 p\u00e1ginas.<\/p>\n<p>Tama\u00f1o: Formato 13,7 x 20,3. Carton\u00e9 con cubierta plastificada mate y brillo<\/p>\n","protected":false},"excerpt":{"rendered":"<p>A Tot\u00f3, el dinosaurio, le encanta aprender cosas nuevas. Un d\u00eda conoce al peque\u00f1o Juan, que le cuenta muchas historias de su colegio, as\u00ed que Tot\u00f3 decide ir a visitarle y darle una sorpresa. Sin embargo, al principio las cosas no salen del todo bien. Ver a un dinosaurio en clase puede dar un poco de miedo. \u00bfLe descubrir\u00e1n los profesores? \u00bfLe reconocer\u00e1 su amigo Juan?<\/p>\n","protected":false},"featured_media":18567,"comment_status":"open","ping_status":"closed","template":"","meta":[],"product_brand":[],"product_cat":[74,81],"product_tag":[],"class_list":{"0":"post-16566","1":"product","2":"type-product","3":"status-publish","4":"has-post-thumbnail","6":"product_cat-infantil","7":"product_cat-plan-lector","9":"first","10":"instock","11":"shipping-taxable","12":"purchasable","13":"product-type-simple"},"jetpack_sharing_enabled":true,"_links":{"self":[{"href":"https:\/\/libreriaelprincipito.com\/index.php?rest_route=\/wp\/v2\/product\/16566","targetHints":{"allow":["GET"]}}],"collection":[{"href":"https:\/\/libreriaelprincipito.com\/index.php?rest_route=\/wp\/v2\/product"}],"about":[{"href":"https:\/\/libreriaelprincipito.com\/index.php?rest_route=\/wp\/v2\/types\/product"}],"replies":[{"embeddable":true,"href":"https:\/\/libreriaelprincipito.com\/index.php?rest_route=%2Fwp%2Fv2%2Fcomments&post=16566"}],"version-history":[{"count":1,"href":"https:\/\/libreriaelprincipito.com\/index.php?rest_route=\/wp\/v2\/product\/16566\/revisions"}],"predecessor-version":[{"id":16597,"href":"https:\/\/libreriaelprincipito.com\/index.php?rest_route=\/wp\/v2\/product\/16566\/revisions\/16597"}],"wp:featuredmedia":[{"embeddable":true,"href":"https:\/\/libreriaelprincipito.com\/index.php?rest_route=\/wp\/v2\/media\/18567"}],"wp:attachment":[{"href":"https:\/\/libreriaelprincipito.com\/index.php?rest_route=%2Fwp%2Fv2%2Fmedia&parent=16566"}],"wp:term":[{"taxonomy":"product_brand","embeddable":true,"href":"https:\/\/libreriaelprincipito.com\/index.php?rest_route=%2Fwp%2Fv2%2Fproduct_brand&post=16566"},{"taxonomy":"product_cat","embeddable":true,"href":"https:\/\/libreriaelprincipito.com\/index.php?rest_route=%2Fwp%2Fv2%2Fproduct_cat&post=16566"},{"taxonomy":"product_tag","embeddable":true,"href":"https:\/\/libreriaelprincipito.com\/index.php?rest_route=%2Fwp%2Fv2%2Fproduct_tag&post=16566"}],"curies":[{"name":"wp","href":"https:\/\/api.w.org\/{rel}","templated":true}]}}