{"id":16567,"date":"2026-02-06T04:35:59","date_gmt":"2026-02-06T04:35:59","guid":{"rendered":"https:\/\/libreriaelprincipito.com\/?post_type=product&#038;p=16567"},"modified":"2026-02-17T20:04:26","modified_gmt":"2026-02-17T20:04:26","slug":"el-elefante-bombero-nivel-0","status":"publish","type":"product","link":"https:\/\/libreriaelprincipito.com\/?product=el-elefante-bombero-nivel-0","title":{"rendered":"EL ELEFANTE BOMBERO NIVEL 0"},"content":{"rendered":"<p>Buba, el elefante bombero, siempre se l\u00eda cuando imita los sonidos, pero es fuerte, muy bueno y le encanta ayudar a los dem\u00e1s. As\u00ed que, junto a su amigo Pato y al sargento Mono, acudir\u00e1 a los incendios, inundaciones y cualquier otro desastre que ocurra en la ciudad. Disfruta de las divertidas historias de esta fant\u00e1stica tropa.<\/p>\n<p>&nbsp;<\/p>\n<p>DETALLES DEL PRODUCTO:<\/p>\n<p>ISBS: 9788467783568<\/p>\n<p>C\u00f3digo: 273181<\/p>\n<p>P\u00e1ginas: 32 p\u00e1ginas.<\/p>\n<p>Tama\u00f1o: Formato 13,7 x 20,3. Carton\u00e9 con cubierta plastificada mate y brillo<\/p>\n","protected":false},"excerpt":{"rendered":"<p>Buba, el elefante bombero, siempre se l\u00eda cuando imita los sonidos, pero es fuerte, muy bueno y le encanta ayudar a los dem\u00e1s. As\u00ed que, junto a su amigo Pato y al sargento Mono, acudir\u00e1 a los incendios, inundaciones y cualquier otro desastre que ocurra en la ciudad. Disfruta de las divertidas historias de esta fant\u00e1stica tropa.<\/p>\n","protected":false},"featured_media":18568,"comment_status":"open","ping_status":"closed","template":"","meta":[],"product_brand":[],"product_cat":[74,81],"product_tag":[],"class_list":{"0":"post-16567","1":"product","2":"type-product","3":"status-publish","4":"has-post-thumbnail","6":"product_cat-infantil","7":"product_cat-plan-lector","9":"first","10":"instock","11":"shipping-taxable","12":"purchasable","13":"product-type-simple"},"jetpack_sharing_enabled":true,"_links":{"self":[{"href":"https:\/\/libreriaelprincipito.com\/index.php?rest_route=\/wp\/v2\/product\/16567","targetHints":{"allow":["GET"]}}],"collection":[{"href":"https:\/\/libreriaelprincipito.com\/index.php?rest_route=\/wp\/v2\/product"}],"about":[{"href":"https:\/\/libreriaelprincipito.com\/index.php?rest_route=\/wp\/v2\/types\/product"}],"replies":[{"embeddable":true,"href":"https:\/\/libreriaelprincipito.com\/index.php?rest_route=%2Fwp%2Fv2%2Fcomments&post=16567"}],"version-history":[{"count":1,"href":"https:\/\/libreriaelprincipito.com\/index.php?rest_route=\/wp\/v2\/product\/16567\/revisions"}],"predecessor-version":[{"id":16599,"href":"https:\/\/libreriaelprincipito.com\/index.php?rest_route=\/wp\/v2\/product\/16567\/revisions\/16599"}],"wp:featuredmedia":[{"embeddable":true,"href":"https:\/\/libreriaelprincipito.com\/index.php?rest_route=\/wp\/v2\/media\/18568"}],"wp:attachment":[{"href":"https:\/\/libreriaelprincipito.com\/index.php?rest_route=%2Fwp%2Fv2%2Fmedia&parent=16567"}],"wp:term":[{"taxonomy":"product_brand","embeddable":true,"href":"https:\/\/libreriaelprincipito.com\/index.php?rest_route=%2Fwp%2Fv2%2Fproduct_brand&post=16567"},{"taxonomy":"product_cat","embeddable":true,"href":"https:\/\/libreriaelprincipito.com\/index.php?rest_route=%2Fwp%2Fv2%2Fproduct_cat&post=16567"},{"taxonomy":"product_tag","embeddable":true,"href":"https:\/\/libreriaelprincipito.com\/index.php?rest_route=%2Fwp%2Fv2%2Fproduct_tag&post=16567"}],"curies":[{"name":"wp","href":"https:\/\/api.w.org\/{rel}","templated":true}]}}