{"id":16568,"date":"2026-02-06T04:35:59","date_gmt":"2026-02-06T04:35:59","guid":{"rendered":"https:\/\/libreriaelprincipito.com\/?post_type=product&#038;p=16568"},"modified":"2026-02-17T20:05:19","modified_gmt":"2026-02-17T20:05:19","slug":"el-cerdito-cocinero-nivel-0","status":"publish","type":"product","link":"https:\/\/libreriaelprincipito.com\/?product=el-cerdito-cocinero-nivel-0","title":{"rendered":"EL CERDITO COCINERO NIVEL 0"},"content":{"rendered":"<p>A Cerdito se le plantea un reto en su restaurante. Algunos cr\u00edticos dicen que su men\u00fa es muy aburrido, pero \u00e9l no est\u00e1 de acuerdo. As\u00ed que decide invitar a varios amigos para que prueben con los ojos cerrados un \u00abnuevo men\u00fa\u00bb, \u00a1el mejor de la ciudad! Menuda sorpresa se van a llevar&#8230; Disfruta con la historia de estos animales cocineros y sus peripecias en el restaurante.<\/p>\n<p>&nbsp;<\/p>\n<p>DETALLES DEL PRODUCTO:<\/p>\n<p>ISBS: 9788467784336<\/p>\n<p>C\u00f3digo: 273182<\/p>\n<p>P\u00e1ginas: 32 p\u00e1ginas.<\/p>\n<p>Tama\u00f1o: Formato 13,7 x 20,3. Carton\u00e9 con cubierta plastificada mate y brillo<\/p>\n","protected":false},"excerpt":{"rendered":"<p>A Cerdito se le plantea un reto en su restaurante. Algunos cr\u00edticos dicen que su men\u00fa es muy aburrido, pero \u00e9l no est\u00e1 de acuerdo. As\u00ed que decide invitar a varios amigos para que prueben con los ojos cerrados un \u00abnuevo men\u00fa\u00bb, \u00a1el mejor de la ciudad! Menuda sorpresa se van a llevar&#8230; Disfruta con la historia de estos animales cocineros y sus peripecias en el restaurante.<\/p>\n","protected":false},"featured_media":18569,"comment_status":"open","ping_status":"closed","template":"","meta":[],"product_brand":[],"product_cat":[74,81],"product_tag":[],"class_list":{"0":"post-16568","1":"product","2":"type-product","3":"status-publish","4":"has-post-thumbnail","6":"product_cat-infantil","7":"product_cat-plan-lector","9":"first","10":"instock","11":"shipping-taxable","12":"purchasable","13":"product-type-simple"},"jetpack_sharing_enabled":true,"_links":{"self":[{"href":"https:\/\/libreriaelprincipito.com\/index.php?rest_route=\/wp\/v2\/product\/16568","targetHints":{"allow":["GET"]}}],"collection":[{"href":"https:\/\/libreriaelprincipito.com\/index.php?rest_route=\/wp\/v2\/product"}],"about":[{"href":"https:\/\/libreriaelprincipito.com\/index.php?rest_route=\/wp\/v2\/types\/product"}],"replies":[{"embeddable":true,"href":"https:\/\/libreriaelprincipito.com\/index.php?rest_route=%2Fwp%2Fv2%2Fcomments&post=16568"}],"version-history":[{"count":1,"href":"https:\/\/libreriaelprincipito.com\/index.php?rest_route=\/wp\/v2\/product\/16568\/revisions"}],"predecessor-version":[{"id":16601,"href":"https:\/\/libreriaelprincipito.com\/index.php?rest_route=\/wp\/v2\/product\/16568\/revisions\/16601"}],"wp:featuredmedia":[{"embeddable":true,"href":"https:\/\/libreriaelprincipito.com\/index.php?rest_route=\/wp\/v2\/media\/18569"}],"wp:attachment":[{"href":"https:\/\/libreriaelprincipito.com\/index.php?rest_route=%2Fwp%2Fv2%2Fmedia&parent=16568"}],"wp:term":[{"taxonomy":"product_brand","embeddable":true,"href":"https:\/\/libreriaelprincipito.com\/index.php?rest_route=%2Fwp%2Fv2%2Fproduct_brand&post=16568"},{"taxonomy":"product_cat","embeddable":true,"href":"https:\/\/libreriaelprincipito.com\/index.php?rest_route=%2Fwp%2Fv2%2Fproduct_cat&post=16568"},{"taxonomy":"product_tag","embeddable":true,"href":"https:\/\/libreriaelprincipito.com\/index.php?rest_route=%2Fwp%2Fv2%2Fproduct_tag&post=16568"}],"curies":[{"name":"wp","href":"https:\/\/api.w.org\/{rel}","templated":true}]}}