{"id":16569,"date":"2026-02-06T04:35:59","date_gmt":"2026-02-06T04:35:59","guid":{"rendered":"https:\/\/libreriaelprincipito.com\/?post_type=product&#038;p=16569"},"modified":"2026-02-17T20:06:20","modified_gmt":"2026-02-17T20:06:20","slug":"el-conejito-jardinero-nivel-0","status":"publish","type":"product","link":"https:\/\/libreriaelprincipito.com\/?product=el-conejito-jardinero-nivel-0","title":{"rendered":"EL CONEJITO JARDINERO NIVEL 0"},"content":{"rendered":"<p>Conejito sabe mucho de plantas, huertos y arom\u00e1ticas, pero a veces es un poco rebelde y hace lo que quiere aunque al alcalde no le guste. Eso s\u00ed, cuando sus amigos le piden consejo, \u00e9l siempre les ayuda con una sonrisa. \u00a1No te pierdas las aventuras de este simp\u00e1tico conejito!<\/p>\n<p>&nbsp;<\/p>\n<p>DETALLES DEL PRODUCTO:<\/p>\n<p>ISBS: 9788467784725<\/p>\n<p>C\u00f3digo: 273184<\/p>\n<p>P\u00e1ginas: 32 p\u00e1ginas.<\/p>\n<p>Tama\u00f1o: Formato 13,7 x 20,3. Carton\u00e9 con cubierta plastificada mate y brillo<\/p>\n","protected":false},"excerpt":{"rendered":"<p>Conejito sabe mucho de plantas, huertos y arom\u00e1ticas, pero a veces es un poco rebelde y hace lo que quiere aunque al alcalde no le guste. Eso s\u00ed, cuando sus amigos le piden consejo, \u00e9l siempre les ayuda con una sonrisa. \u00a1No te pierdas las aventuras de este simp\u00e1tico conejito!<\/p>\n","protected":false},"featured_media":18570,"comment_status":"open","ping_status":"closed","template":"","meta":[],"product_brand":[],"product_cat":[74,81],"product_tag":[],"class_list":{"0":"post-16569","1":"product","2":"type-product","3":"status-publish","4":"has-post-thumbnail","6":"product_cat-infantil","7":"product_cat-plan-lector","9":"first","10":"instock","11":"shipping-taxable","12":"purchasable","13":"product-type-simple"},"jetpack_sharing_enabled":true,"_links":{"self":[{"href":"https:\/\/libreriaelprincipito.com\/index.php?rest_route=\/wp\/v2\/product\/16569","targetHints":{"allow":["GET"]}}],"collection":[{"href":"https:\/\/libreriaelprincipito.com\/index.php?rest_route=\/wp\/v2\/product"}],"about":[{"href":"https:\/\/libreriaelprincipito.com\/index.php?rest_route=\/wp\/v2\/types\/product"}],"replies":[{"embeddable":true,"href":"https:\/\/libreriaelprincipito.com\/index.php?rest_route=%2Fwp%2Fv2%2Fcomments&post=16569"}],"version-history":[{"count":1,"href":"https:\/\/libreriaelprincipito.com\/index.php?rest_route=\/wp\/v2\/product\/16569\/revisions"}],"predecessor-version":[{"id":16603,"href":"https:\/\/libreriaelprincipito.com\/index.php?rest_route=\/wp\/v2\/product\/16569\/revisions\/16603"}],"wp:featuredmedia":[{"embeddable":true,"href":"https:\/\/libreriaelprincipito.com\/index.php?rest_route=\/wp\/v2\/media\/18570"}],"wp:attachment":[{"href":"https:\/\/libreriaelprincipito.com\/index.php?rest_route=%2Fwp%2Fv2%2Fmedia&parent=16569"}],"wp:term":[{"taxonomy":"product_brand","embeddable":true,"href":"https:\/\/libreriaelprincipito.com\/index.php?rest_route=%2Fwp%2Fv2%2Fproduct_brand&post=16569"},{"taxonomy":"product_cat","embeddable":true,"href":"https:\/\/libreriaelprincipito.com\/index.php?rest_route=%2Fwp%2Fv2%2Fproduct_cat&post=16569"},{"taxonomy":"product_tag","embeddable":true,"href":"https:\/\/libreriaelprincipito.com\/index.php?rest_route=%2Fwp%2Fv2%2Fproduct_tag&post=16569"}],"curies":[{"name":"wp","href":"https:\/\/api.w.org\/{rel}","templated":true}]}}